{"id":14024,"date":"2025-08-18T18:29:23","date_gmt":"2025-08-18T15:29:23","guid":{"rendered":"https:\/\/pesu24.ee\/?post_type=product&#038;p=14024"},"modified":"2025-12-20T14:47:38","modified_gmt":"2025-12-20T11:47:38","slug":"body-noir-handmade-f297","status":"publish","type":"product","link":"https:\/\/pesu24.ee\/en\/bodyd\/body-noir-handmade-f297\/","title":{"rendered":"Body Noir Handmade F297"},"content":{"rendered":"<p>Naudi ahvatlust selle k\u00f6itva Noir Handmade F297 body&#8217;ga, millel on nii ees kui ka taga s\u00fcgava V-kujulise kaelusega. See sensuaalne r\u00f5ivaese on t\u00e4iendatud erootilise sametise sukapaela, sametise kaelarihma ja lukuga jalgaevahega, luues unikaalse ja k\u00fctkestava kombinatsiooni.<\/p>\n<p>Body&#8217;ile lisab ekstravagantsust reguleeritav h\u00f5beda ja musta p\u00e4rliga kett, mis r\u00f5hutab kandja esiosa. See t\u00e4helepanuv\u00e4\u00e4rne detail muudab body mitte ainult r\u00f5ivaks, vaid ka sensuaalseks kunstiteoseks, mis v\u00f5imaldab Sul end v\u00e4ljendada julgelt ja enesekindlalt.<\/p>\n<p>Olgu see siis eriliseks \u00f5htuks v\u00f5i lihtsalt enda hellitamiseks, see body toob esile Sinu unikaalsuse ja paneb Sind tundma end v\u00f5rgutavana. Astu julgelt uude maailma sensuaalsusega ja avasta uusi v\u00f5imalusi enesev\u00e4ljenduseks selle lummava Noird Handmade F297 body abil.<\/p>\n<p><span style=\"color: #008000;\"><strong>KOMPLEKT SISALDAB:<\/strong><\/span><\/p>\n<ul>\n<li>body<\/li>\n<\/ul>\n<p><span style=\"color: #008000;\"><strong>DETAILS:<\/strong><\/span><\/p>\n<ul>\n<li>wet-look stiilis<\/li>\n<li>kaunistatud sensuaalse pitsiga<\/li>\n<li>jalgevahe kahepoolse lukuga avatav<\/li>\n<li>reguleeritavad sukapaelad<\/li>\n<li>kelmikas kaelakaunistus<\/li>\n<li>kaunistatud sensuaalse pitsiga<\/li>\n<li>mugav ja elastne kangas (90% pol\u00fcamiid; 10% elastaan)<\/li>\n<\/ul>","protected":false},"excerpt":{"rendered":"<p>&#46;&#46;&#46;<\/p>","protected":false},"featured_media":14243,"comment_status":"open","ping_status":"closed","template":"","meta":{"_glsr_average":0,"_glsr_ranking":0,"_glsr_reviews":0},"product_brand":[501],"product_cat":[89],"product_tag":[398,218],"class_list":{"0":"post-14024","1":"product","2":"type-product","3":"status-publish","4":"has-post-thumbnail","6":"product_brand-noir-handmade","7":"product_cat-bodyd","8":"product_tag-latekspesu","9":"product_tag-noir-handmade","10":"pa_suurus-l","11":"pa_suurus-m","12":"pa_suurus-s","13":"pa_suurus-xl","14":"pa_varvus-must","16":"first","17":"instock","18":"sold-individually","19":"taxable","20":"shipping-taxable","21":"purchasable","22":"product-type-variable"},"_links":{"self":[{"href":"https:\/\/pesu24.ee\/en\/wp-json\/wp\/v2\/product\/14024","targetHints":{"allow":["GET"]}}],"collection":[{"href":"https:\/\/pesu24.ee\/en\/wp-json\/wp\/v2\/product"}],"about":[{"href":"https:\/\/pesu24.ee\/en\/wp-json\/wp\/v2\/types\/product"}],"replies":[{"embeddable":true,"href":"https:\/\/pesu24.ee\/en\/wp-json\/wp\/v2\/comments?post=14024"}],"wp:featuredmedia":[{"embeddable":true,"href":"https:\/\/pesu24.ee\/en\/wp-json\/wp\/v2\/media\/14243"}],"wp:attachment":[{"href":"https:\/\/pesu24.ee\/en\/wp-json\/wp\/v2\/media?parent=14024"}],"wp:term":[{"taxonomy":"product_brand","embeddable":true,"href":"https:\/\/pesu24.ee\/en\/wp-json\/wp\/v2\/product_brand?post=14024"},{"taxonomy":"product_cat","embeddable":true,"href":"https:\/\/pesu24.ee\/en\/wp-json\/wp\/v2\/product_cat?post=14024"},{"taxonomy":"product_tag","embeddable":true,"href":"https:\/\/pesu24.ee\/en\/wp-json\/wp\/v2\/product_tag?post=14024"}],"curies":[{"name":"wp","href":"https:\/\/api.w.org\/{rel}","templated":true}]}}