{"id":14025,"date":"2025-08-18T18:29:23","date_gmt":"2025-08-18T15:29:23","guid":{"rendered":"https:\/\/pesu24.ee\/?post_type=product&#038;p=14025"},"modified":"2025-12-15T15:34:51","modified_gmt":"2025-12-15T12:34:51","slug":"body-noir-handmade-f314","status":"publish","type":"product","link":"https:\/\/pesu24.ee\/en\/bodyd\/body-noir-handmade-f314\/","title":{"rendered":"Body Noir Handmade F314"},"content":{"rendered":"<p>Lummav ja kehakumerusi r\u00f5hutav \u2013 see ahvatlev \u00f5iemustriga body on loodud selleks, et v\u00f5luda ja esile tuua Sinu kumerusi. Bodyil on avatud \u00f5lad ja peidetud 3-suunaline lukk, avades ukse l\u00f5putute v\u00f5imaluste maailma.<\/p>\n<p>\u00d5ie mustriga muster annab body&#8217;ile romantilise ja samas m\u00e4ngulise ilme, samal ajal kui avatud \u00f5lad toovad esile Sinu sensuaalsuse. Peidetud 3-suunaline lukk v\u00f5imaldab sul kohandada oma stiili ja avastada erinevaid kandmisv\u00f5imalusi.<\/p>\n<p>See body on ideaalne valik nendeks hetkedeks, kui soovid tunda end v\u00f5rgutavalt ja enesekindlalt. Astu julgelt uude kogemuste maailma selle lummava body&#8217;ga, mis kutsub esile Sinu m\u00e4ngulise ja k\u00fctkestava poole.<\/p>\n<p><span style=\"color: #008000;\"><strong>KOMPLEKT SISALDAB:<\/strong><\/span><\/p>\n<ul>\n<li>body<\/li>\n<\/ul>\n<p><span style=\"color: #008000;\"><strong>DETAILS:<\/strong><\/span><\/p>\n<ul>\n<li>valmistatud pooll\u00e4bipaistvast kangast<\/li>\n<li>kaunistatud lillemotiiviga<\/li>\n<li>eest lukuga avatav<\/li>\n<li>\u00fcmber kaela kinnituv<\/li>\n<li>mugav ja elastne kangas (86% pol\u00fcester; 14% elastaan)<\/li>\n<\/ul>","protected":false},"excerpt":{"rendered":"<p>&#46;&#46;&#46;<\/p>","protected":false},"featured_media":14249,"comment_status":"open","ping_status":"closed","template":"","meta":{"_glsr_average":0,"_glsr_ranking":0,"_glsr_reviews":0},"product_brand":[501],"product_cat":[89],"product_tag":[398,218],"class_list":{"0":"post-14025","1":"product","2":"type-product","3":"status-publish","4":"has-post-thumbnail","6":"product_brand-noir-handmade","7":"product_cat-bodyd","8":"product_tag-latekspesu","9":"product_tag-noir-handmade","10":"pa_suurus-l","11":"pa_suurus-m","12":"pa_suurus-s","13":"pa_suurus-xl","14":"pa_varvus-must","16":"first","17":"instock","18":"sold-individually","19":"taxable","20":"shipping-taxable","21":"purchasable","22":"product-type-variable"},"_links":{"self":[{"href":"https:\/\/pesu24.ee\/en\/wp-json\/wp\/v2\/product\/14025","targetHints":{"allow":["GET"]}}],"collection":[{"href":"https:\/\/pesu24.ee\/en\/wp-json\/wp\/v2\/product"}],"about":[{"href":"https:\/\/pesu24.ee\/en\/wp-json\/wp\/v2\/types\/product"}],"replies":[{"embeddable":true,"href":"https:\/\/pesu24.ee\/en\/wp-json\/wp\/v2\/comments?post=14025"}],"wp:featuredmedia":[{"embeddable":true,"href":"https:\/\/pesu24.ee\/en\/wp-json\/wp\/v2\/media\/14249"}],"wp:attachment":[{"href":"https:\/\/pesu24.ee\/en\/wp-json\/wp\/v2\/media?parent=14025"}],"wp:term":[{"taxonomy":"product_brand","embeddable":true,"href":"https:\/\/pesu24.ee\/en\/wp-json\/wp\/v2\/product_brand?post=14025"},{"taxonomy":"product_cat","embeddable":true,"href":"https:\/\/pesu24.ee\/en\/wp-json\/wp\/v2\/product_cat?post=14025"},{"taxonomy":"product_tag","embeddable":true,"href":"https:\/\/pesu24.ee\/en\/wp-json\/wp\/v2\/product_tag?post=14025"}],"curies":[{"name":"wp","href":"https:\/\/api.w.org\/{rel}","templated":true}]}}