{"id":14047,"date":"2025-08-18T18:30:20","date_gmt":"2025-08-18T15:30:20","guid":{"rendered":"https:\/\/pesu24.ee\/?post_type=product&#038;p=14047"},"modified":"2025-10-18T16:41:16","modified_gmt":"2025-10-18T13:41:16","slug":"body-obsessive-nesari","status":"publish","type":"product","link":"https:\/\/pesu24.ee\/en\/bodyd\/body-obsessive-nesari\/","title":{"rendered":"Body Obsessive Nesari"},"content":{"rendered":"<p>Koge aja peatumist ja s\u00fcdame kiiremat tuksatust kui kannate Obsessive Nesari body&#8217;t &#8211; see on segu elegantsist ja sensuaalsest iseloomust. Body peen v\u00f5rk ja sile must kangas tagavad mugavuse ja t\u00e4iusliku sobivuse. Topelt \u00f5lapaelad r\u00f5hutavad b\u00fcsti, samal ajal kui avatud l\u00f5ige lisab veidi v\u00fcrtsi.<\/p>\n<p>Obsessive Nesari body pakub unikaalset naudingut, avades tee t\u00e4iesti uuele tunnetusel.! Lisage oma garderoobi see s\u00e4ravalt sensuaalne ese ja looge hetki, mis j\u00e4\u00e4vad alatiseks meelde.<\/p>\n<p>Tutvuge ka teiste <a href=\"https:\/\/pesu24.ee\/en\/omadus\/obsessive-nesari\/\">Obsessive Nesari<\/a> pesukollektsiooni toodetega.<\/p>\n<p><span style=\"color: #008000;\"><strong>KOMPLEKT SISALDAB:<\/strong><\/span><\/p>\n<ul>\n<li>body<\/li>\n<\/ul>\n<p><span style=\"color: #008000;\"><strong>DETAILS:<\/strong><\/span><\/p>\n<ul>\n<li>unikaalne body<\/li>\n<li>taga astmeline kinnitus<\/li>\n<li>topelt reguleeritavad \u00f5lapaelad<\/li>\n<li>avatud jalgevahe<\/li>\n<li>mugav &amp; elastne kangas (85% pol\u00fcamiid &amp; 15% elastaan)<\/li>\n<\/ul>","protected":false},"excerpt":{"rendered":"<p>&#46;&#46;&#46;<\/p>","protected":false},"featured_media":14271,"comment_status":"open","ping_status":"closed","template":"","meta":{"_glsr_average":0,"_glsr_ranking":0,"_glsr_reviews":0},"product_brand":[500],"product_cat":[89],"product_tag":[160,463],"class_list":{"0":"post-14047","1":"product","2":"type-product","3":"status-publish","4":"has-post-thumbnail","6":"product_brand-obsessive","7":"product_cat-bodyd","8":"product_tag-obsessive","9":"product_tag-obsessive-nesari","10":"pa_suurus-m-l","11":"pa_suurus-xl-xxl","12":"pa_suurus-xs-s","13":"pa_varvus-must","15":"first","16":"instock","17":"sold-individually","18":"taxable","19":"shipping-taxable","20":"purchasable","21":"product-type-variable"},"_links":{"self":[{"href":"https:\/\/pesu24.ee\/en\/wp-json\/wp\/v2\/product\/14047","targetHints":{"allow":["GET"]}}],"collection":[{"href":"https:\/\/pesu24.ee\/en\/wp-json\/wp\/v2\/product"}],"about":[{"href":"https:\/\/pesu24.ee\/en\/wp-json\/wp\/v2\/types\/product"}],"replies":[{"embeddable":true,"href":"https:\/\/pesu24.ee\/en\/wp-json\/wp\/v2\/comments?post=14047"}],"wp:featuredmedia":[{"embeddable":true,"href":"https:\/\/pesu24.ee\/en\/wp-json\/wp\/v2\/media\/14271"}],"wp:attachment":[{"href":"https:\/\/pesu24.ee\/en\/wp-json\/wp\/v2\/media?parent=14047"}],"wp:term":[{"taxonomy":"product_brand","embeddable":true,"href":"https:\/\/pesu24.ee\/en\/wp-json\/wp\/v2\/product_brand?post=14047"},{"taxonomy":"product_cat","embeddable":true,"href":"https:\/\/pesu24.ee\/en\/wp-json\/wp\/v2\/product_cat?post=14047"},{"taxonomy":"product_tag","embeddable":true,"href":"https:\/\/pesu24.ee\/en\/wp-json\/wp\/v2\/product_tag?post=14047"}],"curies":[{"name":"wp","href":"https:\/\/api.w.org\/{rel}","templated":true}]}}