{"id":14048,"date":"2025-08-18T18:30:20","date_gmt":"2025-08-18T15:30:20","guid":{"rendered":"https:\/\/pesu24.ee\/?post_type=product&#038;p=14048"},"modified":"2025-12-17T23:05:55","modified_gmt":"2025-12-17T20:05:55","slug":"body-obsessive-b336","status":"publish","type":"product","link":"https:\/\/pesu24.ee\/en\/bodyd\/body-obsessive-b336\/","title":{"rendered":"Body Obsessive B336"},"content":{"rendered":"<p>Tahaksid j\u00e4rgmiseks kohtumiseks oma kallimaga luua v\u00fcrtsikat \u00f5hkkonda? Avatud jalgevahega body Obsessive B336 on imeliste hetkede garantii, mida m\u00e4letad veel pikka aega.<\/p>\n<p>Selle ainulaadne disain katavad su naha sensuaalse v\u00f5rgu ja intrigeeriva musta motiiviga. Lisaks r\u00f5hutab body imeliselt su figuuri ning te ei soovigi seda enam seljast v\u00f5tta.<\/p>\n<p><span style=\"color: #008000;\"><strong>KOMPLEKT SISALDAB:<\/strong><\/span><\/p>\n<ul>\n<li>body<\/li>\n<\/ul>\n<p><span style=\"color: #008000;\"><strong>DETAILS:<\/strong><\/span><\/p>\n<ul>\n<li>kelmika disainiga body<\/li>\n<li>avatud jalgevahe<\/li>\n<li>saadaval universaalsuuruses &#8211; S\/M\/L<\/li>\n<li>mugav &amp; elastne kangas (88% pol\u00fcamiid &amp; 12% elastaan)<\/li>\n<\/ul>","protected":false},"excerpt":{"rendered":"<p>&#46;&#46;&#46;<\/p>","protected":false},"featured_media":14280,"comment_status":"open","ping_status":"closed","template":"","meta":{"_glsr_average":0,"_glsr_ranking":0,"_glsr_reviews":0},"product_brand":[500],"product_cat":[89],"product_tag":[160],"class_list":{"0":"post-14048","1":"product","2":"type-product","3":"status-publish","4":"has-post-thumbnail","6":"product_brand-obsessive","7":"product_cat-bodyd","8":"product_tag-obsessive","9":"pa_suurus-universaalsuurus","10":"pa_varvus-must","12":"first","13":"instock","14":"sold-individually","15":"taxable","16":"shipping-taxable","17":"purchasable","18":"product-type-simple"},"_links":{"self":[{"href":"https:\/\/pesu24.ee\/en\/wp-json\/wp\/v2\/product\/14048","targetHints":{"allow":["GET"]}}],"collection":[{"href":"https:\/\/pesu24.ee\/en\/wp-json\/wp\/v2\/product"}],"about":[{"href":"https:\/\/pesu24.ee\/en\/wp-json\/wp\/v2\/types\/product"}],"replies":[{"embeddable":true,"href":"https:\/\/pesu24.ee\/en\/wp-json\/wp\/v2\/comments?post=14048"}],"wp:featuredmedia":[{"embeddable":true,"href":"https:\/\/pesu24.ee\/en\/wp-json\/wp\/v2\/media\/14280"}],"wp:attachment":[{"href":"https:\/\/pesu24.ee\/en\/wp-json\/wp\/v2\/media?parent=14048"}],"wp:term":[{"taxonomy":"product_brand","embeddable":true,"href":"https:\/\/pesu24.ee\/en\/wp-json\/wp\/v2\/product_brand?post=14048"},{"taxonomy":"product_cat","embeddable":true,"href":"https:\/\/pesu24.ee\/en\/wp-json\/wp\/v2\/product_cat?post=14048"},{"taxonomy":"product_tag","embeddable":true,"href":"https:\/\/pesu24.ee\/en\/wp-json\/wp\/v2\/product_tag?post=14048"}],"curies":[{"name":"wp","href":"https:\/\/api.w.org\/{rel}","templated":true}]}}