{"id":14055,"date":"2025-08-18T18:30:44","date_gmt":"2025-08-18T15:30:44","guid":{"rendered":"https:\/\/pesu24.ee\/?post_type=product&#038;p=14055"},"modified":"2025-08-20T15:02:46","modified_gmt":"2025-08-20T12:02:46","slug":"body-beauty-night-leonela","status":"publish","type":"product","link":"https:\/\/pesu24.ee\/en\/bodyd\/body-beauty-night-leonela\/","title":{"rendered":"Body Beauty Night Leonela"},"content":{"rendered":"<p>Avasta esteetiline ja elegantne Beauty Night Leonela body, mis v\u00e4ljendab sensuaalsust ja kvaliteeti. See musta v\u00e4rvi body on loodud esile tooma naiselikkust l\u00e4bi unikaalse disaini ja luksuslike materjalide.<\/p>\n<p>Leonela body r\u00f5hutab teie figuuri ja toob esile keha graatsilisuse. Reguleeritavad \u00f5la- ja seljapaelad tagavad t\u00e4pse sobivuse, muutes selle pesukomplekti ideaalseks valikuks enesekindlale ja stiilsele naisele. \u00dcllatage oma partnerit selle kelmika ja seksika body&#8217;ga!<\/p>\n<p><span style=\"color: #008000;\"><strong>KOMPLEKT SISALDAB:<\/strong><\/span><\/p>\n<ul>\n<li>body<\/li>\n<li>NB! sukad ei kuulu komplekti, kuid soovi korral saab need osta. Selleks tutvu <a href=\"https:\/\/pesu24.ee\/en\/sukad\/\">sukkade valikuga<\/a>.\n<\/ul>\n<p><span style=\"color: #008000;\"><strong>DETAILS:<\/strong><\/span><\/p>\n<ul>\n<li>rinnakorvil tugikaared<\/li>\n<li>reguleeritavad \u00f5la- ja seljapaelad<\/li>\n<li>v\u00e4ga seksikas disain<\/li>\n<li>kaunistatud lummava pitsiga<\/li>\n<li>valmistatud mugavast &amp; elastsest kangast (88% pol\u00fcester ja 12% elastaan)<\/li>\n<\/ul>","protected":false},"excerpt":{"rendered":"<p>&#46;&#46;&#46;<\/p>","protected":false},"featured_media":14286,"comment_status":"open","ping_status":"closed","template":"","meta":{"_glsr_average":0,"_glsr_ranking":0,"_glsr_reviews":0},"product_brand":[503],"product_cat":[89],"product_tag":[403,467],"class_list":{"0":"post-14055","1":"product","2":"type-product","3":"status-publish","4":"has-post-thumbnail","6":"product_brand-beauty-night","7":"product_cat-bodyd","8":"product_tag-beauty-night","9":"product_tag-leonela","10":"pa_suurus-l-xl","11":"pa_suurus-s-m","12":"pa_varvus-must","14":"first","15":"instock","16":"sold-individually","17":"taxable","18":"shipping-taxable","19":"purchasable","20":"product-type-variable"},"_links":{"self":[{"href":"https:\/\/pesu24.ee\/en\/wp-json\/wp\/v2\/product\/14055","targetHints":{"allow":["GET"]}}],"collection":[{"href":"https:\/\/pesu24.ee\/en\/wp-json\/wp\/v2\/product"}],"about":[{"href":"https:\/\/pesu24.ee\/en\/wp-json\/wp\/v2\/types\/product"}],"replies":[{"embeddable":true,"href":"https:\/\/pesu24.ee\/en\/wp-json\/wp\/v2\/comments?post=14055"}],"wp:featuredmedia":[{"embeddable":true,"href":"https:\/\/pesu24.ee\/en\/wp-json\/wp\/v2\/media\/14286"}],"wp:attachment":[{"href":"https:\/\/pesu24.ee\/en\/wp-json\/wp\/v2\/media?parent=14055"}],"wp:term":[{"taxonomy":"product_brand","embeddable":true,"href":"https:\/\/pesu24.ee\/en\/wp-json\/wp\/v2\/product_brand?post=14055"},{"taxonomy":"product_cat","embeddable":true,"href":"https:\/\/pesu24.ee\/en\/wp-json\/wp\/v2\/product_cat?post=14055"},{"taxonomy":"product_tag","embeddable":true,"href":"https:\/\/pesu24.ee\/en\/wp-json\/wp\/v2\/product_tag?post=14055"}],"curies":[{"name":"wp","href":"https:\/\/api.w.org\/{rel}","templated":true}]}}