{"id":14114,"date":"2025-08-18T18:32:29","date_gmt":"2025-08-18T15:32:29","guid":{"rendered":"https:\/\/pesu24.ee\/?post_type=product&#038;p=14114"},"modified":"2026-02-19T10:15:53","modified_gmt":"2026-02-19T08:15:53","slug":"avatud-body-obsessive-blomentis","status":"publish","type":"product","link":"https:\/\/pesu24.ee\/en\/bodyd\/avatud-body-obsessive-blomentis\/","title":{"rendered":"Avatud body Obsessive Blomentis"},"content":{"rendered":"<p>Lase oma m\u00e4ngulisel poolel esile tulla Obsessive Blomentis avatud bodyga. See eksklusiivne body, mis on valmistatud l\u00e4bipaistvast kangast ja kaunistatud elegantse pitsiga, j\u00e4rgib t\u00e4iuslikult sinu keha kumerusi, r\u00f5hutades sinu loomulikku ilu. Iga detail on loodud selleks, et sa tunneksid end enesekindla ja veetlevana.<\/p>\n<p>Blomentis body s\u00fcgav V-kaelus ja avatud jalgevahe lisavad sinu v\u00e4limusele vallatust ja julgust, andes sulle v\u00f5imaluse v\u00e4ljendada oma sensuaalset poolt. See pesu on ideaalne valik, kui soovid tuua oma \u00f6\u00f6desse veidi rohkem p\u00f5nevust ja kirge, pakkudes samal ajal mugavust ja stiili.<\/p>\n<p>Koos Blomentis bodyga lood dueti, mis s\u00fctitab kirge ja muudab iga hetke meeldej\u00e4\u00e4vaks. Olgu see eriline s\u00fcndmus v\u00f5i lihtsalt soov midagi unikaalset kanda, see body lisab sinu garderoobi m\u00e4ngulist ja julget nooti, j\u00e4ttes sind vastupandamatuks.<\/p>\n<p>Tutvuge ka teiste <a href=\"https:\/\/pesu24.ee\/en\/omadus\/obsessive-blomentis\/\">Obsessive Blomentis<\/a> pesukollektsiooni toodetega.<\/p>\n<p><span style=\"color: #008000;\"><strong>KOMPLEKT SISALDAB:<\/strong><\/span><\/p>\n<ul>\n<li>body<\/li>\n<\/ul>\n<p><span style=\"color: #008000;\"><strong>DETAILS:<\/strong><\/span><\/p>\n<ul>\n<li>must kelmikas body<\/li>\n<li>avatud jalgevahe<\/li>\n<li>reguleeritavad \u00f5lapaelad<\/li>\n<li>taga astmeline kinnitus<\/li>\n<li>avatud selg<\/li>\n<li>mugav &amp; elastne kangas (94% pol\u00fcamiid &amp; 6% elastaan)<\/li>\n<\/ul>","protected":false},"excerpt":{"rendered":"<p>&#46;&#46;&#46;<\/p>","protected":false},"featured_media":14345,"comment_status":"open","ping_status":"closed","template":"","meta":{"_glsr_average":0,"_glsr_ranking":0,"_glsr_reviews":0},"product_brand":[500],"product_cat":[89],"product_tag":[160,470],"class_list":{"0":"post-14114","1":"product","2":"type-product","3":"status-publish","4":"has-post-thumbnail","6":"product_brand-obsessive","7":"product_cat-bodyd","8":"product_tag-obsessive","9":"product_tag-obsessive-blomentis","10":"pa_suurus-m-l","11":"pa_suurus-xs-s","12":"pa_varvus-must","14":"first","15":"instock","16":"sold-individually","17":"taxable","18":"shipping-taxable","19":"purchasable","20":"product-type-variable"},"_links":{"self":[{"href":"https:\/\/pesu24.ee\/en\/wp-json\/wp\/v2\/product\/14114","targetHints":{"allow":["GET"]}}],"collection":[{"href":"https:\/\/pesu24.ee\/en\/wp-json\/wp\/v2\/product"}],"about":[{"href":"https:\/\/pesu24.ee\/en\/wp-json\/wp\/v2\/types\/product"}],"replies":[{"embeddable":true,"href":"https:\/\/pesu24.ee\/en\/wp-json\/wp\/v2\/comments?post=14114"}],"wp:featuredmedia":[{"embeddable":true,"href":"https:\/\/pesu24.ee\/en\/wp-json\/wp\/v2\/media\/14345"}],"wp:attachment":[{"href":"https:\/\/pesu24.ee\/en\/wp-json\/wp\/v2\/media?parent=14114"}],"wp:term":[{"taxonomy":"product_brand","embeddable":true,"href":"https:\/\/pesu24.ee\/en\/wp-json\/wp\/v2\/product_brand?post=14114"},{"taxonomy":"product_cat","embeddable":true,"href":"https:\/\/pesu24.ee\/en\/wp-json\/wp\/v2\/product_cat?post=14114"},{"taxonomy":"product_tag","embeddable":true,"href":"https:\/\/pesu24.ee\/en\/wp-json\/wp\/v2\/product_tag?post=14114"}],"curies":[{"name":"wp","href":"https:\/\/api.w.org\/{rel}","templated":true}]}}