{"id":14129,"date":"2025-08-18T18:32:50","date_gmt":"2025-08-18T15:32:50","guid":{"rendered":"https:\/\/pesu24.ee\/?post_type=product&#038;p=14129"},"modified":"2025-08-20T14:55:13","modified_gmt":"2025-08-20T11:55:13","slug":"body-obsessive-aliosa","status":"publish","type":"product","link":"https:\/\/pesu24.ee\/en\/bodyd\/body-obsessive-aliosa\/","title":{"rendered":"Body Obsessive Aliosa"},"content":{"rendered":"<p>Obsessive Aliosa body on unikaalne ja luksuslik r\u00f5ivaese, mis \u00fchendab endas sensuaalsuse ja elegantsi. Selle kaunis l\u00e4bikumav pitsist disain r\u00f5hutab kauneid kehajooni ning lisab igale kandjale enesekindlust ja v\u00f5lu. Delikaatsed tikandid ja \u00f5rnad detailid muudavad selle body ideaaliks, et tuua oma garderoobi esile midagi erilist ja pilkup\u00fc\u00fcdvat.<\/p>\n<p>Body on disainitud pakkuma maksimaalset mugavust, t\u00e4nu hoolikalt valitud materjalidele, mis on pehmed ja meeldivad nahale. Keha j\u00e4rgiva l\u00f5ikega r\u00f5hutab see riideese figuuri loomulikku ilu ning samal ajal tagab, et kandja tunneks end mugavalt ja stiilselt. Kvaliteetne pits ja vastupidavad materjalid tagavad, et body sobib suurep\u00e4raselt kandmiseks nii eriliseks s\u00fcndmuseks kui ka igap\u00e4evaseks enesehellituseks.<\/p>\n<p>Obsessive Aliosa body on ideaalne valik neile, kes soovivad lisada oma pesukollektsiooni midagi elegantset ja luksuslikku. See r\u00f5hutab naiselikkust ja sensuaalsust, pakkudes v\u00f5imalust tunda end \u00fcheaegselt nii enesekindla kui ka v\u00f5rgutavana.<\/p>\n<p>Tutvuge ka teiste <a href=\"https:\/\/pesu24.ee\/en\/omadus\/obsessive-aliosa\/\">Obsessive Aliosa<\/a>\u00a0pesukollektsiooni toodetega.<\/p>\n<p><span style=\"color: #008000;\"><strong>KOMPLEKT SISALDAB:<\/strong><\/span><\/p>\n<ul>\n<li>body<\/li>\n<\/ul>\n<p><span style=\"color: #008000;\"><strong>DETAILS:<\/strong><\/span><\/p>\n<ul>\n<li>kaunistatud elegantse pitsiga<\/li>\n<li>rinnakorvil tugikaared<\/li>\n<li>taga astmeline kinnitus<\/li>\n<li>body alt avatav (astmeline kinnitus)<\/li>\n<li>reguleeritavad \u00f5lapaelad<\/li>\n<li>ees ripats<\/li>\n<li>mugav ja elastne kangas (90% pol\u00fcamiid, 10% elastaan)<\/li>\n<\/ul>","protected":false},"excerpt":{"rendered":"<p>&#46;&#46;&#46;<\/p>","protected":false},"featured_media":14351,"comment_status":"open","ping_status":"closed","template":"","meta":{"_glsr_average":0,"_glsr_ranking":0,"_glsr_reviews":0},"product_brand":[500],"product_cat":[89],"product_tag":[160,477],"class_list":{"0":"post-14129","1":"product","2":"type-product","3":"status-publish","4":"has-post-thumbnail","6":"product_brand-obsessive","7":"product_cat-bodyd","8":"product_tag-obsessive","9":"product_tag-obsessive-aliosa","10":"pa_suurus-l-xl","11":"pa_suurus-s-m","12":"pa_suurus-xxl-xxxl","13":"pa_varvus-punane","15":"first","16":"instock","17":"sold-individually","18":"taxable","19":"shipping-taxable","20":"purchasable","21":"product-type-variable"},"_links":{"self":[{"href":"https:\/\/pesu24.ee\/en\/wp-json\/wp\/v2\/product\/14129","targetHints":{"allow":["GET"]}}],"collection":[{"href":"https:\/\/pesu24.ee\/en\/wp-json\/wp\/v2\/product"}],"about":[{"href":"https:\/\/pesu24.ee\/en\/wp-json\/wp\/v2\/types\/product"}],"replies":[{"embeddable":true,"href":"https:\/\/pesu24.ee\/en\/wp-json\/wp\/v2\/comments?post=14129"}],"wp:featuredmedia":[{"embeddable":true,"href":"https:\/\/pesu24.ee\/en\/wp-json\/wp\/v2\/media\/14351"}],"wp:attachment":[{"href":"https:\/\/pesu24.ee\/en\/wp-json\/wp\/v2\/media?parent=14129"}],"wp:term":[{"taxonomy":"product_brand","embeddable":true,"href":"https:\/\/pesu24.ee\/en\/wp-json\/wp\/v2\/product_brand?post=14129"},{"taxonomy":"product_cat","embeddable":true,"href":"https:\/\/pesu24.ee\/en\/wp-json\/wp\/v2\/product_cat?post=14129"},{"taxonomy":"product_tag","embeddable":true,"href":"https:\/\/pesu24.ee\/en\/wp-json\/wp\/v2\/product_tag?post=14129"}],"curies":[{"name":"wp","href":"https:\/\/api.w.org\/{rel}","templated":true}]}}