{"id":14130,"date":"2025-08-18T18:32:50","date_gmt":"2025-08-18T15:32:50","guid":{"rendered":"https:\/\/pesu24.ee\/?post_type=product&#038;p=14130"},"modified":"2025-08-21T15:23:24","modified_gmt":"2025-08-21T12:23:24","slug":"avatud-body-obsessive-dame-controle","status":"publish","type":"product","link":"https:\/\/pesu24.ee\/en\/bodyd\/avatud-body-obsessive-dame-controle\/","title":{"rendered":"Avatud body Obsessive Dame Controle"},"content":{"rendered":"<p>Body Obsessive Dame Controle on julge ja sensuaalne pesu, mis \u00fchendab endas stiili ja mugavuse. Must \u00f6konahast body avatud jalgevahega disainiga on loodud neile, kes soovivad v\u00e4ljendada oma enesekindlust ja naiselikku energiat. Mitmed reguleeritavad selja- ja v\u00f6\u00f6koharihmad tagavad ideaalse istuvuse, r\u00f5hutades iga keha kurvi.<\/p>\n<p>Elegantsete h\u00f5bedaste metallist detailidega ja nikkelivaba materjal tagab naha ohutuse ja kandmismugavuse. See ainulaadne pesu on valmistatud kvaliteetsest pol\u00fcuretaanist ja disainitud Euroopa Liidus, et pakkuda luksuslikku ja provokatiivset kogemust. Body Obsessive Dame Controle on ideaalne valik neile, kes soovivad lisada oma garderoobi julgust ja elegantsi.<\/p>\n<p><span style=\"color: #008000;\"><strong>KOMPLEKT SISALDAB:<\/strong><\/span><\/p>\n<ul>\n<li>body<\/li>\n<\/ul>\n<p><span style=\"color: #008000;\"><strong>DETAILS:<\/strong><\/span><\/p>\n<ul>\n<li>avatud jalgevahe<\/li>\n<li>reguleeritavad selja- ja v\u00f6\u00f6koharihmad<\/li>\n<li>niklivaba metall<\/li>\n<li>saadaval universaalsuuruses (S\/M\/L)<\/li>\n<li>materjal 100% pol\u00fcuretaan<\/li>\n<\/ul>","protected":false},"excerpt":{"rendered":"<p>&#46;&#46;&#46;<\/p>","protected":false},"featured_media":14357,"comment_status":"open","ping_status":"closed","template":"","meta":{"_glsr_average":0,"_glsr_ranking":0,"_glsr_reviews":0},"product_brand":[500],"product_cat":[89],"product_tag":[160],"class_list":{"0":"post-14130","1":"product","2":"type-product","3":"status-publish","4":"has-post-thumbnail","6":"product_brand-obsessive","7":"product_cat-bodyd","8":"product_tag-obsessive","9":"pa_suurus-universaalsuurus","10":"pa_varvus-must","12":"first","13":"instock","14":"sold-individually","15":"taxable","16":"shipping-taxable","17":"purchasable","18":"product-type-simple"},"_links":{"self":[{"href":"https:\/\/pesu24.ee\/en\/wp-json\/wp\/v2\/product\/14130","targetHints":{"allow":["GET"]}}],"collection":[{"href":"https:\/\/pesu24.ee\/en\/wp-json\/wp\/v2\/product"}],"about":[{"href":"https:\/\/pesu24.ee\/en\/wp-json\/wp\/v2\/types\/product"}],"replies":[{"embeddable":true,"href":"https:\/\/pesu24.ee\/en\/wp-json\/wp\/v2\/comments?post=14130"}],"wp:featuredmedia":[{"embeddable":true,"href":"https:\/\/pesu24.ee\/en\/wp-json\/wp\/v2\/media\/14357"}],"wp:attachment":[{"href":"https:\/\/pesu24.ee\/en\/wp-json\/wp\/v2\/media?parent=14130"}],"wp:term":[{"taxonomy":"product_brand","embeddable":true,"href":"https:\/\/pesu24.ee\/en\/wp-json\/wp\/v2\/product_brand?post=14130"},{"taxonomy":"product_cat","embeddable":true,"href":"https:\/\/pesu24.ee\/en\/wp-json\/wp\/v2\/product_cat?post=14130"},{"taxonomy":"product_tag","embeddable":true,"href":"https:\/\/pesu24.ee\/en\/wp-json\/wp\/v2\/product_tag?post=14130"}],"curies":[{"name":"wp","href":"https:\/\/api.w.org\/{rel}","templated":true}]}}