{"id":14151,"date":"2025-08-18T18:33:20","date_gmt":"2025-08-18T15:33:20","guid":{"rendered":"https:\/\/pesu24.ee\/?post_type=product&#038;p=14151"},"modified":"2026-01-03T00:22:50","modified_gmt":"2026-01-02T21:22:50","slug":"body-beauty-night-rafaella","status":"publish","type":"product","link":"https:\/\/pesu24.ee\/en\/bodyd\/body-beauty-night-rafaella\/","title":{"rendered":"Body Beauty Night Rafaella"},"content":{"rendered":"<p>Body Beauty Night Rafaella on elegantne ja sensuaalne pesu, mis on loodud erilisteks hetkeks. See body on valmistatud kauni pitsi, t\u00fclli ja wetlook-materjali kombinatsioonist, mis r\u00f5hutab kaunilt figuuri ja lisab kandjale rafineeritud v\u00f5lu. Eesmine avatud disain, mida kaunistavad pitsi- ja t\u00fcllidetailid, loob peene ja v\u00f5rgutava ilme, samas kui \u00f5rnade pitsidega kaetud korvid toovad esile rinnad delikaatsel moel.<\/p>\n<p>Tagak\u00fcljel asuvad m\u00e4ngulised volangid lisavad body&#8217;le kerge ja naiseliku puudutuse, samal ajal kui reguleeritavad \u00f5lapaelad tagavad kandmismugavuse. Body Beauty Night Rafaella on ideaalne valik romantilisteks \u00f5htuteks ja erilisteks s\u00fcndmusteks, pakkudes t\u00e4iuslikku tasakaalu elegantsi ja sensuaalsuse vahel. Stiilne kinkepakend teeb sellest ka suurep\u00e4rase kingituse, mis kindlasti lummab.<\/p>\n<p><span style=\"color: #008000;\"><strong>KOMPLEKT SISALDAB:<\/strong><\/span><\/p>\n<ul>\n<li>body<\/li>\n<\/ul>\n<p><span style=\"color: #008000;\"><strong>DETAILS:<\/strong><\/span><\/p>\n<ul>\n<li>valmistatud t\u00fcllist ja wetlook materjalist<\/li>\n<li>rinnakorvil tugikaared<\/li>\n<li>reguleeritavad \u00f5lapaelad<\/li>\n<li>taga astmeline kinnitus<\/li>\n<li>avatud jalgevahe<\/li>\n<li>mugav ja elastne kangas (88% pol\u00fcester &amp; 12% elastaan)<\/li>\n<\/ul>","protected":false},"excerpt":{"rendered":"<p>&#46;&#46;&#46;<\/p>","protected":false},"featured_media":14367,"comment_status":"open","ping_status":"closed","template":"","meta":{"_glsr_average":0,"_glsr_ranking":0,"_glsr_reviews":0},"product_brand":[503],"product_cat":[89],"product_tag":[403],"class_list":{"0":"post-14151","1":"product","2":"type-product","3":"status-publish","4":"has-post-thumbnail","6":"product_brand-beauty-night","7":"product_cat-bodyd","8":"product_tag-beauty-night","9":"pa_suurus-l-xl","10":"pa_suurus-s-m","11":"pa_suurus-xxl","12":"pa_varvus-must","14":"first","15":"instock","16":"sold-individually","17":"taxable","18":"shipping-taxable","19":"purchasable","20":"product-type-variable"},"_links":{"self":[{"href":"https:\/\/pesu24.ee\/en\/wp-json\/wp\/v2\/product\/14151","targetHints":{"allow":["GET"]}}],"collection":[{"href":"https:\/\/pesu24.ee\/en\/wp-json\/wp\/v2\/product"}],"about":[{"href":"https:\/\/pesu24.ee\/en\/wp-json\/wp\/v2\/types\/product"}],"replies":[{"embeddable":true,"href":"https:\/\/pesu24.ee\/en\/wp-json\/wp\/v2\/comments?post=14151"}],"wp:featuredmedia":[{"embeddable":true,"href":"https:\/\/pesu24.ee\/en\/wp-json\/wp\/v2\/media\/14367"}],"wp:attachment":[{"href":"https:\/\/pesu24.ee\/en\/wp-json\/wp\/v2\/media?parent=14151"}],"wp:term":[{"taxonomy":"product_brand","embeddable":true,"href":"https:\/\/pesu24.ee\/en\/wp-json\/wp\/v2\/product_brand?post=14151"},{"taxonomy":"product_cat","embeddable":true,"href":"https:\/\/pesu24.ee\/en\/wp-json\/wp\/v2\/product_cat?post=14151"},{"taxonomy":"product_tag","embeddable":true,"href":"https:\/\/pesu24.ee\/en\/wp-json\/wp\/v2\/product_tag?post=14151"}],"curies":[{"name":"wp","href":"https:\/\/api.w.org\/{rel}","templated":true}]}}