{"id":14153,"date":"2025-08-18T18:33:20","date_gmt":"2025-08-18T15:33:20","guid":{"rendered":"https:\/\/pesu24.ee\/?post_type=product&#038;p=14153"},"modified":"2025-08-20T15:02:46","modified_gmt":"2025-08-20T12:02:46","slug":"3-osaline-pesukomplekt-beauty-night-rafaella","status":"publish","type":"product","link":"https:\/\/pesu24.ee\/en\/bodyd\/3-osaline-pesukomplekt-beauty-night-rafaella\/","title":{"rendered":"3-osaline pesukomplekt Beauty Night Rafaella"},"content":{"rendered":"<p>3-osaline pesukomplekt Beauty Night Rafaella on luksuslik ja sensuaalne valik, mis toob esile naiseliku ilu ja enesekindluse. See kaunis komplekt koosneb mustast pitsist, t\u00fcllist ja wetlook-materjalist, mis harmoneerub ideaalselt, luues silmapaistva ja meelitava v\u00e4limuse. Tugikaartega ja pitskorviga rinnahoidja r\u00f5hutab dekolteed, samas kui mugavuse tagamiseks on reguleeritavad \u00f5lapaelad. Seksikas sukahoidja koos \u00f5rnade volangidega toob esile v\u00f6\u00f6 ja lisab naiselikku v\u00f5lu, samas kui sensuaalsed stringid t\u00e4iendavad komplekti t\u00e4iuslikult.<\/p>\n<p>See 3-osaline pesukomplekt on ideaalne valik romantilisteks \u00f5htuteks ja erilisteks s\u00fcndmusteks, t\u00f5stes esile teie elegantsi ja sensuaalsuse. Iga detail on hoolikalt l\u00e4bi m\u00f5eldud, et pakkuda mugavust ja esteetilist naudingut. Beauty Night Rafaella komplekt tuleb elegantse pakendina, mist\u00f5ttu sobib see suurep\u00e4raselt kingituseks, et lummata oma kallimat v\u00f5i end ise hellitada.<\/p>\n<p><span style=\"color: #008000;\"><strong>KOMPLEKT SISALDAB:<\/strong><\/span><\/p>\n<ul>\n<li>rinnahoidja<\/li>\n<li>sukahoidja<\/li>\n<li>stringid<\/li>\n<\/ul>\n<p><span style=\"color: #008000;\"><strong>DETAILS:<\/strong><\/span><\/p>\n<ul>\n<li>valmistatud pitsist, t\u00fcllist ja wetlook materjalist<\/li>\n<li>kaunistatud lillemotiividega<\/li>\n<li>rinnakorvil tugikaared<\/li>\n<li>taga astmeline kinnitus<\/li>\n<li>reguleeritavad \u00f5la- ja sukapaelad<\/li>\n<li>mugav ja elastne kangas (88% pol\u00fcester &amp; 12% elastaan)<\/li>\n<\/ul>","protected":false},"excerpt":{"rendered":"<p>&#46;&#46;&#46;<\/p>","protected":false},"featured_media":14385,"comment_status":"open","ping_status":"closed","template":"","meta":{"_glsr_average":0,"_glsr_ranking":0,"_glsr_reviews":0},"product_brand":[503],"product_cat":[89],"product_tag":[403],"class_list":{"0":"post-14153","1":"product","2":"type-product","3":"status-publish","4":"has-post-thumbnail","6":"product_brand-beauty-night","7":"product_cat-bodyd","8":"product_tag-beauty-night","9":"pa_suurus-l-xl","10":"pa_suurus-s-m","11":"pa_varvus-must","13":"first","14":"instock","15":"sold-individually","16":"taxable","17":"shipping-taxable","18":"purchasable","19":"product-type-variable"},"_links":{"self":[{"href":"https:\/\/pesu24.ee\/en\/wp-json\/wp\/v2\/product\/14153","targetHints":{"allow":["GET"]}}],"collection":[{"href":"https:\/\/pesu24.ee\/en\/wp-json\/wp\/v2\/product"}],"about":[{"href":"https:\/\/pesu24.ee\/en\/wp-json\/wp\/v2\/types\/product"}],"replies":[{"embeddable":true,"href":"https:\/\/pesu24.ee\/en\/wp-json\/wp\/v2\/comments?post=14153"}],"wp:featuredmedia":[{"embeddable":true,"href":"https:\/\/pesu24.ee\/en\/wp-json\/wp\/v2\/media\/14385"}],"wp:attachment":[{"href":"https:\/\/pesu24.ee\/en\/wp-json\/wp\/v2\/media?parent=14153"}],"wp:term":[{"taxonomy":"product_brand","embeddable":true,"href":"https:\/\/pesu24.ee\/en\/wp-json\/wp\/v2\/product_brand?post=14153"},{"taxonomy":"product_cat","embeddable":true,"href":"https:\/\/pesu24.ee\/en\/wp-json\/wp\/v2\/product_cat?post=14153"},{"taxonomy":"product_tag","embeddable":true,"href":"https:\/\/pesu24.ee\/en\/wp-json\/wp\/v2\/product_tag?post=14153"}],"curies":[{"name":"wp","href":"https:\/\/api.w.org\/{rel}","templated":true}]}}