{"id":14169,"date":"2025-08-18T18:33:41","date_gmt":"2025-08-18T15:33:41","guid":{"rendered":"https:\/\/pesu24.ee\/?post_type=product&#038;p=14169"},"modified":"2025-08-20T14:55:12","modified_gmt":"2025-08-20T11:55:12","slug":"body-obsessive-stelisa","status":"publish","type":"product","link":"https:\/\/pesu24.ee\/en\/bodyd\/body-obsessive-stelisa\/","title":{"rendered":"Body Obsessive Stelisa"},"content":{"rendered":"<p>Body Obsessive Stelisa on julge ja sensuaalne pesu, mis r\u00f5hutab naiselikke kehakumerusi ning pakub enesekindlat ja v\u00f5rgutavat v\u00e4limust. Selle avatud jalgevahe ja erilise l\u00f5ikega rinnaosa loovad intrigeeriva ja pilkup\u00fc\u00fcdva stiili. Pehme must kangas koos l\u00e4bipaistvate detailidega lisab elegantsi ja annab luksusliku tunde nahal.<\/p>\n<p>T\u00e4nu k\u00f5rgele s\u00e4\u00e4rel\u00f5ikele kujundab body figuuri kaunilt, tuues esile puusad ja jalad. Tugikaartega korvid ning reguleeritavad \u00f5lapaelad pakuvad suurep\u00e4rast istuvust ja toetust, samas kui mitmeastmeline haakkinnis seljal v\u00f5imaldab mugavat kandmist. Ovaalne h\u00f5bedane kaunistus lisab luksusliku viimistluse, mis teeb pesust t\u00f5eliselt erilise r\u00f5ivaeseme.<\/p>\n<p>Body Obsessive Stelisa on valmistatud kvaliteetsest ja elastseks j\u00e4\u00e4vast materjalist (94% pol\u00fcamiid, 6% elastaan), mis tagab mugavuse ja sensuaalse istuvuse. See julge ja v\u00f5rgutav pesu on ideaalne valik neile, kes soovivad oma naiselikkust esile tuua ja end eriliselt tunda.<\/p>\n<p>Tutvuge ka teiste <a href=\"https:\/\/pesu24.ee\/en\/omadus\/obsessive-stelisa\/\">Obsessive Stelisa<\/a> pesukollektsiooni toodetega.<\/p>\n<p><span style=\"color: #008000;\"><strong>KOMPLEKT SISALDAB:<\/strong><\/span><\/p>\n<ul>\n<li>body<\/li>\n<\/ul>\n<p><span style=\"color: #008000;\"><strong>DETAILS:<\/strong><\/span><\/p>\n<ul>\n<li>avatud jalgevahe &amp; rinnakorv<\/li>\n<li>r\u00f5hutab naiselike vorme<\/li>\n<li>astmeline kinnitus<\/li>\n<li>reguleeritavad \u00f5lapaelad<\/li>\n<li>rinnakorvil tugikaared<\/li>\n<li>osaliselt polsterdatud rinnakorv<\/li>\n<li>toodetud EU-s<\/li>\n<li>pehme ja elastne kangas (94% pol\u00fcamiid; 6% elastaan)<\/li>\n<\/ul>","protected":false},"excerpt":{"rendered":"<ul>\n<li>sensuaalsed sukad v\u00e4ga elegantses stiilis<\/li>\n<li>\u00f5hukese musta v\u00f5rguga<\/li>\n<li>geomeetriline pits<\/li>\n<li>stockings are not self-supported<\/li>\n<li>pehme ja elastne materjal (85% pol\u00fcamiid; 15% elastaan)<\/li>\n<\/ul>","protected":false},"featured_media":14403,"comment_status":"open","ping_status":"closed","template":"","meta":{"_glsr_average":0,"_glsr_ranking":0,"_glsr_reviews":0},"product_brand":[500],"product_cat":[89],"product_tag":[160,478],"class_list":{"0":"post-14169","1":"product","2":"type-product","3":"status-publish","4":"has-post-thumbnail","6":"product_brand-obsessive","7":"product_cat-bodyd","8":"product_tag-obsessive","9":"product_tag-obsessive-stelisa","10":"pa_suurus-l-xl","11":"pa_suurus-s-m","12":"pa_suurus-xxl-xxxl","13":"pa_varvus-must","15":"first","16":"instock","17":"sold-individually","18":"taxable","19":"shipping-taxable","20":"purchasable","21":"product-type-variable"},"_links":{"self":[{"href":"https:\/\/pesu24.ee\/en\/wp-json\/wp\/v2\/product\/14169","targetHints":{"allow":["GET"]}}],"collection":[{"href":"https:\/\/pesu24.ee\/en\/wp-json\/wp\/v2\/product"}],"about":[{"href":"https:\/\/pesu24.ee\/en\/wp-json\/wp\/v2\/types\/product"}],"replies":[{"embeddable":true,"href":"https:\/\/pesu24.ee\/en\/wp-json\/wp\/v2\/comments?post=14169"}],"wp:featuredmedia":[{"embeddable":true,"href":"https:\/\/pesu24.ee\/en\/wp-json\/wp\/v2\/media\/14403"}],"wp:attachment":[{"href":"https:\/\/pesu24.ee\/en\/wp-json\/wp\/v2\/media?parent=14169"}],"wp:term":[{"taxonomy":"product_brand","embeddable":true,"href":"https:\/\/pesu24.ee\/en\/wp-json\/wp\/v2\/product_brand?post=14169"},{"taxonomy":"product_cat","embeddable":true,"href":"https:\/\/pesu24.ee\/en\/wp-json\/wp\/v2\/product_cat?post=14169"},{"taxonomy":"product_tag","embeddable":true,"href":"https:\/\/pesu24.ee\/en\/wp-json\/wp\/v2\/product_tag?post=14169"}],"curies":[{"name":"wp","href":"https:\/\/api.w.org\/{rel}","templated":true}]}}