{"id":14508,"date":"2025-08-18T18:42:24","date_gmt":"2025-08-18T15:42:24","guid":{"rendered":"https:\/\/pesu24.ee\/?post_type=product&#038;p=14508"},"modified":"2026-02-19T10:12:11","modified_gmt":"2026-02-19T08:12:11","slug":"body-obsessive-slevika","status":"publish","type":"product","link":"https:\/\/pesu24.ee\/en\/bodyd\/body-obsessive-slevika\/","title":{"rendered":"Body Obsessive Slevika"},"content":{"rendered":"<p>Avatud jalgevahega body Obsessive Slevika on julge ja sensuaalne pesuvalik, mis \u00fchendab endas naiselikkuse, enesekindluse ja m\u00e4ngulisuse. See body on loodud naisele, kes soovib end tunda erakordselt seksika ja ihaldusv\u00e4\u00e4rsena \u2013 olgu see romantiliseks \u00f5htuks v\u00f5i lihtsalt iseenda hellitamiseks.<\/p>\n<p>Body on valmistatud pehmest, elastsest pitsist, mis r\u00f5hutab kehakumerusi ning loob v\u00f5rgutava silueti. Detailid nagu s\u00fcgavad v\u00e4ljal\u00f5iked, \u00f5huline mustrim\u00e4ng ning avatud jalgevahe lisavad riietusele intensiivset erootilisust. Reguleeritavad paelad ja h\u00e4sti istuv l\u00f5ige tagavad kandmismugavuse ning sobivuse erinevatele kehat\u00fc\u00fcpidele.<\/p>\n<p>Obsessive Slevika on ideaalne valik, kui soovid oma pesusahtlisse midagi erakordset. See on pesu, mis ei j\u00e4ta ruumi \u00fcksk\u00f5iksusele \u2013 see kutsub, inspireerib ja s\u00fctitab fantaasia. T\u00e4iuslik kingitus nii endale kui partnerile.<\/p>\n<p><span style=\"color: #008000;\"><strong>DETAILS:<\/strong><\/span><\/p>\n<ul>\n<li>lillelise motiiviga must body<\/li>\n<li>reguleeritavad \u00f5lapaelad<\/li>\n<li>avatud jalgevahe<\/li>\n<li>mugav ning veniv materjal (82% pol\u00fcamiid, 18% elastaan)<\/li>\n<\/ul>\n<p><span style=\"color: #008000;\"><strong>VIDEO<\/strong><\/span><\/p>\n<div class=\"video-container\"><iframe loading=\"lazy\" title=\"BODY SLEVIKA TEDDY - OBSESSIVE\" width=\"500\" height=\"281\" src=\"https:\/\/www.youtube.com\/embed\/k0RO0IGcrE0?feature=oembed&#038;wmode=opaque\" frameborder=\"0\" allow=\"accelerometer; autoplay; clipboard-write; encrypted-media; gyroscope; picture-in-picture; web-share\" referrerpolicy=\"strict-origin-when-cross-origin\" allowfullscreen><\/iframe><\/div>","protected":false},"excerpt":{"rendered":"<ul>\n<li>lillelisemotiiviga must body<\/li>\n<li>reguleeritavad \u00f5lapaelad<\/li>\n<li>avatud jalgevahe<\/li>\n<li>mugav ning veniv materjal (82% pol\u00fcamiid, 18% elastaan)<\/li>\n<\/ul>","protected":false},"featured_media":12274,"comment_status":"open","ping_status":"closed","template":"","meta":{"_glsr_average":0,"_glsr_ranking":0,"_glsr_reviews":0},"product_brand":[500],"product_cat":[89],"product_tag":[160],"class_list":{"0":"post-14508","1":"product","2":"type-product","3":"status-publish","4":"has-post-thumbnail","6":"product_brand-obsessive","7":"product_cat-bodyd","8":"product_tag-obsessive","9":"pa_suurus-l-xl","10":"pa_suurus-s-m","11":"pa_suurus-xxl-xxxl","12":"pa_varvus-must","14":"first","15":"instock","16":"sold-individually","17":"taxable","18":"shipping-taxable","19":"purchasable","20":"product-type-variable"},"_links":{"self":[{"href":"https:\/\/pesu24.ee\/en\/wp-json\/wp\/v2\/product\/14508","targetHints":{"allow":["GET"]}}],"collection":[{"href":"https:\/\/pesu24.ee\/en\/wp-json\/wp\/v2\/product"}],"about":[{"href":"https:\/\/pesu24.ee\/en\/wp-json\/wp\/v2\/types\/product"}],"replies":[{"embeddable":true,"href":"https:\/\/pesu24.ee\/en\/wp-json\/wp\/v2\/comments?post=14508"}],"wp:featuredmedia":[{"embeddable":true,"href":"https:\/\/pesu24.ee\/en\/wp-json\/wp\/v2\/media\/12274"}],"wp:attachment":[{"href":"https:\/\/pesu24.ee\/en\/wp-json\/wp\/v2\/media?parent=14508"}],"wp:term":[{"taxonomy":"product_brand","embeddable":true,"href":"https:\/\/pesu24.ee\/en\/wp-json\/wp\/v2\/product_brand?post=14508"},{"taxonomy":"product_cat","embeddable":true,"href":"https:\/\/pesu24.ee\/en\/wp-json\/wp\/v2\/product_cat?post=14508"},{"taxonomy":"product_tag","embeddable":true,"href":"https:\/\/pesu24.ee\/en\/wp-json\/wp\/v2\/product_tag?post=14508"}],"curies":[{"name":"wp","href":"https:\/\/api.w.org\/{rel}","templated":true}]}}