{"id":14524,"date":"2025-08-18T18:42:24","date_gmt":"2025-08-18T15:42:24","guid":{"rendered":"https:\/\/pesu24.ee\/?post_type=product&#038;p=14524"},"modified":"2025-08-20T15:13:47","modified_gmt":"2025-08-20T12:13:47","slug":"body-casmir-divine","status":"publish","type":"product","link":"https:\/\/pesu24.ee\/en\/bodyd\/body-casmir-divine\/","title":{"rendered":"Body Casmir Divine"},"content":{"rendered":"<p style=\"text-align: justify;\">\u00c4\u00e4rmiselt elegantne ja jumalik Casmir Divine body. Siidine l\u00e4bipaistev materjal, mille kaeluse, aluspesu ja rinnakorvi \u00e4\u00e4r on kaunistatud musta pitsiga ja kuldsete ornamentidega, r\u00f5hutades naiselikkust.<\/p>\n<p>L\u00e4bipaistev ja trimmiv materjal toob esile naiseliku seksikuse, sobitub h\u00e4sti keha\u017eiluetiga, muutes seda pringimaks ja t\u00e4iuslikumaks.<\/p>\n<p><span style=\"color: #008000;\"><strong>DETAILS:<\/strong><\/span><\/p>\n<ul>\n<li style=\"text-align: justify;\">taga astmeline kinnitus<\/li>\n<li style=\"text-align: justify;\">reguleeritavad \u00f5lapaelad<\/li>\n<li style=\"text-align: justify;\">tugevdatud rinna tugikaared<\/li>\n<li style=\"text-align: justify;\">elastne ja pehme materjal<\/li>\n<\/ul>","protected":false},"excerpt":{"rendered":"<p>&#46;&#46;&#46;<\/p>","protected":false},"featured_media":14594,"comment_status":"open","ping_status":"closed","template":"","meta":{"_glsr_average":0,"_glsr_ranking":0,"_glsr_reviews":0},"product_brand":[505],"product_cat":[89],"product_tag":[394],"class_list":{"0":"post-14524","1":"product","2":"type-product","3":"status-publish","4":"has-post-thumbnail","6":"product_brand-casmir","7":"product_cat-bodyd","8":"product_tag-casmir","9":"pa_suurus-l-xl","10":"pa_suurus-s-m","11":"pa_varvus-must","13":"first","14":"instock","15":"sale","16":"sold-individually","17":"taxable","18":"shipping-taxable","19":"purchasable","20":"product-type-variable"},"_links":{"self":[{"href":"https:\/\/pesu24.ee\/en\/wp-json\/wp\/v2\/product\/14524","targetHints":{"allow":["GET"]}}],"collection":[{"href":"https:\/\/pesu24.ee\/en\/wp-json\/wp\/v2\/product"}],"about":[{"href":"https:\/\/pesu24.ee\/en\/wp-json\/wp\/v2\/types\/product"}],"replies":[{"embeddable":true,"href":"https:\/\/pesu24.ee\/en\/wp-json\/wp\/v2\/comments?post=14524"}],"wp:featuredmedia":[{"embeddable":true,"href":"https:\/\/pesu24.ee\/en\/wp-json\/wp\/v2\/media\/14594"}],"wp:attachment":[{"href":"https:\/\/pesu24.ee\/en\/wp-json\/wp\/v2\/media?parent=14524"}],"wp:term":[{"taxonomy":"product_brand","embeddable":true,"href":"https:\/\/pesu24.ee\/en\/wp-json\/wp\/v2\/product_brand?post=14524"},{"taxonomy":"product_cat","embeddable":true,"href":"https:\/\/pesu24.ee\/en\/wp-json\/wp\/v2\/product_cat?post=14524"},{"taxonomy":"product_tag","embeddable":true,"href":"https:\/\/pesu24.ee\/en\/wp-json\/wp\/v2\/product_tag?post=14524"}],"curies":[{"name":"wp","href":"https:\/\/api.w.org\/{rel}","templated":true}]}}