{"id":14528,"date":"2025-08-18T18:42:24","date_gmt":"2025-08-18T15:42:24","guid":{"rendered":"https:\/\/pesu24.ee\/?post_type=product&#038;p=14528"},"modified":"2025-08-21T16:38:06","modified_gmt":"2025-08-21T13:38:06","slug":"body-obsessive-liferia","status":"publish","type":"product","link":"https:\/\/pesu24.ee\/en\/bodyd\/body-obsessive-liferia\/","title":{"rendered":"Body Obsessive Liferia"},"content":{"rendered":"<p>Obsessive Liferia bodyga saab igast \u00f6\u00f6st teie ja su mehe jaoks uus kuum kogemus. Unikaalsed paelad \u00fcmber teie keha soojendavad t\u00f5eliselt \u00f5hkkonda.<\/p>\n<p>Paljastatud ja r\u00f5hutatud b\u00fcst ning ahvatlev tagumik, mis n\u00e4eb igas liigutuses aina naiselikum v\u00e4lja. Kui see pole sulle piisav, siis vaadake ja imetlege selle pitsi.<\/p>\n<p><span style=\"color: #008000;\"><strong>DETAILS:<\/strong><\/span><\/p>\n<ul>\n<li>mustast pitsist body<\/li>\n<li>avatud rinnakorv<\/li>\n<li>topeltreguleeritavate paeltega<\/li>\n<li>k\u00f5hul dekoratiivsed ja elastsed paelad<\/li>\n<li>\u00f5lapaeltel taga kaunistused<\/li>\n<li>suuruste tabel on toodud tootealbumis (viimane pilt)<\/li>\n<li>mugav ning elastne materjal (90% pol\u00fcamiid, 10% elastaan)<\/li>\n<\/ul>\n<p><span style=\"color: #008000;\"><strong>VIDEO<\/strong><\/span><\/p>\n<div class=\"video-container\"><iframe loading=\"lazy\" title=\"ODV\u00c1\u017dN\u00c9 BODY LIFERIA TEDDY - OBSESSIVE\" width=\"500\" height=\"281\" src=\"https:\/\/www.youtube.com\/embed\/OC_Ht0qIk84?feature=oembed&#038;wmode=opaque\" frameborder=\"0\" allow=\"accelerometer; autoplay; clipboard-write; encrypted-media; gyroscope; picture-in-picture; web-share\" referrerpolicy=\"strict-origin-when-cross-origin\" allowfullscreen><\/iframe><\/div>","protected":false},"excerpt":{"rendered":"<p>&#46;&#46;&#46;<\/p>","protected":false},"featured_media":14626,"comment_status":"open","ping_status":"closed","template":"","meta":{"_glsr_average":0,"_glsr_ranking":0,"_glsr_reviews":0},"product_brand":[500],"product_cat":[89],"product_tag":[160],"class_list":{"0":"post-14528","1":"product","2":"type-product","3":"status-publish","4":"has-post-thumbnail","6":"product_brand-obsessive","7":"product_cat-bodyd","8":"product_tag-obsessive","9":"pa_suurus-l-xl","10":"pa_suurus-s-m","11":"pa_varvus-must","13":"first","14":"instock","15":"sold-individually","16":"taxable","17":"shipping-taxable","18":"purchasable","19":"product-type-variable"},"_links":{"self":[{"href":"https:\/\/pesu24.ee\/en\/wp-json\/wp\/v2\/product\/14528","targetHints":{"allow":["GET"]}}],"collection":[{"href":"https:\/\/pesu24.ee\/en\/wp-json\/wp\/v2\/product"}],"about":[{"href":"https:\/\/pesu24.ee\/en\/wp-json\/wp\/v2\/types\/product"}],"replies":[{"embeddable":true,"href":"https:\/\/pesu24.ee\/en\/wp-json\/wp\/v2\/comments?post=14528"}],"wp:featuredmedia":[{"embeddable":true,"href":"https:\/\/pesu24.ee\/en\/wp-json\/wp\/v2\/media\/14626"}],"wp:attachment":[{"href":"https:\/\/pesu24.ee\/en\/wp-json\/wp\/v2\/media?parent=14528"}],"wp:term":[{"taxonomy":"product_brand","embeddable":true,"href":"https:\/\/pesu24.ee\/en\/wp-json\/wp\/v2\/product_brand?post=14528"},{"taxonomy":"product_cat","embeddable":true,"href":"https:\/\/pesu24.ee\/en\/wp-json\/wp\/v2\/product_cat?post=14528"},{"taxonomy":"product_tag","embeddable":true,"href":"https:\/\/pesu24.ee\/en\/wp-json\/wp\/v2\/product_tag?post=14528"}],"curies":[{"name":"wp","href":"https:\/\/api.w.org\/{rel}","templated":true}]}}