{"id":14529,"date":"2025-08-18T18:42:24","date_gmt":"2025-08-18T15:42:24","guid":{"rendered":"https:\/\/pesu24.ee\/?post_type=product&#038;p=14529"},"modified":"2025-08-20T14:55:12","modified_gmt":"2025-08-20T11:55:12","slug":"body-obsessive-b124","status":"publish","type":"product","link":"https:\/\/pesu24.ee\/en\/bodyd\/body-obsessive-b124\/","title":{"rendered":"Body Obsessive B124"},"content":{"rendered":"<p><span style=\"color: #008000;\"><strong>DETAILS:<\/strong><\/span><\/p>\n<ul>\n<li>l\u00e4bipaistvast materjalist must body<\/li>\n<li>tagant avara l\u00f5ikega<\/li>\n<li>body on alt avatav<\/li>\n<li>suurustetabel toodud tootegalerii all (viimane pilt)<\/li>\n<li>mugav ning veniv materjal (90% pol\u00fcamiid, 10% elastaan)<\/li>\n<li>NB! nibukatted ei kuulu komplekti<\/li>\n<\/ul>\n<p><span style=\"color: #008000;\"><strong>VIDEO<\/strong><\/span><\/p>\n<div class=\"video-container\"><iframe loading=\"lazy\" title=\"N\u011a\u017dN\u00c9 BODY B124 TEDDY - OBSESSIVE\" width=\"500\" height=\"281\" src=\"https:\/\/www.youtube.com\/embed\/QwDToDPoTwQ?feature=oembed&#038;wmode=opaque\" frameborder=\"0\" allow=\"accelerometer; autoplay; clipboard-write; encrypted-media; gyroscope; picture-in-picture; web-share\" referrerpolicy=\"strict-origin-when-cross-origin\" allowfullscreen><\/iframe><\/div>","protected":false},"excerpt":{"rendered":"<ul>\n<li>l\u00e4bipaistvast materjalist must body<\/li>\n<li>tagant avara l\u00f5ikega<\/li>\n<li>body on alt avatav<\/li>\n<li>suurustetabel toodud tootegalerii all (viimane pilt)<\/li>\n<li>mugav ning veniv materjal (90% pol\u00fcamiid, 10% elastaan)<\/li>\n<li>NB! nibukatted ei kuulu komplekti<\/li>\n<\/ul>","protected":false},"featured_media":14633,"comment_status":"open","ping_status":"closed","template":"","meta":{"_glsr_average":0,"_glsr_ranking":0,"_glsr_reviews":0},"product_brand":[500],"product_cat":[89],"product_tag":[160],"class_list":{"0":"post-14529","1":"product","2":"type-product","3":"status-publish","4":"has-post-thumbnail","6":"product_brand-obsessive","7":"product_cat-bodyd","8":"product_tag-obsessive","9":"pa_suurus-l-xl","10":"pa_suurus-s-m","11":"pa_varvus-must","13":"first","14":"instock","15":"sold-individually","16":"taxable","17":"shipping-taxable","18":"purchasable","19":"product-type-variable"},"_links":{"self":[{"href":"https:\/\/pesu24.ee\/en\/wp-json\/wp\/v2\/product\/14529","targetHints":{"allow":["GET"]}}],"collection":[{"href":"https:\/\/pesu24.ee\/en\/wp-json\/wp\/v2\/product"}],"about":[{"href":"https:\/\/pesu24.ee\/en\/wp-json\/wp\/v2\/types\/product"}],"replies":[{"embeddable":true,"href":"https:\/\/pesu24.ee\/en\/wp-json\/wp\/v2\/comments?post=14529"}],"wp:featuredmedia":[{"embeddable":true,"href":"https:\/\/pesu24.ee\/en\/wp-json\/wp\/v2\/media\/14633"}],"wp:attachment":[{"href":"https:\/\/pesu24.ee\/en\/wp-json\/wp\/v2\/media?parent=14529"}],"wp:term":[{"taxonomy":"product_brand","embeddable":true,"href":"https:\/\/pesu24.ee\/en\/wp-json\/wp\/v2\/product_brand?post=14529"},{"taxonomy":"product_cat","embeddable":true,"href":"https:\/\/pesu24.ee\/en\/wp-json\/wp\/v2\/product_cat?post=14529"},{"taxonomy":"product_tag","embeddable":true,"href":"https:\/\/pesu24.ee\/en\/wp-json\/wp\/v2\/product_tag?post=14529"}],"curies":[{"name":"wp","href":"https:\/\/api.w.org\/{rel}","templated":true}]}}