{"id":14532,"date":"2025-08-18T18:42:24","date_gmt":"2025-08-18T15:42:24","guid":{"rendered":"https:\/\/pesu24.ee\/?post_type=product&#038;p=14532"},"modified":"2026-03-23T12:06:10","modified_gmt":"2026-03-23T10:06:10","slug":"body-obsessive-amallie","status":"publish","type":"product","link":"https:\/\/pesu24.ee\/en\/bodyd\/body-obsessive-amallie\/","title":{"rendered":"Body Obsessive Amallie"},"content":{"rendered":"<p><span style=\"color: #008000;\"><strong>DETAILS:<\/strong><\/span><\/p>\n<ul>\n<li>\u00e4\u00e4rmiselt seksika l\u00f5ikega must body<\/li>\n<li>reguleeritavad \u00f5lapaelad ja taga astmeline kinnitus<\/li>\n<li>rinnakorv polsterdatud koos tugikaartega<\/li>\n<li>kaunistatud sensuaalse pitsiga<\/li>\n<li>mugav ning veniv materjal (94% pol\u00fcamiid, 6% elastaan)<\/li>\n<li>suuruste tabel tootegalerii viimase pildi all<\/li>\n<\/ul>\n<p><span style=\"color: #008000;\"><strong>VIDEO<\/strong><\/span><\/p>\n<div class=\"video-container\"><iframe loading=\"lazy\" title=\"SV\u016eDN\u00c9 BODY AMALLIE TEDDY - OBSESSIVE\" width=\"500\" height=\"281\" src=\"https:\/\/www.youtube.com\/embed\/-4eiXIGeVp0?feature=oembed&#038;wmode=opaque\" frameborder=\"0\" allow=\"accelerometer; autoplay; clipboard-write; encrypted-media; gyroscope; picture-in-picture; web-share\" referrerpolicy=\"strict-origin-when-cross-origin\" allowfullscreen><\/iframe><\/div>","protected":false},"excerpt":{"rendered":"<ul>\n<li>geomeetrilise pitsiga kaunistatud must body<\/li>\n<li>reguleeritavad \u00f5lapaelad<\/li>\n<li>tagant astmeline kinnitus<\/li>\n<li>avatud jalgevahe<\/li>\n<li>mugav ning veniv materjal (90% pol\u00fcamiid, 10% elastaan)<\/li>\n<\/ul>","protected":false},"featured_media":14658,"comment_status":"open","ping_status":"closed","template":"","meta":{"_glsr_average":0,"_glsr_ranking":0,"_glsr_reviews":0},"product_brand":[500],"product_cat":[89],"product_tag":[160],"class_list":{"0":"post-14532","1":"product","2":"type-product","3":"status-publish","4":"has-post-thumbnail","6":"product_brand-obsessive","7":"product_cat-bodyd","8":"product_tag-obsessive","9":"pa_suurus-l-xl","10":"pa_suurus-s-m","11":"pa_suurus-xxl","12":"pa_varvus-must","14":"first","15":"instock","16":"sale","17":"sold-individually","18":"taxable","19":"shipping-taxable","20":"purchasable","21":"product-type-variable"},"_links":{"self":[{"href":"https:\/\/pesu24.ee\/en\/wp-json\/wp\/v2\/product\/14532","targetHints":{"allow":["GET"]}}],"collection":[{"href":"https:\/\/pesu24.ee\/en\/wp-json\/wp\/v2\/product"}],"about":[{"href":"https:\/\/pesu24.ee\/en\/wp-json\/wp\/v2\/types\/product"}],"replies":[{"embeddable":true,"href":"https:\/\/pesu24.ee\/en\/wp-json\/wp\/v2\/comments?post=14532"}],"wp:featuredmedia":[{"embeddable":true,"href":"https:\/\/pesu24.ee\/en\/wp-json\/wp\/v2\/media\/14658"}],"wp:attachment":[{"href":"https:\/\/pesu24.ee\/en\/wp-json\/wp\/v2\/media?parent=14532"}],"wp:term":[{"taxonomy":"product_brand","embeddable":true,"href":"https:\/\/pesu24.ee\/en\/wp-json\/wp\/v2\/product_brand?post=14532"},{"taxonomy":"product_cat","embeddable":true,"href":"https:\/\/pesu24.ee\/en\/wp-json\/wp\/v2\/product_cat?post=14532"},{"taxonomy":"product_tag","embeddable":true,"href":"https:\/\/pesu24.ee\/en\/wp-json\/wp\/v2\/product_tag?post=14532"}],"curies":[{"name":"wp","href":"https:\/\/api.w.org\/{rel}","templated":true}]}}