{"id":14546,"date":"2025-08-18T18:42:46","date_gmt":"2025-08-18T15:42:46","guid":{"rendered":"https:\/\/pesu24.ee\/?post_type=product&#038;p=14546"},"modified":"2025-08-21T13:36:10","modified_gmt":"2025-08-21T10:36:10","slug":"body-obsessive-b125","status":"publish","type":"product","link":"https:\/\/pesu24.ee\/en\/bodyd\/body-obsessive-b125\/","title":{"rendered":"Body Obsessive B125"},"content":{"rendered":"<p>See v\u00f5rgust <em>body<\/em> Obsessive B126 lisab v\u00fcrtsikat v\u00f5lu, samal ajal stimuleerides isu meeldivate hetkede j\u00e4rele. L\u00e4bipaistvust ja v\u00f5rgust materjal ei j\u00e4ta eriti ruumi fantaasiale, aga samas tuues esile puusad, tuharad ja naiselikud vormid. Saadaval universaalsuuruses (S\/M\/L) ning lisaks saadaval ka punane variant <a href=\"https:\/\/pesu24.ee\/en\/bodyd\/body-obsessive-b126\/\"><em>body <\/em>Obsessive B126<\/a>.<\/p>\n<p><span style=\"color: #008000;\"><strong>DETAILS:<\/strong><\/span><\/p>\n<ul>\n<li>seksikas l\u00e4bipaistvast punasest v\u00f5rgust <em>body<\/em><\/li>\n<li>vastupidavast 3SKnit tehnoloogial kudumist<\/li>\n<li>veniv Multistretch materjal tagab hea sobivuse<\/li>\n<li>\u00fcks universaalsuurus sobilik k\u00f5igile<\/li>\n<li>pehme ja vastupidav (90% nailon, 10% elastaan)<\/li>\n<\/ul>\n<p><span style=\"color: #008000;\"><strong>VIDEO<\/strong><\/span><\/p>\n<div class=\"video-container\"><iframe loading=\"lazy\" title=\"V\u00ddJIME\u010cN\u00c9 BODY B125 TEDDY - OBSESSIVE\" width=\"500\" height=\"281\" src=\"https:\/\/www.youtube.com\/embed\/VH2qY8Prd6k?feature=oembed&#038;wmode=opaque\" frameborder=\"0\" allow=\"accelerometer; autoplay; clipboard-write; encrypted-media; gyroscope; picture-in-picture; web-share\" referrerpolicy=\"strict-origin-when-cross-origin\" allowfullscreen><\/iframe><\/div>","protected":false},"excerpt":{"rendered":"<p>&#46;&#46;&#46;<\/p>","protected":false},"featured_media":14673,"comment_status":"open","ping_status":"closed","template":"","meta":{"_glsr_average":0,"_glsr_ranking":0,"_glsr_reviews":0},"product_brand":[500],"product_cat":[89],"product_tag":[160],"class_list":{"0":"post-14546","1":"product","2":"type-product","3":"status-publish","4":"has-post-thumbnail","6":"product_brand-obsessive","7":"product_cat-bodyd","8":"product_tag-obsessive","9":"pa_suurus-universaalsuurus","10":"pa_suurus-xl-xxl","11":"pa_varvus-must","13":"first","14":"instock","15":"sold-individually","16":"taxable","17":"shipping-taxable","18":"purchasable","19":"product-type-variable"},"_links":{"self":[{"href":"https:\/\/pesu24.ee\/en\/wp-json\/wp\/v2\/product\/14546","targetHints":{"allow":["GET"]}}],"collection":[{"href":"https:\/\/pesu24.ee\/en\/wp-json\/wp\/v2\/product"}],"about":[{"href":"https:\/\/pesu24.ee\/en\/wp-json\/wp\/v2\/types\/product"}],"replies":[{"embeddable":true,"href":"https:\/\/pesu24.ee\/en\/wp-json\/wp\/v2\/comments?post=14546"}],"wp:featuredmedia":[{"embeddable":true,"href":"https:\/\/pesu24.ee\/en\/wp-json\/wp\/v2\/media\/14673"}],"wp:attachment":[{"href":"https:\/\/pesu24.ee\/en\/wp-json\/wp\/v2\/media?parent=14546"}],"wp:term":[{"taxonomy":"product_brand","embeddable":true,"href":"https:\/\/pesu24.ee\/en\/wp-json\/wp\/v2\/product_brand?post=14546"},{"taxonomy":"product_cat","embeddable":true,"href":"https:\/\/pesu24.ee\/en\/wp-json\/wp\/v2\/product_cat?post=14546"},{"taxonomy":"product_tag","embeddable":true,"href":"https:\/\/pesu24.ee\/en\/wp-json\/wp\/v2\/product_tag?post=14546"}],"curies":[{"name":"wp","href":"https:\/\/api.w.org\/{rel}","templated":true}]}}