{"id":14560,"date":"2025-08-18T18:43:11","date_gmt":"2025-08-18T15:43:11","guid":{"rendered":"https:\/\/pesu24.ee\/?post_type=product&#038;p=14560"},"modified":"2026-03-23T12:07:01","modified_gmt":"2026-03-23T10:07:01","slug":"body-obsessive-b127","status":"publish","type":"product","link":"https:\/\/pesu24.ee\/en\/bodyd\/body-obsessive-b127\/","title":{"rendered":"Body Obsessive B127"},"content":{"rendered":"<p>M\u00e4ngi minuga, kullake&#8230; See on Obsessive pesubr\u00e4ndi body B127.\u00a0Must iludus, mis pakub suurt annust suurep\u00e4raseid muljeid nii endale kui kallimale. Fenomenaalne\u00a0body B127 hellitab teid viimse piirini.<\/p>\n<p>Kas olete valmis kaasahaaravaks kombinatsiooniks meeldivalt puudutatavast materjalist koos fenomenaalse l\u00f5ikega ja hiilgava kujunditega? Sa armastad neid nii palju, et tahad neid ikkagi kanda. P\u00e4eval endale ja \u00f5htul &#8230; kellelegi erilisele! Proovige, see saab olema imeline!<\/p>\n<p><span style=\"color: #008000;\"><strong>DETAILS:<\/strong><\/span><\/p>\n<ul>\n<li>meelelises, mustas v\u00e4rvis body<\/li>\n<li>ainulaadne muster kaunistab kaunilt keha<\/li>\n<li>3SKnit tehnoloogial vastupidavast materjalist<\/li>\n<li>pool-l\u00e4bipaistev materjal<\/li>\n<li>taga kolm peenikest n\u00f6\u00f6ri &#8211; optiline salendav efekt<\/li>\n<li>paljastatud ja r\u00f5hutatud tuharad<\/li>\n<li>elastne Multistretch materjal tagab ideaalse sobivuse<\/li>\n<li>saadaval suurustes S\/M\/L ja XL\/XXL<\/li>\n<li>90% nailon, 10% elastaan<\/li>\n<\/ul>\n<p><span style=\"color: #008000;\"><strong>VIDEO<\/strong><\/span><\/p>\n<div class=\"video-container\"><iframe loading=\"lazy\" title=\"SEXY BODY B127 TEDDY - OBSESSIVE\" width=\"500\" height=\"281\" src=\"https:\/\/www.youtube.com\/embed\/EWQgIX4pHyo?feature=oembed&#038;wmode=opaque\" frameborder=\"0\" allow=\"accelerometer; autoplay; clipboard-write; encrypted-media; gyroscope; picture-in-picture; web-share\" referrerpolicy=\"strict-origin-when-cross-origin\" allowfullscreen><\/iframe><\/div>","protected":false},"excerpt":{"rendered":"<p>&#46;&#46;&#46;<\/p>","protected":false},"featured_media":14679,"comment_status":"open","ping_status":"closed","template":"","meta":{"_glsr_average":0,"_glsr_ranking":0,"_glsr_reviews":0},"product_brand":[500],"product_cat":[89],"product_tag":[160],"class_list":{"0":"post-14560","1":"product","2":"type-product","3":"status-publish","4":"has-post-thumbnail","6":"product_brand-obsessive","7":"product_cat-bodyd","8":"product_tag-obsessive","9":"pa_suurus-universaalsuurus","10":"pa_suurus-xl-xxl","11":"pa_varvus-must","13":"first","14":"instock","15":"sale","16":"sold-individually","17":"taxable","18":"shipping-taxable","19":"purchasable","20":"product-type-variable"},"_links":{"self":[{"href":"https:\/\/pesu24.ee\/en\/wp-json\/wp\/v2\/product\/14560","targetHints":{"allow":["GET"]}}],"collection":[{"href":"https:\/\/pesu24.ee\/en\/wp-json\/wp\/v2\/product"}],"about":[{"href":"https:\/\/pesu24.ee\/en\/wp-json\/wp\/v2\/types\/product"}],"replies":[{"embeddable":true,"href":"https:\/\/pesu24.ee\/en\/wp-json\/wp\/v2\/comments?post=14560"}],"wp:featuredmedia":[{"embeddable":true,"href":"https:\/\/pesu24.ee\/en\/wp-json\/wp\/v2\/media\/14679"}],"wp:attachment":[{"href":"https:\/\/pesu24.ee\/en\/wp-json\/wp\/v2\/media?parent=14560"}],"wp:term":[{"taxonomy":"product_brand","embeddable":true,"href":"https:\/\/pesu24.ee\/en\/wp-json\/wp\/v2\/product_brand?post=14560"},{"taxonomy":"product_cat","embeddable":true,"href":"https:\/\/pesu24.ee\/en\/wp-json\/wp\/v2\/product_cat?post=14560"},{"taxonomy":"product_tag","embeddable":true,"href":"https:\/\/pesu24.ee\/en\/wp-json\/wp\/v2\/product_tag?post=14560"}],"curies":[{"name":"wp","href":"https:\/\/api.w.org\/{rel}","templated":true}]}}