{"id":14561,"date":"2025-08-18T18:43:11","date_gmt":"2025-08-18T15:43:11","guid":{"rendered":"https:\/\/pesu24.ee\/?post_type=product&#038;p=14561"},"modified":"2025-08-21T16:38:28","modified_gmt":"2025-08-21T13:38:28","slug":"body-passion-adara","status":"publish","type":"product","link":"https:\/\/pesu24.ee\/en\/bodyd\/body-passion-adara\/","title":{"rendered":"Body Passion Adara"},"content":{"rendered":"<p>Adara body on h\u00e4mmastav ja uskumatult naiselik naistepesu, mille on v\u00e4lja t\u00f6\u00f6tanud ja valmistanud mainekas pesubr\u00e4nd Passion. Body on avatud rinnakorvidega. Tagana \u00f5la &#8211; ja kaelapaeltest reguleeritav, mis loob ideaalse sobivuse.<\/p>\n<p>Saadaval suurustes S\/M ja L\/XL ning v\u00e4rvustes must ja punane. Kui rippmen\u00fc\u00fc valikus puudub sobiv suurus v\u00e4rv, siis hetkel ei ole antud suurust ja\/v\u00f5i v\u00e4rvi laos ja saabub peagi.<\/p>\n<p><span style=\"color: #008000;\"><strong>DETAILS:<\/strong><\/span><\/p>\n<ul>\n<li>avatud rindadega body<\/li>\n<li>painduv ja mugav material<\/li>\n<li>tagant reguleeritav, luues ideaalse sobivuse<\/li>\n<li>75% pol\u00fcester, 15% pol\u00fcamiid, 10% elastaan<\/li>\n<\/ul>","protected":false},"excerpt":{"rendered":"<p>&#46;&#46;&#46;<\/p>","protected":false},"featured_media":14687,"comment_status":"open","ping_status":"closed","template":"","meta":{"_glsr_average":0,"_glsr_ranking":0,"_glsr_reviews":0},"product_brand":[504],"product_cat":[89],"product_tag":[387],"class_list":{"0":"post-14561","1":"product","2":"type-product","3":"status-publish","4":"has-post-thumbnail","6":"product_brand-passion","7":"product_cat-bodyd","8":"product_tag-passion","9":"pa_suurus-l-xl","10":"pa_suurus-s-m","11":"pa_varvus-punane","13":"first","14":"instock","15":"sale","16":"sold-individually","17":"taxable","18":"shipping-taxable","19":"purchasable","20":"product-type-variable"},"_links":{"self":[{"href":"https:\/\/pesu24.ee\/en\/wp-json\/wp\/v2\/product\/14561","targetHints":{"allow":["GET"]}}],"collection":[{"href":"https:\/\/pesu24.ee\/en\/wp-json\/wp\/v2\/product"}],"about":[{"href":"https:\/\/pesu24.ee\/en\/wp-json\/wp\/v2\/types\/product"}],"replies":[{"embeddable":true,"href":"https:\/\/pesu24.ee\/en\/wp-json\/wp\/v2\/comments?post=14561"}],"wp:featuredmedia":[{"embeddable":true,"href":"https:\/\/pesu24.ee\/en\/wp-json\/wp\/v2\/media\/14687"}],"wp:attachment":[{"href":"https:\/\/pesu24.ee\/en\/wp-json\/wp\/v2\/media?parent=14561"}],"wp:term":[{"taxonomy":"product_brand","embeddable":true,"href":"https:\/\/pesu24.ee\/en\/wp-json\/wp\/v2\/product_brand?post=14561"},{"taxonomy":"product_cat","embeddable":true,"href":"https:\/\/pesu24.ee\/en\/wp-json\/wp\/v2\/product_cat?post=14561"},{"taxonomy":"product_tag","embeddable":true,"href":"https:\/\/pesu24.ee\/en\/wp-json\/wp\/v2\/product_tag?post=14561"}],"curies":[{"name":"wp","href":"https:\/\/api.w.org\/{rel}","templated":true}]}}