{"id":14564,"date":"2025-08-18T18:43:11","date_gmt":"2025-08-18T15:43:11","guid":{"rendered":"https:\/\/pesu24.ee\/?post_type=product&#038;p=14564"},"modified":"2026-03-23T12:25:46","modified_gmt":"2026-03-23T10:25:46","slug":"rindu-esiletoov-paeltest-ja-pitsist-body-obsessive-figurea","status":"publish","type":"product","link":"https:\/\/pesu24.ee\/en\/bodyd\/rindu-esiletoov-paeltest-ja-pitsist-body-obsessive-figurea\/","title":{"rendered":"Rindu esiletoov paeltest ja pitsist body Obsessive Figurea"},"content":{"rendered":"<p>Kuuma ja kauni lillelise mustriga pitsist ja paeltest body Obsessive Figurea. Selle body disain, l\u00f5ige ja kangas on m\u00f5eldud naiseliku ilu v\u00e4ljatoomiseks, iga kurvi ja kehailu r\u00f5hutamiseks, aga samas j\u00e4tma piisavalt palju ruumi fantaasiale, mis t\u00f5stab vastassugupooles atraktiivsust veelgi.<\/p>\n<p>Eest lillemustriga pitsist rinnahoidjatel tugikaared, mis t\u00f5stavad ja r\u00f5hutavad rindu. Tugikaarte allolev avaus ning paelal olev ripats r\u00f5hutab naiselikkust veelgi. Body suletud kuid eest kitsenev alumine osa ja l\u00e4bipaistev kuid piisavalt varjav materjal t\u00f5stab atraktiivsust, aga samas ei paljasta \u00fcleliigselt, j\u00e4ttes fantaasiale piisavalt ruumi.<\/p>\n<p>Tagant rinnahoidja astmelise kinnitusega ning k\u00f5ik jooksvad paelad reguleeritavad, mis loovad ideaale sobivuse. Eest pitsiline l\u00f5ige ja tagant paeltega disain loob \u00fcllatuse momendi ja toob esile ning r\u00f5hutab selga, peput ning puusasid. Samuti v\u00e4ga veniv Multistrech materjal, mida on \u00fchtlasi mugav kanda, loob koos reguleeritavuse rohkem kui perfekt sobivuse.<\/p>\n<p><span style=\"color: #008000;\"><strong>DETAILS:<\/strong><\/span><\/p>\n<ul>\n<li>eest mustast lillelisest pool-l\u00e4bipaistvast pitsist<\/li>\n<li>tagant t\u00e4ielikult reguleeritavate paeltega<\/li>\n<li>rinnahoidjatel tugikaared, all elastne pael ja ripats toovad esile rinnad<\/li>\n<li>rinnahoidjad tagant astmelise kinnitusega<\/li>\n<li>eest alt kitsenev osa toob esile puusad<\/li>\n<li>tagant paelad r\u00f5hutavad selga, toovad esile pepu ja puusad<\/li>\n<li>veniv Multistretch kangas<\/li>\n<li>elastne materjal ja reguleeritavus loob ideaalse sobivuse<\/li>\n<\/ul>\n<p>Sellest j\u00e4i v\u00e4heks ja soovite rohkem pitsi? Siis tutvuge sama pesukollektsiooni 3-osalise mustast pitsis pesukomplektiga Obsessive Figurea. Pesukomplekti kuuluvad rinnahoidja, sukav\u00f6\u00f6 koos sukapaeltega ja stringid ning soovi korral soetage ka sukad. Tutvuge kauni mustast pitsist 2-osalise <a href=\"https:\/\/pesu24.ee\/en\/pesukomplektid\/mustast-pitsist-3-osaline-pesukomplekt-obsessive-figurea\/\">pesukomplektiga Obsessive Figurea<\/a>.<\/p>\n<p><span style=\"color: #008000;\"><strong>VIDEO<\/strong><\/span><\/p>\n<div class=\"video-container\"><iframe loading=\"lazy\" title=\"FANTASTICK\u00c9 BODY FIGUREA TEDDY - OBSESSIVE\" width=\"500\" height=\"281\" src=\"https:\/\/www.youtube.com\/embed\/OcmU9C0Dzs0?feature=oembed&#038;wmode=opaque\" frameborder=\"0\" allow=\"accelerometer; autoplay; clipboard-write; encrypted-media; gyroscope; picture-in-picture; web-share\" referrerpolicy=\"strict-origin-when-cross-origin\" allowfullscreen><\/iframe><\/div>","protected":false},"excerpt":{"rendered":"<p>&#46;&#46;&#46;<\/p>","protected":false},"featured_media":14704,"comment_status":"open","ping_status":"closed","template":"","meta":{"_glsr_average":0,"_glsr_ranking":0,"_glsr_reviews":0},"product_brand":[500],"product_cat":[89],"product_tag":[160,400],"class_list":{"0":"post-14564","1":"product","2":"type-product","3":"status-publish","4":"has-post-thumbnail","6":"product_brand-obsessive","7":"product_cat-bodyd","8":"product_tag-obsessive","9":"product_tag-pitsist-pesu-naistele","10":"pa_suurus-l-xl","11":"pa_suurus-s-m","13":"first","14":"instock","15":"sale","16":"sold-individually","17":"taxable","18":"shipping-taxable","19":"purchasable","20":"product-type-variable"},"_links":{"self":[{"href":"https:\/\/pesu24.ee\/en\/wp-json\/wp\/v2\/product\/14564","targetHints":{"allow":["GET"]}}],"collection":[{"href":"https:\/\/pesu24.ee\/en\/wp-json\/wp\/v2\/product"}],"about":[{"href":"https:\/\/pesu24.ee\/en\/wp-json\/wp\/v2\/types\/product"}],"replies":[{"embeddable":true,"href":"https:\/\/pesu24.ee\/en\/wp-json\/wp\/v2\/comments?post=14564"}],"wp:featuredmedia":[{"embeddable":true,"href":"https:\/\/pesu24.ee\/en\/wp-json\/wp\/v2\/media\/14704"}],"wp:attachment":[{"href":"https:\/\/pesu24.ee\/en\/wp-json\/wp\/v2\/media?parent=14564"}],"wp:term":[{"taxonomy":"product_brand","embeddable":true,"href":"https:\/\/pesu24.ee\/en\/wp-json\/wp\/v2\/product_brand?post=14564"},{"taxonomy":"product_cat","embeddable":true,"href":"https:\/\/pesu24.ee\/en\/wp-json\/wp\/v2\/product_cat?post=14564"},{"taxonomy":"product_tag","embeddable":true,"href":"https:\/\/pesu24.ee\/en\/wp-json\/wp\/v2\/product_tag?post=14564"}],"curies":[{"name":"wp","href":"https:\/\/api.w.org\/{rel}","templated":true}]}}