{"id":14565,"date":"2025-08-18T18:43:11","date_gmt":"2025-08-18T15:43:11","guid":{"rendered":"https:\/\/pesu24.ee\/?post_type=product&#038;p=14565"},"modified":"2025-08-20T17:13:27","modified_gmt":"2025-08-20T14:13:27","slug":"body-obssesive-rossita","status":"publish","type":"product","link":"https:\/\/pesu24.ee\/en\/bodyd\/body-obssesive-rossita\/","title":{"rendered":"Body Obssesive Rossita"},"content":{"rendered":"<p>Kaelatagant seotav satiinist pael, burgundiapunased rihmad rinnakorvi all ja puusadel, pool-l\u00e4bipaistev materjal ning originaalne disain loob vapustava stiili ja lisavad palju v\u00f5lu. See on ainulaadne Obsessive pesubr\u00e4ndi body Rossita.<\/p>\n<p>Omap\u00e4rase l\u00f5ikega body on valmistatud v\u00e4ga mugavast, vastupidavast ja elastsest materjalist luues ideaalse sobivuse. Lisaks pehme rinnakorviga rinnahoidja, millel on taga astmeline kinnitus, tagab sobivust veelgi. Seksikas l\u00f5ige ja avatud puusad toovad esile naiselikud kurvid ning r\u00f5hutavad puusi.<\/p>\n<p><span style=\"color: #008000;\"><strong>DETAILS:<\/strong><\/span><\/p>\n<ul>\n<li>mugavast, vastupidavast ja elastsest materjalist body<\/li>\n<li>pehme rinnakorviga rinnahoidja, tagant astmeline kinnitus ja elastne materjal tagab superideaalse sobivuse<\/li>\n<li>kaelatagant seotav satiinist n\u00f6\u00f6riga<\/li>\n<li>90% pol\u00fcamiid ja 10% elastaan<\/li>\n<\/ul>\n<p><span style=\"color: #008000;\"><strong>VIDEO<\/strong><\/span><\/p>\n<div class=\"video-container\"><iframe loading=\"lazy\" title=\"DOKONAL\u00c9 BODY ROSSITA TEDDY - OBSESSIVE\" width=\"500\" height=\"281\" src=\"https:\/\/www.youtube.com\/embed\/eY_KqdZiuGU?feature=oembed&#038;wmode=opaque\" frameborder=\"0\" allow=\"accelerometer; autoplay; clipboard-write; encrypted-media; gyroscope; picture-in-picture; web-share\" referrerpolicy=\"strict-origin-when-cross-origin\" allowfullscreen><\/iframe><\/div>","protected":false},"excerpt":{"rendered":"<p>&#46;&#46;&#46;<\/p>","protected":false},"featured_media":14710,"comment_status":"open","ping_status":"closed","template":"","meta":{"_glsr_average":0,"_glsr_ranking":0,"_glsr_reviews":0},"product_brand":[500],"product_cat":[89],"product_tag":[160,401],"class_list":{"0":"post-14565","1":"product","2":"type-product","3":"status-publish","4":"has-post-thumbnail","6":"product_brand-obsessive","7":"product_cat-bodyd","8":"product_tag-obsessive","9":"product_tag-obsessive-rossita-pesukollektsioon","10":"pa_suurus-l-xl","11":"pa_suurus-s-m","12":"pa_varvus-must","14":"first","15":"instock","16":"sold-individually","17":"taxable","18":"shipping-taxable","19":"purchasable","20":"product-type-variable"},"_links":{"self":[{"href":"https:\/\/pesu24.ee\/en\/wp-json\/wp\/v2\/product\/14565","targetHints":{"allow":["GET"]}}],"collection":[{"href":"https:\/\/pesu24.ee\/en\/wp-json\/wp\/v2\/product"}],"about":[{"href":"https:\/\/pesu24.ee\/en\/wp-json\/wp\/v2\/types\/product"}],"replies":[{"embeddable":true,"href":"https:\/\/pesu24.ee\/en\/wp-json\/wp\/v2\/comments?post=14565"}],"wp:featuredmedia":[{"embeddable":true,"href":"https:\/\/pesu24.ee\/en\/wp-json\/wp\/v2\/media\/14710"}],"wp:attachment":[{"href":"https:\/\/pesu24.ee\/en\/wp-json\/wp\/v2\/media?parent=14565"}],"wp:term":[{"taxonomy":"product_brand","embeddable":true,"href":"https:\/\/pesu24.ee\/en\/wp-json\/wp\/v2\/product_brand?post=14565"},{"taxonomy":"product_cat","embeddable":true,"href":"https:\/\/pesu24.ee\/en\/wp-json\/wp\/v2\/product_cat?post=14565"},{"taxonomy":"product_tag","embeddable":true,"href":"https:\/\/pesu24.ee\/en\/wp-json\/wp\/v2\/product_tag?post=14565"}],"curies":[{"name":"wp","href":"https:\/\/api.w.org\/{rel}","templated":true}]}}