{"id":14888,"date":"2025-08-18T18:49:36","date_gmt":"2025-08-18T15:49:36","guid":{"rendered":"https:\/\/pesu24.ee\/?post_type=product&#038;p=14888"},"modified":"2025-08-21T16:39:05","modified_gmt":"2025-08-21T13:39:05","slug":"body-beauty-night-adelaide-lilla","status":"publish","type":"product","link":"https:\/\/pesu24.ee\/en\/bodyd\/body-beauty-night-adelaide-lilla\/","title":{"rendered":"Body Beauty Night Adelaide (lilla)"},"content":{"rendered":"<p>Beauty Night Adelaide on sensuaalne ja elegantne body, mis on valmistatud lillast pitsist. Body&#8217;l on v\u00e4ga avar l\u00f5ige, mis toob suurep\u00e4raselt rinnad esile ning taljev\u00f6\u00f6 r\u00f5hutab naiselikke puusasid. Tootel on kaks kaunistust eespool.<\/p>\n<p><strong><span style=\"color: #008000;\">KOMPLEKT SISALDAB:<\/span><\/strong><\/p>\n<ul>\n<li>body<\/li>\n<li>NB! sukad ei kuulu komplekti<\/li>\n<\/ul>\n<p>Kombineeri body omale meelep\u00e4raste <a href=\"https:\/\/pesu24.ee\/en\/sukad\/\">sukkadega<\/a>.<\/p>\n<p><span style=\"color: #008000;\"><strong>DETAILS:<\/strong><\/span><\/p>\n<ul>\n<li>valmistatud lillad pitsist<\/li>\n<li>ees kaunistused<\/li>\n<li>reguleeritavad sukapaelad<\/li>\n<li>mugav ning elastne materjal (88% pol\u00fcester, 12% elastaan)<\/li>\n<\/ul>","protected":false},"excerpt":{"rendered":"<p>&#46;&#46;&#46;<\/p>","protected":false},"featured_media":14939,"comment_status":"open","ping_status":"closed","template":"","meta":{"_glsr_average":0,"_glsr_ranking":0,"_glsr_reviews":0},"product_brand":[503],"product_cat":[89],"product_tag":[403,404],"class_list":{"0":"post-14888","1":"product","2":"type-product","3":"status-publish","4":"has-post-thumbnail","6":"product_brand-beauty-night","7":"product_cat-bodyd","8":"product_tag-beauty-night","9":"product_tag-body-adelaide","10":"pa_suurus-l-xl","11":"pa_suurus-s-m","12":"pa_varvus-lilla","14":"first","15":"instock","16":"sale","17":"sold-individually","18":"taxable","19":"shipping-taxable","20":"purchasable","21":"product-type-variable"},"_links":{"self":[{"href":"https:\/\/pesu24.ee\/en\/wp-json\/wp\/v2\/product\/14888","targetHints":{"allow":["GET"]}}],"collection":[{"href":"https:\/\/pesu24.ee\/en\/wp-json\/wp\/v2\/product"}],"about":[{"href":"https:\/\/pesu24.ee\/en\/wp-json\/wp\/v2\/types\/product"}],"replies":[{"embeddable":true,"href":"https:\/\/pesu24.ee\/en\/wp-json\/wp\/v2\/comments?post=14888"}],"wp:featuredmedia":[{"embeddable":true,"href":"https:\/\/pesu24.ee\/en\/wp-json\/wp\/v2\/media\/14939"}],"wp:attachment":[{"href":"https:\/\/pesu24.ee\/en\/wp-json\/wp\/v2\/media?parent=14888"}],"wp:term":[{"taxonomy":"product_brand","embeddable":true,"href":"https:\/\/pesu24.ee\/en\/wp-json\/wp\/v2\/product_brand?post=14888"},{"taxonomy":"product_cat","embeddable":true,"href":"https:\/\/pesu24.ee\/en\/wp-json\/wp\/v2\/product_cat?post=14888"},{"taxonomy":"product_tag","embeddable":true,"href":"https:\/\/pesu24.ee\/en\/wp-json\/wp\/v2\/product_tag?post=14888"}],"curies":[{"name":"wp","href":"https:\/\/api.w.org\/{rel}","templated":true}]}}