{"id":14890,"date":"2025-08-18T18:49:36","date_gmt":"2025-08-18T15:49:36","guid":{"rendered":"https:\/\/pesu24.ee\/?post_type=product&#038;p=14890"},"modified":"2025-08-20T15:02:44","modified_gmt":"2025-08-20T12:02:44","slug":"body-beauty-night-laurienne","status":"publish","type":"product","link":"https:\/\/pesu24.ee\/en\/bodyd\/body-beauty-night-laurienne\/","title":{"rendered":"Body Beauty Night Laurienne"},"content":{"rendered":"<p>Beauty Night Laurienne on kelmikas must body, mis on valmistatud satiinist, v\u00f5rkriidest ja pitsist. Tootel on kena v\u00e4ljal\u00f5ige rindade juures koos seksika lipsust kaunistusega.<\/p>\n<p><strong><span style=\"color: #008000;\">KOMPLEKT SISALDAB:<\/span><\/strong><\/p>\n<ul>\n<li>body<\/li>\n<li>NB! sukad ei kuulu komplekti<\/li>\n<\/ul>\n<p>Komplekt sobib kokku <a href=\"https:\/\/pesu24.ee\/en\/sukad\/sukad-beauty-night-romance-mustad\/\">Beauty Night Romance sukkadega<\/a>.<\/p>\n<p><span style=\"color: #008000;\"><strong>DETAILS:<\/strong><\/span><\/p>\n<ul>\n<li>sensuaalne must body<\/li>\n<li>taga astmeline kinnitus<\/li>\n<li>reguleeritavad sukapaelad<\/li>\n<li>mugav ning elastne materjal (88% pol\u00fcester, 12% elastaan)<\/li>\n<\/ul>","protected":false},"excerpt":{"rendered":"<p>&#46;&#46;&#46;<\/p>","protected":false},"featured_media":14958,"comment_status":"open","ping_status":"closed","template":"","meta":{"_glsr_average":0,"_glsr_ranking":0,"_glsr_reviews":0},"product_brand":[503],"product_cat":[89],"product_tag":[403],"class_list":{"0":"post-14890","1":"product","2":"type-product","3":"status-publish","4":"has-post-thumbnail","6":"product_brand-beauty-night","7":"product_cat-bodyd","8":"product_tag-beauty-night","9":"pa_suurus-l-xl","10":"pa_suurus-s-m","11":"pa_varvus-must","13":"first","14":"instock","15":"sold-individually","16":"taxable","17":"shipping-taxable","18":"purchasable","19":"product-type-variable"},"_links":{"self":[{"href":"https:\/\/pesu24.ee\/en\/wp-json\/wp\/v2\/product\/14890","targetHints":{"allow":["GET"]}}],"collection":[{"href":"https:\/\/pesu24.ee\/en\/wp-json\/wp\/v2\/product"}],"about":[{"href":"https:\/\/pesu24.ee\/en\/wp-json\/wp\/v2\/types\/product"}],"replies":[{"embeddable":true,"href":"https:\/\/pesu24.ee\/en\/wp-json\/wp\/v2\/comments?post=14890"}],"wp:featuredmedia":[{"embeddable":true,"href":"https:\/\/pesu24.ee\/en\/wp-json\/wp\/v2\/media\/14958"}],"wp:attachment":[{"href":"https:\/\/pesu24.ee\/en\/wp-json\/wp\/v2\/media?parent=14890"}],"wp:term":[{"taxonomy":"product_brand","embeddable":true,"href":"https:\/\/pesu24.ee\/en\/wp-json\/wp\/v2\/product_brand?post=14890"},{"taxonomy":"product_cat","embeddable":true,"href":"https:\/\/pesu24.ee\/en\/wp-json\/wp\/v2\/product_cat?post=14890"},{"taxonomy":"product_tag","embeddable":true,"href":"https:\/\/pesu24.ee\/en\/wp-json\/wp\/v2\/product_tag?post=14890"}],"curies":[{"name":"wp","href":"https:\/\/api.w.org\/{rel}","templated":true}]}}