{"id":14897,"date":"2025-08-18T18:49:36","date_gmt":"2025-08-18T15:49:36","guid":{"rendered":"https:\/\/pesu24.ee\/?post_type=product&#038;p=14897"},"modified":"2025-08-20T15:09:55","modified_gmt":"2025-08-20T12:09:55","slug":"avatud-body-passion-bs083-saadaval-kolm-varvi","status":"publish","type":"product","link":"https:\/\/pesu24.ee\/en\/bodyd\/avatud-body-passion-bs083-saadaval-kolm-varvi\/","title":{"rendered":"Avatud body Passion BS083 (saadaval kolm v\u00e4rvi)"},"content":{"rendered":"<p>Seksikas avatud jalgevahega body Passion BS083 sobib ideaalselt figuuriga, r\u00f5hutades ja tuues esile naiselikud vormid ja ilu. Universaalsuurus ja veniv materjal tagab ideaalse sobivuse. Materjal 80% pol\u00fcamiid ja 20% elastaan. Saadaval v\u00e4rvustes must, punane ja valge. Kui sobiv v\u00e4rvus valikust puudub, siis antud v\u00e4rv on hetkel laost otsas ja saabub peagi.<\/p>\n<p><span style=\"color: #008000;\"><strong>OMADUSED<\/strong><\/span><\/p>\n<ul>\n<li>venivus tagab ideaalse sobivuse<\/li>\n<li>universaalsuurus (S\/M\/L)<\/li>\n<li>v\u00e4rvused: must, punane ja valge<\/li>\n<li>materjal: 80% pol\u00fcamiid ja 20% elastaan<\/li>\n<\/ul>","protected":false},"excerpt":{"rendered":"<p>&#46;&#46;&#46;<\/p>","protected":false},"featured_media":15019,"comment_status":"open","ping_status":"closed","template":"","meta":{"_glsr_average":0,"_glsr_ranking":0,"_glsr_reviews":0},"product_brand":[504],"product_cat":[89],"product_tag":[],"class_list":{"0":"post-14897","1":"product","2":"type-product","3":"status-publish","4":"has-post-thumbnail","6":"product_brand-passion","7":"product_cat-bodyd","8":"pa_suurus-universaalsuurus","9":"pa_varvus-must","10":"pa_varvus-punane","11":"pa_varvus-valge","13":"first","14":"instock","15":"sold-individually","16":"taxable","17":"shipping-taxable","18":"purchasable","19":"product-type-variable"},"_links":{"self":[{"href":"https:\/\/pesu24.ee\/en\/wp-json\/wp\/v2\/product\/14897","targetHints":{"allow":["GET"]}}],"collection":[{"href":"https:\/\/pesu24.ee\/en\/wp-json\/wp\/v2\/product"}],"about":[{"href":"https:\/\/pesu24.ee\/en\/wp-json\/wp\/v2\/types\/product"}],"replies":[{"embeddable":true,"href":"https:\/\/pesu24.ee\/en\/wp-json\/wp\/v2\/comments?post=14897"}],"wp:featuredmedia":[{"embeddable":true,"href":"https:\/\/pesu24.ee\/en\/wp-json\/wp\/v2\/media\/15019"}],"wp:attachment":[{"href":"https:\/\/pesu24.ee\/en\/wp-json\/wp\/v2\/media?parent=14897"}],"wp:term":[{"taxonomy":"product_brand","embeddable":true,"href":"https:\/\/pesu24.ee\/en\/wp-json\/wp\/v2\/product_brand?post=14897"},{"taxonomy":"product_cat","embeddable":true,"href":"https:\/\/pesu24.ee\/en\/wp-json\/wp\/v2\/product_cat?post=14897"},{"taxonomy":"product_tag","embeddable":true,"href":"https:\/\/pesu24.ee\/en\/wp-json\/wp\/v2\/product_tag?post=14897"}],"curies":[{"name":"wp","href":"https:\/\/api.w.org\/{rel}","templated":true}]}}