{"id":14903,"date":"2025-08-18T18:49:36","date_gmt":"2025-08-18T15:49:36","guid":{"rendered":"https:\/\/pesu24.ee\/?post_type=product&#038;p=14903"},"modified":"2025-08-20T15:13:47","modified_gmt":"2025-08-20T12:13:47","slug":"body-casmir-lagerta","status":"publish","type":"product","link":"https:\/\/pesu24.ee\/en\/bodyd\/body-casmir-lagerta\/","title":{"rendered":"Body Casmir Lagerta"},"content":{"rendered":"<p>Casmir Lagerta on omap\u00e4rase ning pilup\u00fc\u00fcdva disainiga body, mis toob esile naiselikud vormid ja kumerused.<\/p>\n<p><span style=\"color: #008000;\"><strong>KOMPLEKT SISALDAB:<\/strong><\/span><\/p>\n<ul>\n<li>body<\/li>\n<\/ul>\n<p><span style=\"color: #008000;\"><strong>DETAILS:<\/strong><\/span><\/p>\n<ul>\n<li>reguleeritavad \u00f5lapaelad<\/li>\n<li>mugav ning elastne materjal (85% pol\u00fcester, 5% pol\u00fcamiid, 10% elastaan)<\/li>\n<\/ul>","protected":false},"excerpt":{"rendered":"<p>&#46;&#46;&#46;<\/p>","protected":false},"featured_media":15064,"comment_status":"open","ping_status":"closed","template":"","meta":{"_glsr_average":0,"_glsr_ranking":0,"_glsr_reviews":0},"product_brand":[505],"product_cat":[89],"product_tag":[394],"class_list":{"0":"post-14903","1":"product","2":"type-product","3":"status-publish","4":"has-post-thumbnail","6":"product_brand-casmir","7":"product_cat-bodyd","8":"product_tag-casmir","9":"pa_suurus-l-xl","10":"pa_suurus-s-m","11":"pa_varvus-must","13":"first","14":"instock","15":"sale","16":"sold-individually","17":"taxable","18":"shipping-taxable","19":"purchasable","20":"product-type-variable"},"_links":{"self":[{"href":"https:\/\/pesu24.ee\/en\/wp-json\/wp\/v2\/product\/14903","targetHints":{"allow":["GET"]}}],"collection":[{"href":"https:\/\/pesu24.ee\/en\/wp-json\/wp\/v2\/product"}],"about":[{"href":"https:\/\/pesu24.ee\/en\/wp-json\/wp\/v2\/types\/product"}],"replies":[{"embeddable":true,"href":"https:\/\/pesu24.ee\/en\/wp-json\/wp\/v2\/comments?post=14903"}],"wp:featuredmedia":[{"embeddable":true,"href":"https:\/\/pesu24.ee\/en\/wp-json\/wp\/v2\/media\/15064"}],"wp:attachment":[{"href":"https:\/\/pesu24.ee\/en\/wp-json\/wp\/v2\/media?parent=14903"}],"wp:term":[{"taxonomy":"product_brand","embeddable":true,"href":"https:\/\/pesu24.ee\/en\/wp-json\/wp\/v2\/product_brand?post=14903"},{"taxonomy":"product_cat","embeddable":true,"href":"https:\/\/pesu24.ee\/en\/wp-json\/wp\/v2\/product_cat?post=14903"},{"taxonomy":"product_tag","embeddable":true,"href":"https:\/\/pesu24.ee\/en\/wp-json\/wp\/v2\/product_tag?post=14903"}],"curies":[{"name":"wp","href":"https:\/\/api.w.org\/{rel}","templated":true}]}}