{"id":15002,"date":"2025-08-18T18:51:44","date_gmt":"2025-08-18T15:51:44","guid":{"rendered":"https:\/\/pesu24.ee\/?post_type=product&#038;p=15002"},"modified":"2026-03-23T12:26:17","modified_gmt":"2026-03-23T10:26:17","slug":"seksikas-must-body-obsessive-elisetta","status":"publish","type":"product","link":"https:\/\/pesu24.ee\/en\/bodyd\/seksikas-must-body-obsessive-elisetta\/","title":{"rendered":"Seksikas must body Obsessive Elisetta"},"content":{"rendered":"<p><strong>Body Obsessive Elisetta on kuum kombinatsioon kvaliteetsest kangast, pool-l\u00e4bipaistvast pitsist ja s\u00e4delevast materjalist. K\u00f5ik see v\u00fcrtsitatud pisikeste kaunistuste ja aksessuaaridega.<\/strong><\/p>\n<p>\u00dclemine osa pool-l\u00e4bipaistvast pitsist, mis r\u00f5hutab rindu. Rinnakorvi vahel v\u00e4ike l\u00e4ikiv ehe. Alumine osa (alates rinnakorvist) s\u00e4tendustega materjalist. Tootefotodel s\u00e4tendus ei paista nii h\u00e4sti v\u00e4lja kui reaalsuses.<\/p>\n<p>Materjal on v\u00e4ga veniv ning mugav kanda ja \u00e4\u00e4rmiselt meeldiv keha vastas tunda. Saadaval suurustes S\/M ja L\/XL. Kombineeri n\u00e4iteks <a href=\"https:\/\/pesu24.ee\/en\/hommikumantlid\/hommikumantel-obsessive-diyosa\/\">Obsessive Dyosa hommikumantliga<\/a>, et luua ideaalne kooslus.<\/p>\n<p><span style=\"color: #008000;\"><strong>DETAILS:<\/strong><\/span><\/p>\n<ul>\n<li>rinnaosa pool-l\u00e4bipaistvast pitsist<\/li>\n<li>alumine osa l\u00e4ikivast kangast<\/li>\n<li>v\u00e4ga elastne ja vastupidav<\/li>\n<li>mugav kanda<\/li>\n<li>\u00e4\u00e4rmiselt meeldiv keha vastas tunda<\/li>\n<li>90% pol\u00fcamiid, 10% elastaan<\/li>\n<\/ul>\n<p>Samast Elisetta kollektsioonist saadaval ka mustast pitsist <a href=\"https:\/\/pesu24.ee\/en\/pesukomplektid\/mustast-pitsist-2-osaline-pesukomplekt-obsessive-elisetta\/\">2-osaline Elisetta pesukomplekt<\/a>.<\/p>\n<p><span style=\"color: #008000;\"><strong>VIDEO<\/strong><\/span><\/p>\n<div class=\"video-container\"><iframe loading=\"lazy\" title=\"ELEGANTN\u00cd BODY ELISETTA TEDDY - OBSESSIVE\" width=\"500\" height=\"281\" src=\"https:\/\/www.youtube.com\/embed\/ehAQ8IQG7I0?feature=oembed&#038;wmode=opaque\" frameborder=\"0\" allow=\"accelerometer; autoplay; clipboard-write; encrypted-media; gyroscope; picture-in-picture; web-share\" referrerpolicy=\"strict-origin-when-cross-origin\" allowfullscreen><\/iframe><\/div>","protected":false},"excerpt":{"rendered":"<p>&#46;&#46;&#46;<\/p>","protected":false},"featured_media":15185,"comment_status":"open","ping_status":"closed","template":"","meta":{"_glsr_average":0,"_glsr_ranking":0,"_glsr_reviews":0},"product_brand":[500],"product_cat":[89],"product_tag":[160],"class_list":{"0":"post-15002","1":"product","2":"type-product","3":"status-publish","4":"has-post-thumbnail","6":"product_brand-obsessive","7":"product_cat-bodyd","8":"product_tag-obsessive","9":"pa_suurus-l-xl","10":"pa_suurus-s-m","11":"pa_varvus-must","13":"first","14":"instock","15":"sale","16":"sold-individually","17":"taxable","18":"shipping-taxable","19":"purchasable","20":"product-type-variable"},"_links":{"self":[{"href":"https:\/\/pesu24.ee\/en\/wp-json\/wp\/v2\/product\/15002","targetHints":{"allow":["GET"]}}],"collection":[{"href":"https:\/\/pesu24.ee\/en\/wp-json\/wp\/v2\/product"}],"about":[{"href":"https:\/\/pesu24.ee\/en\/wp-json\/wp\/v2\/types\/product"}],"replies":[{"embeddable":true,"href":"https:\/\/pesu24.ee\/en\/wp-json\/wp\/v2\/comments?post=15002"}],"wp:featuredmedia":[{"embeddable":true,"href":"https:\/\/pesu24.ee\/en\/wp-json\/wp\/v2\/media\/15185"}],"wp:attachment":[{"href":"https:\/\/pesu24.ee\/en\/wp-json\/wp\/v2\/media?parent=15002"}],"wp:term":[{"taxonomy":"product_brand","embeddable":true,"href":"https:\/\/pesu24.ee\/en\/wp-json\/wp\/v2\/product_brand?post=15002"},{"taxonomy":"product_cat","embeddable":true,"href":"https:\/\/pesu24.ee\/en\/wp-json\/wp\/v2\/product_cat?post=15002"},{"taxonomy":"product_tag","embeddable":true,"href":"https:\/\/pesu24.ee\/en\/wp-json\/wp\/v2\/product_tag?post=15002"}],"curies":[{"name":"wp","href":"https:\/\/api.w.org\/{rel}","templated":true}]}}