{"id":15003,"date":"2025-08-18T18:51:44","date_gmt":"2025-08-18T15:51:44","guid":{"rendered":"https:\/\/pesu24.ee\/?post_type=product&#038;p=15003"},"modified":"2025-08-20T14:55:06","modified_gmt":"2025-08-20T11:55:06","slug":"avatud-body-obsessive-rediosa","status":"publish","type":"product","link":"https:\/\/pesu24.ee\/en\/bodyd\/avatud-body-obsessive-rediosa\/","title":{"rendered":"Avatud body Obsessive Rediosa"},"content":{"rendered":"<p>Elastsest ja v\u00e4ga mugava l\u00f5ikega ning materjali body Obsessive Rediosa. Punane pool-l\u00e4bipaistev pits ja avatud rinnad ning jalgevahe fantaasiale ruumi ei j\u00e4ta.<\/p>\n<p>Body on kaelapaelast reguleeritav ja tagant mitmeastmelise kinnitusega. Elastne materjal ja reguleeritavus loob parima sobivuse.<\/p>\n<p><span style=\"color: #008000;\"><strong>DETAILS:<\/strong><\/span><\/p>\n<ul>\n<li>avatud rinnaosa<\/li>\n<li>avatud jalgevahe<\/li>\n<li>tagant astmeline kinnitus<\/li>\n<li>elastne materjal<\/li>\n<li>mugav kanda ja keha vastas tunda<\/li>\n<li>90% pol\u00fcamiid, 10% elastaan<\/li>\n<\/ul>\n<p><strong style=\"color: #008000; font-family: Poppins, sans-serif;\">VIDEO<\/strong><\/p>\n<div class=\"video-container\"><iframe loading=\"lazy\" title=\"KOKETN\u00cd BODY REDIOSA TEDDY - OBSESSIVE\" width=\"500\" height=\"281\" src=\"https:\/\/www.youtube.com\/embed\/G3Vhhe7gPdc?feature=oembed&#038;wmode=opaque\" frameborder=\"0\" allow=\"accelerometer; autoplay; clipboard-write; encrypted-media; gyroscope; picture-in-picture; web-share\" referrerpolicy=\"strict-origin-when-cross-origin\" allowfullscreen><\/iframe><\/div>","protected":false},"excerpt":{"rendered":"<p>https:\/\/www.youtube.com\/watch?v=G3Vhhe7gPdc<\/p>","protected":false},"featured_media":15191,"comment_status":"open","ping_status":"closed","template":"","meta":{"_glsr_average":0,"_glsr_ranking":0,"_glsr_reviews":0},"product_brand":[500],"product_cat":[89],"product_tag":[160],"class_list":{"0":"post-15003","1":"product","2":"type-product","3":"status-publish","4":"has-post-thumbnail","6":"product_brand-obsessive","7":"product_cat-bodyd","8":"product_tag-obsessive","9":"pa_suurus-l-xl","10":"pa_suurus-s-m","11":"pa_varvus-punane","13":"first","14":"instock","15":"sold-individually","16":"taxable","17":"shipping-taxable","18":"purchasable","19":"product-type-variable"},"_links":{"self":[{"href":"https:\/\/pesu24.ee\/en\/wp-json\/wp\/v2\/product\/15003","targetHints":{"allow":["GET"]}}],"collection":[{"href":"https:\/\/pesu24.ee\/en\/wp-json\/wp\/v2\/product"}],"about":[{"href":"https:\/\/pesu24.ee\/en\/wp-json\/wp\/v2\/types\/product"}],"replies":[{"embeddable":true,"href":"https:\/\/pesu24.ee\/en\/wp-json\/wp\/v2\/comments?post=15003"}],"wp:featuredmedia":[{"embeddable":true,"href":"https:\/\/pesu24.ee\/en\/wp-json\/wp\/v2\/media\/15191"}],"wp:attachment":[{"href":"https:\/\/pesu24.ee\/en\/wp-json\/wp\/v2\/media?parent=15003"}],"wp:term":[{"taxonomy":"product_brand","embeddable":true,"href":"https:\/\/pesu24.ee\/en\/wp-json\/wp\/v2\/product_brand?post=15003"},{"taxonomy":"product_cat","embeddable":true,"href":"https:\/\/pesu24.ee\/en\/wp-json\/wp\/v2\/product_cat?post=15003"},{"taxonomy":"product_tag","embeddable":true,"href":"https:\/\/pesu24.ee\/en\/wp-json\/wp\/v2\/product_tag?post=15003"}],"curies":[{"name":"wp","href":"https:\/\/api.w.org\/{rel}","templated":true}]}}