{"id":15275,"date":"2025-08-18T19:00:54","date_gmt":"2025-08-18T16:00:54","guid":{"rendered":"https:\/\/pesu24.ee\/?post_type=product&#038;p=15275"},"modified":"2026-03-23T11:46:45","modified_gmt":"2026-03-23T09:46:45","slug":"avatud-body-obsessive-merrynel","status":"publish","type":"product","link":"https:\/\/pesu24.ee\/en\/bodyd\/avatud-body-obsessive-merrynel\/","title":{"rendered":"Avatud body Obsessive Merrynel"},"content":{"rendered":"<p><strong>Obsessive Merrynel on avatud jalgevahe ja rinnakorviga body, mis kuulub <a href=\"https:\/\/pesu24.ee\/en\/omadus\/obsessive-joulukollektsioonid\/\">Obssessive j\u00f5uluteemalisse pesukollektsiooni<\/a>. Body saab kasutada ka ilma kohevate nibukatetega<\/strong><\/p>\n<p>Valmistatud kvaliteetsest ja elastsest materjalist, mis tagab ideaalse sobivuse. V\u00e4ga mugav ja meeldiv materjal, mida on m\u00f5nus kanda ja erutavalt meeldiv keha vastas tunda. 94% pol\u00fcamiid, 6% elastaan.<\/p>\n<p>Komplekti kuulub avatud body ja kohevad nibukatted.<\/p>\n<p>Tutvuge ka teiste\u00a0<a href=\"https:\/\/pesu24.ee\/en\/omadus\/obsessive-christmas\/\">Obsessive Christmas<\/a>\u00a0pesukollektsiooni toodetega.<\/p>\n<p><span style=\"color: #339966;\"><strong>DETAILS<\/strong><\/span><\/p>\n<ul>\n<li>2-osaline komplekt<\/li>\n<li>komplektis body ja kohevad nibukatted<\/li>\n<li>body avatud jalgevahe ja rinnakorv<\/li>\n<li>reguleeritavad paelad<\/li>\n<li>elastsus ja reguleeritavus tahab ideaalse sobivuse<\/li>\n<li>94% pol\u00fcamiid, 6% elastaan<\/li>\n<\/ul>","protected":false},"excerpt":{"rendered":"<p>&#46;&#46;&#46;<\/p>","protected":false},"featured_media":15281,"comment_status":"open","ping_status":"closed","template":"","meta":{"_glsr_average":0,"_glsr_ranking":0,"_glsr_reviews":0},"product_brand":[500],"product_cat":[89],"product_tag":[160,413,414],"class_list":{"0":"post-15275","1":"product","2":"type-product","3":"status-publish","4":"has-post-thumbnail","6":"product_brand-obsessive","7":"product_cat-bodyd","8":"product_tag-obsessive","9":"product_tag-obsessive-christmas","10":"product_tag-obsessive-joulukollektsioonid","11":"pa_suurus-l-xl","12":"pa_suurus-s-m","13":"pa_suurus-xxl","15":"first","16":"instock","17":"sale","18":"sold-individually","19":"taxable","20":"shipping-taxable","21":"purchasable","22":"product-type-variable","23":"has-default-attributes"},"_links":{"self":[{"href":"https:\/\/pesu24.ee\/en\/wp-json\/wp\/v2\/product\/15275","targetHints":{"allow":["GET"]}}],"collection":[{"href":"https:\/\/pesu24.ee\/en\/wp-json\/wp\/v2\/product"}],"about":[{"href":"https:\/\/pesu24.ee\/en\/wp-json\/wp\/v2\/types\/product"}],"replies":[{"embeddable":true,"href":"https:\/\/pesu24.ee\/en\/wp-json\/wp\/v2\/comments?post=15275"}],"wp:featuredmedia":[{"embeddable":true,"href":"https:\/\/pesu24.ee\/en\/wp-json\/wp\/v2\/media\/15281"}],"wp:attachment":[{"href":"https:\/\/pesu24.ee\/en\/wp-json\/wp\/v2\/media?parent=15275"}],"wp:term":[{"taxonomy":"product_brand","embeddable":true,"href":"https:\/\/pesu24.ee\/en\/wp-json\/wp\/v2\/product_brand?post=15275"},{"taxonomy":"product_cat","embeddable":true,"href":"https:\/\/pesu24.ee\/en\/wp-json\/wp\/v2\/product_cat?post=15275"},{"taxonomy":"product_tag","embeddable":true,"href":"https:\/\/pesu24.ee\/en\/wp-json\/wp\/v2\/product_tag?post=15275"}],"curies":[{"name":"wp","href":"https:\/\/api.w.org\/{rel}","templated":true}]}}