{"id":15288,"date":"2025-08-18T19:03:42","date_gmt":"2025-08-18T16:03:42","guid":{"rendered":"https:\/\/pesu24.ee\/?post_type=product&#038;p=15288"},"modified":"2025-10-12T02:45:39","modified_gmt":"2025-10-11T23:45:39","slug":"hommikumantel-obsessive-satinia","status":"publish","type":"product","link":"https:\/\/pesu24.ee\/en\/hommikumantlid\/hommikumantel-obsessive-satinia\/","title":{"rendered":"Hommikumantel Obsessive Satinia"},"content":{"rendered":"<p>Teil on must v\u00f6\u00f6, kuid mitte v\u00f5itluskunstides, mis t\u00e4hendaks suurt t\u00fcli. Oh, ei! Teil on rahumeelsed kavatsused. Te ei too mitte ainult rahu, vaid ka armastust, naudingut ja r\u00f5\u00f5mu selle musta satiinist hommikumantliga. Lisaks hommikumantlile on komplektis ka satiinist stringid.<\/p>\n<p><strong><span style=\"color: #008000;\">KOMPLEKT SISALDAB:<\/span><\/strong><\/p>\n<ul>\n<li>hommikumantel<\/li>\n<li>stringid<\/li>\n<\/ul>\n<p>Hommikumantel sobib perfektselt kokku <a href=\"https:\/\/pesu24.ee\/en\/aksessuaarid\/mask-obsessive-satinia\/\">Obsessive Satinia maskiga<\/a>.<\/p>\n<p><span style=\"color: #008000;\"><strong>DETAILS:<\/strong><\/span><\/p>\n<ul>\n<li>valmistatud l\u00e4ikivast materjalist, kaunist, s\u00fcgavat musta v\u00e4rvi<\/li>\n<li>siidine tunnetus<\/li>\n<li>seotav kena satiinist v\u00f6\u00f6<\/li>\n<li>3\/4 pikkused varrukad<\/li>\n<li>varrukad kaunistatud gip\u00fc\u00fcriga<\/li>\n<li>pehme ja \u00f5rn kangas (95% pol\u00fcester, 5% elastaan)<\/li>\n<\/ul>","protected":false},"excerpt":{"rendered":"<p>&#46;&#46;&#46;<\/p>","protected":false},"featured_media":15323,"comment_status":"open","ping_status":"closed","template":"","meta":{"_glsr_average":0,"_glsr_ranking":0,"_glsr_reviews":0},"product_brand":[500],"product_cat":[109],"product_tag":[160],"class_list":{"0":"post-15288","1":"product","2":"type-product","3":"status-publish","4":"has-post-thumbnail","6":"product_brand-obsessive","7":"product_cat-hommikumantlid","8":"product_tag-obsessive","9":"pa_suurus-l-xl","10":"pa_suurus-s-m","11":"pa_varvus-must","13":"first","14":"instock","15":"sold-individually","16":"taxable","17":"shipping-taxable","18":"purchasable","19":"product-type-variable"},"_links":{"self":[{"href":"https:\/\/pesu24.ee\/en\/wp-json\/wp\/v2\/product\/15288","targetHints":{"allow":["GET"]}}],"collection":[{"href":"https:\/\/pesu24.ee\/en\/wp-json\/wp\/v2\/product"}],"about":[{"href":"https:\/\/pesu24.ee\/en\/wp-json\/wp\/v2\/types\/product"}],"replies":[{"embeddable":true,"href":"https:\/\/pesu24.ee\/en\/wp-json\/wp\/v2\/comments?post=15288"}],"wp:featuredmedia":[{"embeddable":true,"href":"https:\/\/pesu24.ee\/en\/wp-json\/wp\/v2\/media\/15323"}],"wp:attachment":[{"href":"https:\/\/pesu24.ee\/en\/wp-json\/wp\/v2\/media?parent=15288"}],"wp:term":[{"taxonomy":"product_brand","embeddable":true,"href":"https:\/\/pesu24.ee\/en\/wp-json\/wp\/v2\/product_brand?post=15288"},{"taxonomy":"product_cat","embeddable":true,"href":"https:\/\/pesu24.ee\/en\/wp-json\/wp\/v2\/product_cat?post=15288"},{"taxonomy":"product_tag","embeddable":true,"href":"https:\/\/pesu24.ee\/en\/wp-json\/wp\/v2\/product_tag?post=15288"}],"curies":[{"name":"wp","href":"https:\/\/api.w.org\/{rel}","templated":true}]}}