{"id":15293,"date":"2025-08-18T19:03:42","date_gmt":"2025-08-18T16:03:42","guid":{"rendered":"https:\/\/pesu24.ee\/?post_type=product&#038;p=15293"},"modified":"2026-03-23T12:17:21","modified_gmt":"2026-03-23T10:17:21","slug":"hommikumantel-obsessive-sensuelia-roheline","status":"publish","type":"product","link":"https:\/\/pesu24.ee\/en\/hommikumantlid\/hommikumantel-obsessive-sensuelia-roheline\/","title":{"rendered":"Hommikumantel Obsessive Sensuelia (roheline)"},"content":{"rendered":"<p>Midagi ideaalset sensuaalseks v\u00e4ljan\u00e4gemiseks hommikus\u00f6\u00f6gi ajal? Siin sa oled! Armas pits, peen materjal &#8211; esitleme teile Obsessive Sensuelia hommikumantlit, milles tunnete ennast kui kirgede kuninganna. Kui paned selle hommikuti selga, soovib su mees sind vaid s\u00fcles hoida.<\/p>\n<p>Seilake imelisele naudingumaale, mis on t\u00e4is r\u00f5\u00f5mu ja meelelisi kogemusi. Obsessive&#8217;i Sensuelia abil t\u00e4idate alati oma unistused kanda t\u00f5eliselt v\u00f5luvat, elegantset ja ilusat naistepesu. Ohh, mida l\u00e4hemal \u00f5htu j\u00f5uab, seda p\u00f5nevam sa oled &#8230;<\/p>\n<p><span style=\"color: #008000;\"><strong>KOMPKEKT SISALDAB:<\/strong><\/span><\/p>\n<ul>\n<li>hommikumantel<\/li>\n<\/ul>\n<p>Komplektiga sobib ideaalselt kokku roheline <a class=\"sex_shop\" href=\"https:\/\/pesu24.ee\/en\/pesukomplektid\/2-osaline-pesukomplekt-obsessive-sensuelia-roheline\/\">2-osaline Obsessive Sensuelia pesukomplekt<\/a>.<\/p>\n<p><span style=\"color: #008000;\"><strong>DETAILS:<\/strong><\/span><\/p>\n<ul>\n<li>valmistatud unikaalsest rohelisest kangast<\/li>\n<li>kaunistatud pitsist \u00e4\u00e4rtega<\/li>\n<li>seotav satiinist v\u00f6\u00f6ga<\/li>\n<li>mugav ning pehme materjal (90% pol\u00fcamiid, 10% elastaan)<\/li>\n<\/ul>\n<p><span style=\"color: #008000;\"><strong>VIDEO<\/strong><\/span><\/p>\n<div class=\"video-container\"><iframe loading=\"lazy\" title=\"SMYSLN\u00dd \u017dUPAN SENSUELIA PEIGNOIR GREEN - OBSESSIVE\" width=\"500\" height=\"281\" src=\"https:\/\/www.youtube.com\/embed\/oB236gFthp0?feature=oembed&#038;wmode=opaque\" frameborder=\"0\" allow=\"accelerometer; autoplay; clipboard-write; encrypted-media; gyroscope; picture-in-picture; web-share\" referrerpolicy=\"strict-origin-when-cross-origin\" allowfullscreen><\/iframe><\/div>","protected":false},"excerpt":{"rendered":"<p>&#46;&#46;&#46;<\/p>","protected":false},"featured_media":15362,"comment_status":"open","ping_status":"closed","template":"","meta":{"_glsr_average":0,"_glsr_ranking":0,"_glsr_reviews":0},"product_brand":[500],"product_cat":[109],"product_tag":[160],"class_list":{"0":"post-15293","1":"product","2":"type-product","3":"status-publish","4":"has-post-thumbnail","6":"product_brand-obsessive","7":"product_cat-hommikumantlid","8":"product_tag-obsessive","9":"pa_suurus-l-xl","10":"pa_suurus-s-m","11":"pa_suurus-xxl","12":"pa_varvus-roheline","14":"first","15":"instock","16":"sale","17":"sold-individually","18":"taxable","19":"shipping-taxable","20":"purchasable","21":"product-type-variable"},"_links":{"self":[{"href":"https:\/\/pesu24.ee\/en\/wp-json\/wp\/v2\/product\/15293","targetHints":{"allow":["GET"]}}],"collection":[{"href":"https:\/\/pesu24.ee\/en\/wp-json\/wp\/v2\/product"}],"about":[{"href":"https:\/\/pesu24.ee\/en\/wp-json\/wp\/v2\/types\/product"}],"replies":[{"embeddable":true,"href":"https:\/\/pesu24.ee\/en\/wp-json\/wp\/v2\/comments?post=15293"}],"wp:featuredmedia":[{"embeddable":true,"href":"https:\/\/pesu24.ee\/en\/wp-json\/wp\/v2\/media\/15362"}],"wp:attachment":[{"href":"https:\/\/pesu24.ee\/en\/wp-json\/wp\/v2\/media?parent=15293"}],"wp:term":[{"taxonomy":"product_brand","embeddable":true,"href":"https:\/\/pesu24.ee\/en\/wp-json\/wp\/v2\/product_brand?post=15293"},{"taxonomy":"product_cat","embeddable":true,"href":"https:\/\/pesu24.ee\/en\/wp-json\/wp\/v2\/product_cat?post=15293"},{"taxonomy":"product_tag","embeddable":true,"href":"https:\/\/pesu24.ee\/en\/wp-json\/wp\/v2\/product_tag?post=15293"}],"curies":[{"name":"wp","href":"https:\/\/api.w.org\/{rel}","templated":true}]}}