{"id":15299,"date":"2025-08-18T19:03:42","date_gmt":"2025-08-18T16:03:42","guid":{"rendered":"https:\/\/pesu24.ee\/?post_type=product&#038;p=15299"},"modified":"2025-08-28T10:32:49","modified_gmt":"2025-08-28T07:32:49","slug":"hommikumantel-beauty-night-shannon-must","status":"publish","type":"product","link":"https:\/\/pesu24.ee\/en\/hommikumantlid\/hommikumantel-beauty-night-shannon-must\/","title":{"rendered":"Hommikumantel Beauty Night Shannon"},"content":{"rendered":"<p>Beauty Night Shannon hommikumantel on valmistatud kvaliteetsest musta v\u00e4rvi satiinist. Hommikumantli \u00e4\u00e4red on kaunistatud seksika pitsiga ja varrukad ulatuvad k\u00fc\u00fcnarnukkideni.<\/p>\n<p><span style=\"color: #008000;\"><strong>KOMPLEKT SISALDAB:<\/strong><\/span><\/p>\n<ul>\n<li>hommikumantel<\/li>\n<li>stringid<\/li>\n<\/ul>\n<p><span style=\"color: #008000;\"><strong>DETAILS:<\/strong><\/span><\/p>\n<ul>\n<li>saadaval kahes suuruses S\/M ja L\/XL<\/li>\n<li>valmistatud mugavast ja elastsest materjalist (100% pol\u00fcester)<\/li>\n<\/ul>","protected":false},"excerpt":{"rendered":"<p>&#46;&#46;&#46;<\/p>","protected":false},"featured_media":15403,"comment_status":"open","ping_status":"closed","template":"","meta":{"_glsr_average":0,"_glsr_ranking":0,"_glsr_reviews":0},"product_brand":[503],"product_cat":[109],"product_tag":[403],"class_list":{"0":"post-15299","1":"product","2":"type-product","3":"status-publish","4":"has-post-thumbnail","6":"product_brand-beauty-night","7":"product_cat-hommikumantlid","8":"product_tag-beauty-night","9":"pa_suurus-l-xl","10":"pa_suurus-s-m","11":"pa_varvus-must","13":"first","14":"instock","15":"sale","16":"sold-individually","17":"taxable","18":"shipping-taxable","19":"purchasable","20":"product-type-variable"},"_links":{"self":[{"href":"https:\/\/pesu24.ee\/en\/wp-json\/wp\/v2\/product\/15299","targetHints":{"allow":["GET"]}}],"collection":[{"href":"https:\/\/pesu24.ee\/en\/wp-json\/wp\/v2\/product"}],"about":[{"href":"https:\/\/pesu24.ee\/en\/wp-json\/wp\/v2\/types\/product"}],"replies":[{"embeddable":true,"href":"https:\/\/pesu24.ee\/en\/wp-json\/wp\/v2\/comments?post=15299"}],"wp:featuredmedia":[{"embeddable":true,"href":"https:\/\/pesu24.ee\/en\/wp-json\/wp\/v2\/media\/15403"}],"wp:attachment":[{"href":"https:\/\/pesu24.ee\/en\/wp-json\/wp\/v2\/media?parent=15299"}],"wp:term":[{"taxonomy":"product_brand","embeddable":true,"href":"https:\/\/pesu24.ee\/en\/wp-json\/wp\/v2\/product_brand?post=15299"},{"taxonomy":"product_cat","embeddable":true,"href":"https:\/\/pesu24.ee\/en\/wp-json\/wp\/v2\/product_cat?post=15299"},{"taxonomy":"product_tag","embeddable":true,"href":"https:\/\/pesu24.ee\/en\/wp-json\/wp\/v2\/product_tag?post=15299"}],"curies":[{"name":"wp","href":"https:\/\/api.w.org\/{rel}","templated":true}]}}