{"id":15302,"date":"2025-08-18T19:03:43","date_gmt":"2025-08-18T16:03:43","guid":{"rendered":"https:\/\/pesu24.ee\/?post_type=product&#038;p=15302"},"modified":"2025-08-20T14:55:03","modified_gmt":"2025-08-20T11:55:03","slug":"hommikumantel-obsessive-diyosa","status":"publish","type":"product","link":"https:\/\/pesu24.ee\/en\/hommikumantlid\/hommikumantel-obsessive-diyosa\/","title":{"rendered":"Hommikumantel Obsessive Diyosa"},"content":{"rendered":"<p>Obsessive Diyosa hommikumantel on valmistatud sensuaalsest materjalist ning kaunistatud pits\u00e4\u00e4rtega. Toode on \u00fclimalt seksikas ning lisaks on v\u00e4ga mugav kanda ka iga p\u00e4evaselt.<\/p>\n<p><span style=\"color: #008000;\"><strong>KOMPLEKT SISALDAB:<\/strong><\/span><\/p>\n<ul>\n<li>hommikumantel<\/li>\n<\/ul>\n<p><span style=\"color: #008000;\"><strong>DETAILS:<\/strong><\/span><\/p>\n<ul>\n<li>fenomenaalne must hommikumantel<\/li>\n<li>satiinist\u00a0 v\u00f6\u00f6<\/li>\n<li>kaunistatud pits\u00e4\u00e4rtega<\/li>\n<li>kelmikas satiinist lips selja osas<\/li>\n<li>mugav ja veniv materjal (90% pol\u00fcamiid, 10% elastaan)<\/li>\n<\/ul>\n<p><span style=\"color: #008000;\"><strong>VIDEO<\/strong><\/span><\/p>\n<div class=\"video-container\"><iframe loading=\"lazy\" title=\"JEMN\u00dd \u017dUPAN DIYOSA PEIGNOIR - OBSESSIVE\" width=\"500\" height=\"281\" src=\"https:\/\/www.youtube.com\/embed\/FINKnKADUNE?feature=oembed&#038;wmode=opaque\" frameborder=\"0\" allow=\"accelerometer; autoplay; clipboard-write; encrypted-media; gyroscope; picture-in-picture; web-share\" referrerpolicy=\"strict-origin-when-cross-origin\" allowfullscreen><\/iframe><\/div>","protected":false},"excerpt":{"rendered":"<p>https:\/\/www.youtube.com\/watch?v=FINKnKADUNE<\/p>","protected":false},"featured_media":15420,"comment_status":"open","ping_status":"closed","template":"","meta":{"_glsr_average":0,"_glsr_ranking":0,"_glsr_reviews":0},"product_brand":[500],"product_cat":[109],"product_tag":[160],"class_list":{"0":"post-15302","1":"product","2":"type-product","3":"status-publish","4":"has-post-thumbnail","6":"product_brand-obsessive","7":"product_cat-hommikumantlid","8":"product_tag-obsessive","9":"pa_suurus-l-xl","10":"pa_suurus-s-m","11":"pa_suurus-xxl","12":"pa_varvus-must","14":"first","15":"instock","16":"sold-individually","17":"taxable","18":"shipping-taxable","19":"purchasable","20":"product-type-variable"},"_links":{"self":[{"href":"https:\/\/pesu24.ee\/en\/wp-json\/wp\/v2\/product\/15302","targetHints":{"allow":["GET"]}}],"collection":[{"href":"https:\/\/pesu24.ee\/en\/wp-json\/wp\/v2\/product"}],"about":[{"href":"https:\/\/pesu24.ee\/en\/wp-json\/wp\/v2\/types\/product"}],"replies":[{"embeddable":true,"href":"https:\/\/pesu24.ee\/en\/wp-json\/wp\/v2\/comments?post=15302"}],"wp:featuredmedia":[{"embeddable":true,"href":"https:\/\/pesu24.ee\/en\/wp-json\/wp\/v2\/media\/15420"}],"wp:attachment":[{"href":"https:\/\/pesu24.ee\/en\/wp-json\/wp\/v2\/media?parent=15302"}],"wp:term":[{"taxonomy":"product_brand","embeddable":true,"href":"https:\/\/pesu24.ee\/en\/wp-json\/wp\/v2\/product_brand?post=15302"},{"taxonomy":"product_cat","embeddable":true,"href":"https:\/\/pesu24.ee\/en\/wp-json\/wp\/v2\/product_cat?post=15302"},{"taxonomy":"product_tag","embeddable":true,"href":"https:\/\/pesu24.ee\/en\/wp-json\/wp\/v2\/product_tag?post=15302"}],"curies":[{"name":"wp","href":"https:\/\/api.w.org\/{rel}","templated":true}]}}