{"id":15303,"date":"2025-08-18T19:03:43","date_gmt":"2025-08-18T16:03:43","guid":{"rendered":"https:\/\/pesu24.ee\/?post_type=product&#038;p=15303"},"modified":"2026-03-23T12:16:27","modified_gmt":"2026-03-23T10:16:27","slug":"hommikumantel-obsessive-prima-neve","status":"publish","type":"product","link":"https:\/\/pesu24.ee\/en\/hommikumantlid\/hommikumantel-obsessive-prima-neve\/","title":{"rendered":"Hommikumantel Obsessive Prima Neve"},"content":{"rendered":"<p>Obsessive Prima Neve hommikumantel on valmistatud valgest satiinist ning kaunistatud pits\u00e4\u00e4rtega. Elegantse ning aegumatu disaini t\u00f5ttu sobib hommikumantel suurep\u00e4raselt nii hommikus\u00f6\u00f6giks kui ka romantilisteks \u00f5htuteks koos oma kallimaga.<\/p>\n<p><span style=\"color: #008000;\"><strong>DETAILS:<\/strong><\/span><\/p>\n<ul>\n<li>fenomenaalne valge hommikumantel<\/li>\n<li>satiinist v\u00f6\u00f6<\/li>\n<li>kaunistatud pits\u00e4\u00e4rtega<\/li>\n<li>mugav ja veniv materjal (95% pol\u00fcamiid, 5% elastaan)<\/li>\n<\/ul>\n<p><span style=\"color: #008000;\"><strong>VIDEO<\/strong><\/span><\/p>\n<div class=\"video-container\"><iframe loading=\"lazy\" title=\"Sat\u00e9nov\u00fd \u017eupan Prima Neve peignoir - Obsessive\" width=\"500\" height=\"281\" src=\"https:\/\/www.youtube.com\/embed\/QBZAk--t4bA?feature=oembed&#038;wmode=opaque\" frameborder=\"0\" allow=\"accelerometer; autoplay; clipboard-write; encrypted-media; gyroscope; picture-in-picture; web-share\" referrerpolicy=\"strict-origin-when-cross-origin\" allowfullscreen><\/iframe><\/div>","protected":false},"excerpt":{"rendered":"<p>&#46;&#46;&#46;<\/p>","protected":false},"featured_media":15429,"comment_status":"open","ping_status":"closed","template":"","meta":{"_glsr_average":0,"_glsr_ranking":0,"_glsr_reviews":0},"product_brand":[500],"product_cat":[109],"product_tag":[160],"class_list":{"0":"post-15303","1":"product","2":"type-product","3":"status-publish","4":"has-post-thumbnail","6":"product_brand-obsessive","7":"product_cat-hommikumantlid","8":"product_tag-obsessive","9":"pa_suurus-l-xl","10":"pa_suurus-s-m","11":"pa_varvus-valge","13":"first","14":"instock","15":"sale","16":"sold-individually","17":"taxable","18":"shipping-taxable","19":"purchasable","20":"product-type-variable"},"_links":{"self":[{"href":"https:\/\/pesu24.ee\/en\/wp-json\/wp\/v2\/product\/15303","targetHints":{"allow":["GET"]}}],"collection":[{"href":"https:\/\/pesu24.ee\/en\/wp-json\/wp\/v2\/product"}],"about":[{"href":"https:\/\/pesu24.ee\/en\/wp-json\/wp\/v2\/types\/product"}],"replies":[{"embeddable":true,"href":"https:\/\/pesu24.ee\/en\/wp-json\/wp\/v2\/comments?post=15303"}],"wp:featuredmedia":[{"embeddable":true,"href":"https:\/\/pesu24.ee\/en\/wp-json\/wp\/v2\/media\/15429"}],"wp:attachment":[{"href":"https:\/\/pesu24.ee\/en\/wp-json\/wp\/v2\/media?parent=15303"}],"wp:term":[{"taxonomy":"product_brand","embeddable":true,"href":"https:\/\/pesu24.ee\/en\/wp-json\/wp\/v2\/product_brand?post=15303"},{"taxonomy":"product_cat","embeddable":true,"href":"https:\/\/pesu24.ee\/en\/wp-json\/wp\/v2\/product_cat?post=15303"},{"taxonomy":"product_tag","embeddable":true,"href":"https:\/\/pesu24.ee\/en\/wp-json\/wp\/v2\/product_tag?post=15303"}],"curies":[{"name":"wp","href":"https:\/\/api.w.org\/{rel}","templated":true}]}}