{"id":15308,"date":"2025-08-18T19:03:43","date_gmt":"2025-08-18T16:03:43","guid":{"rendered":"https:\/\/pesu24.ee\/?post_type=product&#038;p=15308"},"modified":"2025-09-15T12:37:24","modified_gmt":"2025-09-15T09:37:24","slug":"hommikumantel-obsessive-yassmyne","status":"publish","type":"product","link":"https:\/\/pesu24.ee\/en\/hommikumantlid\/hommikumantel-obsessive-yassmyne\/","title":{"rendered":"Hommikumantel Obsessive Yassmyne"},"content":{"rendered":"<p><strong>Kui meeldib seksikas pesu, mis sobib ideaalselt figuuriga v\u00f5i soovid tuua oma v\u00f6\u00f6kohta esile, siis sobib ideaalselt v\u00f5rgutav hommikumantel Yassmyne.<\/strong><\/p>\n<p>Originaalse mustri, v\u00e4rvikombinatsioon ja l\u00f5ige, optiliselt salendav ja pooleldi l\u00e4bipaistev materjal, mida k\u00f5ike on v\u00e4ga mugav kanda, meeldiv keha vastas tunda ja m\u00f5nus puudutada. T\u00e4pselt selline n\u00e4eb v\u00e4lja ja on hommikumantel Yassmyne.<\/p>\n<p><span style=\"color: #008000;\"><strong>DETAILS<\/strong><\/span><\/p>\n<ul>\n<li>kauni mustriga hommikumantel<\/li>\n<li>satiinist v\u00f6\u00f6<\/li>\n<li>mugav kanda<\/li>\n<li>meeldiv keha vastas tunda ja m\u00f5nus puudutada<\/li>\n<li>90% pol\u00fcamiid, 10% elastaan<\/li>\n<li>PS! Tootefotodel olevad <a href=\"https:\/\/pesu24.ee\/en\/stringid-puksikud\/stringid-obsessive-yassmyne\/\">Yassmyne stringid<\/a> ei kuulu komplekti, aga need saab osta eraldi<\/li>\n<\/ul>\n<p>Kui toode meeldib, siis soovitame tutvuda ka sama kollektsiooni <a href=\"https:\/\/pesu24.ee\/en\/pesukomplektid\/3-osaline-pesukomplekt-obsessive-yassmyne\/\">3-osalise pesukomplekt Yassmyne<\/a> ning ka <a href=\"https:\/\/pesu24.ee\/en\/babydollid\/babydoll-obsessive-yassmyne\/\">Yassmyne babydolliga<\/a>. Samuti saab eraldi osta <a href=\"https:\/\/pesu24.ee\/en\/stringid-puksikud\/stringid-obsessive-yassmyne\/\">Yassmyne stringid<\/a>.<\/p>","protected":false},"excerpt":{"rendered":"<p>&#46;&#46;&#46;<\/p>","protected":false},"featured_media":15468,"comment_status":"open","ping_status":"closed","template":"","meta":{"_glsr_average":0,"_glsr_ranking":0,"_glsr_reviews":0},"product_brand":[500],"product_cat":[109],"product_tag":[160],"class_list":{"0":"post-15308","1":"product","2":"type-product","3":"status-publish","4":"has-post-thumbnail","6":"product_brand-obsessive","7":"product_cat-hommikumantlid","8":"product_tag-obsessive","9":"pa_suurus-l-xl","10":"pa_suurus-s-m","11":"pa_varvus-sinine","13":"first","14":"instock","15":"sold-individually","16":"taxable","17":"shipping-taxable","18":"purchasable","19":"product-type-variable"},"_links":{"self":[{"href":"https:\/\/pesu24.ee\/en\/wp-json\/wp\/v2\/product\/15308","targetHints":{"allow":["GET"]}}],"collection":[{"href":"https:\/\/pesu24.ee\/en\/wp-json\/wp\/v2\/product"}],"about":[{"href":"https:\/\/pesu24.ee\/en\/wp-json\/wp\/v2\/types\/product"}],"replies":[{"embeddable":true,"href":"https:\/\/pesu24.ee\/en\/wp-json\/wp\/v2\/comments?post=15308"}],"wp:featuredmedia":[{"embeddable":true,"href":"https:\/\/pesu24.ee\/en\/wp-json\/wp\/v2\/media\/15468"}],"wp:attachment":[{"href":"https:\/\/pesu24.ee\/en\/wp-json\/wp\/v2\/media?parent=15308"}],"wp:term":[{"taxonomy":"product_brand","embeddable":true,"href":"https:\/\/pesu24.ee\/en\/wp-json\/wp\/v2\/product_brand?post=15308"},{"taxonomy":"product_cat","embeddable":true,"href":"https:\/\/pesu24.ee\/en\/wp-json\/wp\/v2\/product_cat?post=15308"},{"taxonomy":"product_tag","embeddable":true,"href":"https:\/\/pesu24.ee\/en\/wp-json\/wp\/v2\/product_tag?post=15308"}],"curies":[{"name":"wp","href":"https:\/\/api.w.org\/{rel}","templated":true}]}}