{"id":15309,"date":"2025-08-18T19:03:43","date_gmt":"2025-08-18T16:03:43","guid":{"rendered":"https:\/\/pesu24.ee\/?post_type=product&#038;p=15309"},"modified":"2025-08-21T13:42:17","modified_gmt":"2025-08-21T10:42:17","slug":"hommikumantel-obsessive-redessia","status":"publish","type":"product","link":"https:\/\/pesu24.ee\/en\/hommikumantlid\/hommikumantel-obsessive-redessia\/","title":{"rendered":"Hommikumantel Obsessive Redessia"},"content":{"rendered":"<p>Obsessive on teile valmistanud midagi m\u00e4ngulist ja stiilset &#8211; k\u00fctkestav Redessia hommikumantel, mis oma pooll\u00e4bipaistva mustaga hirmutab teid m\u00f5lemaid. Selles mudelis on teie jumalikud vormid delikaatselt r\u00f5hutatud ja v\u00f5luv pits paneb teid ihkama \u00f5htust l\u00f5bu.<\/p>\n<p><span style=\"color: #008000;\"><strong>KOMPLEKT SISALDAB:<\/strong><\/span><\/p>\n<ul>\n<li>hommikumantel<\/li>\n<\/ul>\n<p><span style=\"color: #008000;\"><strong>DETAILS:<\/strong><\/span><\/p>\n<ul>\n<li>valmistatud punasest ja mustast pitsist<\/li>\n<li>eest satiinist paelaga seotav<\/li>\n<li>taga kaunistuseks lips<\/li>\n<li>kaunistatud lillelise mustriga<\/li>\n<li>keskmisest pikema l\u00f5ikega<\/li>\n<li>mugav ja elastne materjal (90% pol\u00fcamiid, 10% elastaan)<\/li>\n<\/ul>","protected":false},"excerpt":{"rendered":"<p>&#46;&#46;&#46;<\/p>","protected":false},"featured_media":15476,"comment_status":"open","ping_status":"closed","template":"","meta":{"_glsr_average":0,"_glsr_ranking":0,"_glsr_reviews":0},"product_brand":[500],"product_cat":[109],"product_tag":[160],"class_list":{"0":"post-15309","1":"product","2":"type-product","3":"status-publish","4":"has-post-thumbnail","6":"product_brand-obsessive","7":"product_cat-hommikumantlid","8":"product_tag-obsessive","9":"pa_suurus-l-xl","10":"pa_suurus-s-m","11":"pa_varvus-punane","13":"first","14":"instock","15":"sold-individually","16":"taxable","17":"shipping-taxable","18":"purchasable","19":"product-type-variable"},"_links":{"self":[{"href":"https:\/\/pesu24.ee\/en\/wp-json\/wp\/v2\/product\/15309","targetHints":{"allow":["GET"]}}],"collection":[{"href":"https:\/\/pesu24.ee\/en\/wp-json\/wp\/v2\/product"}],"about":[{"href":"https:\/\/pesu24.ee\/en\/wp-json\/wp\/v2\/types\/product"}],"replies":[{"embeddable":true,"href":"https:\/\/pesu24.ee\/en\/wp-json\/wp\/v2\/comments?post=15309"}],"wp:featuredmedia":[{"embeddable":true,"href":"https:\/\/pesu24.ee\/en\/wp-json\/wp\/v2\/media\/15476"}],"wp:attachment":[{"href":"https:\/\/pesu24.ee\/en\/wp-json\/wp\/v2\/media?parent=15309"}],"wp:term":[{"taxonomy":"product_brand","embeddable":true,"href":"https:\/\/pesu24.ee\/en\/wp-json\/wp\/v2\/product_brand?post=15309"},{"taxonomy":"product_cat","embeddable":true,"href":"https:\/\/pesu24.ee\/en\/wp-json\/wp\/v2\/product_cat?post=15309"},{"taxonomy":"product_tag","embeddable":true,"href":"https:\/\/pesu24.ee\/en\/wp-json\/wp\/v2\/product_tag?post=15309"}],"curies":[{"name":"wp","href":"https:\/\/api.w.org\/{rel}","templated":true}]}}