{"id":15311,"date":"2025-08-18T19:03:43","date_gmt":"2025-08-18T16:03:43","guid":{"rendered":"https:\/\/pesu24.ee\/?post_type=product&#038;p=15311"},"modified":"2026-02-12T21:46:04","modified_gmt":"2026-02-12T19:46:04","slug":"hommikumantel-obsessive-810","status":"publish","type":"product","link":"https:\/\/pesu24.ee\/en\/hommikumantlid\/hommikumantel-obsessive-810\/","title":{"rendered":"Hommikumantel Obsessive 810"},"content":{"rendered":"<p>Obsessive 810 on jumaliku disainiga ning naiselik hommikumantel, mis on valmistatud v\u00e4ga pehmest kangast ning mille \u00e4\u00e4red on kaunistatud sensuaalse pitsiga. Te lihtsalt ei soovigi seda seljast v\u00f5tta &#8230;<\/p>\n<p><span style=\"color: #008000;\"><strong>KOMPLEKT SISALDAB:<\/strong><\/span><\/p>\n<ul>\n<li>hommikumantel<\/li>\n<\/ul>\n<p>Kombineerige soovikorral hommikumantel <a href=\"https:\/\/pesu24.ee\/en\/oosargid\/oosark-obsessive-810\/\">Obsessive 810 \u00f6\u00f6s\u00e4rgiga<\/a>.<\/p>\n<p><span style=\"color: #008000;\"><strong>DETAILS:<\/strong><\/span><\/p>\n<ul>\n<li>color black<\/li>\n<li>\u00e4\u00e4red kaunistatud pitsiga<\/li>\n<li>l\u00fchikesed k\u00e4ised<\/li>\n<li>satiinist v\u00f6\u00f6<\/li>\n<li>pehme ja mugav kangas (85% po\u00fcamiid, 15% elastaan)<\/li>\n<\/ul>\n<p><span style=\"color: #008000;\"><strong>VIDEO<\/strong><\/span><\/p>\n<div class=\"video-container\"><iframe loading=\"lazy\" title=\"D\u00c1MSK\u00dd \u017dUP\u00c1NEK 810-PEI-1\" width=\"500\" height=\"281\" src=\"https:\/\/www.youtube.com\/embed\/3Su0vsblKCk?feature=oembed&#038;wmode=opaque\" frameborder=\"0\" allow=\"accelerometer; autoplay; clipboard-write; encrypted-media; gyroscope; picture-in-picture; web-share\" referrerpolicy=\"strict-origin-when-cross-origin\" allowfullscreen><\/iframe><\/div>","protected":false},"excerpt":{"rendered":"<p>&#46;&#46;&#46;<\/p>","protected":false},"featured_media":15491,"comment_status":"open","ping_status":"closed","template":"","meta":{"_glsr_average":0,"_glsr_ranking":0,"_glsr_reviews":0},"product_brand":[500],"product_cat":[109],"product_tag":[160,155],"class_list":{"0":"post-15311","1":"product","2":"type-product","3":"status-publish","4":"has-post-thumbnail","6":"product_brand-obsessive","7":"product_cat-hommikumantlid","8":"product_tag-obsessive","9":"product_tag-obsessive-810","10":"pa_suurus-l-xl","11":"pa_suurus-s-m","12":"pa_suurus-xxl","13":"pa_varvus-must","15":"first","16":"instock","17":"sold-individually","18":"taxable","19":"shipping-taxable","20":"purchasable","21":"product-type-variable"},"_links":{"self":[{"href":"https:\/\/pesu24.ee\/en\/wp-json\/wp\/v2\/product\/15311","targetHints":{"allow":["GET"]}}],"collection":[{"href":"https:\/\/pesu24.ee\/en\/wp-json\/wp\/v2\/product"}],"about":[{"href":"https:\/\/pesu24.ee\/en\/wp-json\/wp\/v2\/types\/product"}],"replies":[{"embeddable":true,"href":"https:\/\/pesu24.ee\/en\/wp-json\/wp\/v2\/comments?post=15311"}],"wp:featuredmedia":[{"embeddable":true,"href":"https:\/\/pesu24.ee\/en\/wp-json\/wp\/v2\/media\/15491"}],"wp:attachment":[{"href":"https:\/\/pesu24.ee\/en\/wp-json\/wp\/v2\/media?parent=15311"}],"wp:term":[{"taxonomy":"product_brand","embeddable":true,"href":"https:\/\/pesu24.ee\/en\/wp-json\/wp\/v2\/product_brand?post=15311"},{"taxonomy":"product_cat","embeddable":true,"href":"https:\/\/pesu24.ee\/en\/wp-json\/wp\/v2\/product_cat?post=15311"},{"taxonomy":"product_tag","embeddable":true,"href":"https:\/\/pesu24.ee\/en\/wp-json\/wp\/v2\/product_tag?post=15311"}],"curies":[{"name":"wp","href":"https:\/\/api.w.org\/{rel}","templated":true}]}}