{"id":15312,"date":"2025-08-18T19:03:43","date_gmt":"2025-08-18T16:03:43","guid":{"rendered":"https:\/\/pesu24.ee\/?post_type=product&#038;p=15312"},"modified":"2025-08-20T14:55:04","modified_gmt":"2025-08-20T11:55:04","slug":"hommikumantel-obsessive-allunes","status":"publish","type":"product","link":"https:\/\/pesu24.ee\/en\/hommikumantlid\/hommikumantel-obsessive-allunes\/","title":{"rendered":"Hommikumantel Obsessive Allunes"},"content":{"rendered":"<p>Obsessive Allunes hommikumantel lummab teid uskumatult seksika leopardimustriga, mis on kombineeritud musta v\u00e4rviga. Selline sensuaalne v\u00e4rvikooslus ei j\u00e4ta teid kumbagi \u00fcksk\u00f5ikseks ning see r\u00f5\u00f5mustab ja julgustab teid hommikuni ulakalt m\u00e4ngima.<\/p>\n<p><strong><span style=\"color: #008000;\">KOMPLEKT SISALDAB:<\/span><\/strong><\/p>\n<ul>\n<li>hommikumantel<\/li>\n<\/ul>\n<p><span style=\"color: #008000;\"><strong>DETAILS:<\/strong><\/span><\/p>\n<ul>\n<li>s\u00fcgav must toon koos leopardimustriga<\/li>\n<li>l\u00e4bikumav materjal varrukatel ja seljal<\/li>\n<li>satiinviimistlus<\/li>\n<li>seotav kena v\u00f6\u00f6ga<\/li>\n<li>3\/4 pikkused varrukad<\/li>\n<li>pehme ja \u00f5rn kangas (90% pol\u00fcamiid, 10% elastaan)<\/li>\n<\/ul>","protected":false},"excerpt":{"rendered":"<p>&#46;&#46;&#46;<\/p>","protected":false},"featured_media":15498,"comment_status":"open","ping_status":"closed","template":"","meta":{"_glsr_average":0,"_glsr_ranking":0,"_glsr_reviews":0},"product_brand":[500],"product_cat":[109],"product_tag":[160],"class_list":{"0":"post-15312","1":"product","2":"type-product","3":"status-publish","4":"has-post-thumbnail","6":"product_brand-obsessive","7":"product_cat-hommikumantlid","8":"product_tag-obsessive","9":"pa_suurus-l-xl","10":"pa_suurus-s-m","11":"pa_suurus-xxl","12":"pa_varvus-leopard","13":"pa_varvus-must","15":"first","16":"instock","17":"sold-individually","18":"taxable","19":"shipping-taxable","20":"purchasable","21":"product-type-variable"},"_links":{"self":[{"href":"https:\/\/pesu24.ee\/en\/wp-json\/wp\/v2\/product\/15312","targetHints":{"allow":["GET"]}}],"collection":[{"href":"https:\/\/pesu24.ee\/en\/wp-json\/wp\/v2\/product"}],"about":[{"href":"https:\/\/pesu24.ee\/en\/wp-json\/wp\/v2\/types\/product"}],"replies":[{"embeddable":true,"href":"https:\/\/pesu24.ee\/en\/wp-json\/wp\/v2\/comments?post=15312"}],"wp:featuredmedia":[{"embeddable":true,"href":"https:\/\/pesu24.ee\/en\/wp-json\/wp\/v2\/media\/15498"}],"wp:attachment":[{"href":"https:\/\/pesu24.ee\/en\/wp-json\/wp\/v2\/media?parent=15312"}],"wp:term":[{"taxonomy":"product_brand","embeddable":true,"href":"https:\/\/pesu24.ee\/en\/wp-json\/wp\/v2\/product_brand?post=15312"},{"taxonomy":"product_cat","embeddable":true,"href":"https:\/\/pesu24.ee\/en\/wp-json\/wp\/v2\/product_cat?post=15312"},{"taxonomy":"product_tag","embeddable":true,"href":"https:\/\/pesu24.ee\/en\/wp-json\/wp\/v2\/product_tag?post=15312"}],"curies":[{"name":"wp","href":"https:\/\/api.w.org\/{rel}","templated":true}]}}