{"id":15345,"date":"2025-08-18T19:04:29","date_gmt":"2025-08-18T16:04:29","guid":{"rendered":"https:\/\/pesu24.ee\/?post_type=product&#038;p=15345"},"modified":"2025-08-20T15:02:42","modified_gmt":"2025-08-20T12:02:42","slug":"hommikumantel-beauty-night-sara","status":"publish","type":"product","link":"https:\/\/pesu24.ee\/en\/hommikumantlid\/hommikumantel-beauty-night-sara\/","title":{"rendered":"Hommikumantel Beauty Night Sara"},"content":{"rendered":"<p>Beauty Night Sara on eksklusiivne hommikumantel, mis on valmistatud l\u00e4ikivast valgest satiinist. Hommikumantlit kaunistavad k\u00fclgedel pitsist mustad sissel\u00f5iked. Pikad laiad varrukad loovad ainulaadse mulje ning lisavad graatsilisust.<\/p>\n<p>Hommikumantel on saadaval \u00fches universaalsuuruses (S\/M\/L) ning on eest soetav satiinist paelaga. Hommikumantli varrukate otsad on valmistatud pooll\u00e4bipaistvast kangast.<\/p>\n<p><span style=\"color: #008000;\"><strong>KOMPLEKT SISALDAB:<\/strong><\/span><\/p>\n<ul>\n<li>hommikumantel<\/li>\n<li>stringid<\/li>\n<\/ul>\n<p><span style=\"color: #008000;\"><strong>DETAILS:<\/strong><\/span><\/p>\n<ul>\n<li>v\u00e4rvus valge &amp; must<\/li>\n<li>valmistatud l\u00e4ikivast satiinist<\/li>\n<li>eest paelaga seotav<\/li>\n<li>pikad &amp; laiad varrukad<\/li>\n<li>k\u00fclgedel pitsist sissel\u00f5iked<\/li>\n<li>saavadal universaalsuuruses &#8211; S\/M\/L<\/li>\n<li>valmistatud mugavast ja elastsest kangast (97% pol\u00fcester, 3% elastaan)<\/li>\n<\/ul>","protected":false},"excerpt":{"rendered":"<p>&#46;&#46;&#46;<\/p>","protected":false},"featured_media":15560,"comment_status":"open","ping_status":"closed","template":"","meta":{"_glsr_average":0,"_glsr_ranking":0,"_glsr_reviews":0},"product_brand":[503],"product_cat":[109],"product_tag":[403],"class_list":{"0":"post-15345","1":"product","2":"type-product","3":"status-publish","4":"has-post-thumbnail","6":"product_brand-beauty-night","7":"product_cat-hommikumantlid","8":"product_tag-beauty-night","9":"pa_suurus-universaalsuurus","10":"pa_varvus-must","11":"pa_varvus-valge","13":"first","14":"instock","15":"sold-individually","16":"taxable","17":"shipping-taxable","18":"purchasable","19":"product-type-simple"},"_links":{"self":[{"href":"https:\/\/pesu24.ee\/en\/wp-json\/wp\/v2\/product\/15345","targetHints":{"allow":["GET"]}}],"collection":[{"href":"https:\/\/pesu24.ee\/en\/wp-json\/wp\/v2\/product"}],"about":[{"href":"https:\/\/pesu24.ee\/en\/wp-json\/wp\/v2\/types\/product"}],"replies":[{"embeddable":true,"href":"https:\/\/pesu24.ee\/en\/wp-json\/wp\/v2\/comments?post=15345"}],"wp:featuredmedia":[{"embeddable":true,"href":"https:\/\/pesu24.ee\/en\/wp-json\/wp\/v2\/media\/15560"}],"wp:attachment":[{"href":"https:\/\/pesu24.ee\/en\/wp-json\/wp\/v2\/media?parent=15345"}],"wp:term":[{"taxonomy":"product_brand","embeddable":true,"href":"https:\/\/pesu24.ee\/en\/wp-json\/wp\/v2\/product_brand?post=15345"},{"taxonomy":"product_cat","embeddable":true,"href":"https:\/\/pesu24.ee\/en\/wp-json\/wp\/v2\/product_cat?post=15345"},{"taxonomy":"product_tag","embeddable":true,"href":"https:\/\/pesu24.ee\/en\/wp-json\/wp\/v2\/product_tag?post=15345"}],"curies":[{"name":"wp","href":"https:\/\/api.w.org\/{rel}","templated":true}]}}