{"id":15410,"date":"2025-08-18T19:06:05","date_gmt":"2025-08-18T16:06:05","guid":{"rendered":"https:\/\/pesu24.ee\/?post_type=product&#038;p=15410"},"modified":"2025-08-28T10:30:21","modified_gmt":"2025-08-28T07:30:21","slug":"hommikumantel-beauty-night-marissa-punane","status":"publish","type":"product","link":"https:\/\/pesu24.ee\/en\/hommikumantlid\/hommikumantel-beauty-night-marissa-punane\/","title":{"rendered":"Hommikumantel Beauty Night Marissa"},"content":{"rendered":"<p>Beauty Night Marissa on lummav hommikumantel, mis on valmistatud l\u00e4ikivast punasest satiinist. Pikad varrukad loovad ainulaadse mulje ning lillemotiiviga pitskaunistused lisavad veelgi seksikust.<\/p>\n<p>Hommikumantel on saadaval \u00fches universaalsuuruses (S\/M\/L) ning on eest soetav satiinist paelaga. Lisaks kuna tegemist on universaalsuuruses hommikumantliga, siis sobib see suurep\u00e4raselt kingituseks m\u00f5ne saabuva t\u00e4htp\u00e4eva puhul.<\/p>\n<p><span style=\"color: #008000;\"><strong>KOMPLEKT SISALDAB:<\/strong><\/span><\/p>\n<ul>\n<li>hommikumantel<\/li>\n<li>stringid<\/li>\n<\/ul>\n<p><span style=\"color: #008000;\"><strong>DETAILS:<\/strong><\/span><\/p>\n<ul>\n<li>v\u00e4rvus punane<\/li>\n<li>valmistatud satiinist<\/li>\n<li>eest paelaga seotav<\/li>\n<li>pikad varrukad<\/li>\n<li>saavadal universaalsuuruses &#8211; S\/M\/L<\/li>\n<li>valmistatud mugavast ja elastsest kangast (97% pol\u00fcester, 3% elastaan)<\/li>\n<\/ul>","protected":false},"excerpt":{"rendered":"<p>&#46;&#46;&#46;<\/p>","protected":false},"featured_media":15631,"comment_status":"open","ping_status":"closed","template":"","meta":{"_glsr_average":0,"_glsr_ranking":0,"_glsr_reviews":0},"product_brand":[503],"product_cat":[109],"product_tag":[403],"class_list":{"0":"post-15410","1":"product","2":"type-product","3":"status-publish","4":"has-post-thumbnail","6":"product_brand-beauty-night","7":"product_cat-hommikumantlid","8":"product_tag-beauty-night","9":"pa_suurus-universaalsuurus","10":"pa_varvus-punane","12":"first","13":"instock","14":"sold-individually","15":"taxable","16":"shipping-taxable","17":"purchasable","18":"product-type-simple"},"_links":{"self":[{"href":"https:\/\/pesu24.ee\/en\/wp-json\/wp\/v2\/product\/15410","targetHints":{"allow":["GET"]}}],"collection":[{"href":"https:\/\/pesu24.ee\/en\/wp-json\/wp\/v2\/product"}],"about":[{"href":"https:\/\/pesu24.ee\/en\/wp-json\/wp\/v2\/types\/product"}],"replies":[{"embeddable":true,"href":"https:\/\/pesu24.ee\/en\/wp-json\/wp\/v2\/comments?post=15410"}],"wp:featuredmedia":[{"embeddable":true,"href":"https:\/\/pesu24.ee\/en\/wp-json\/wp\/v2\/media\/15631"}],"wp:attachment":[{"href":"https:\/\/pesu24.ee\/en\/wp-json\/wp\/v2\/media?parent=15410"}],"wp:term":[{"taxonomy":"product_brand","embeddable":true,"href":"https:\/\/pesu24.ee\/en\/wp-json\/wp\/v2\/product_brand?post=15410"},{"taxonomy":"product_cat","embeddable":true,"href":"https:\/\/pesu24.ee\/en\/wp-json\/wp\/v2\/product_cat?post=15410"},{"taxonomy":"product_tag","embeddable":true,"href":"https:\/\/pesu24.ee\/en\/wp-json\/wp\/v2\/product_tag?post=15410"}],"curies":[{"name":"wp","href":"https:\/\/api.w.org\/{rel}","templated":true}]}}