{"id":15411,"date":"2025-08-18T19:06:05","date_gmt":"2025-08-18T16:06:05","guid":{"rendered":"https:\/\/pesu24.ee\/?post_type=product&#038;p=15411"},"modified":"2025-11-12T12:28:35","modified_gmt":"2025-11-12T09:28:35","slug":"pikk-hommikumantel-obsessive-estiqua","status":"publish","type":"product","link":"https:\/\/pesu24.ee\/en\/hommikumantlid\/pikk-hommikumantel-obsessive-estiqua\/","title":{"rendered":"Pikk hommikumantel Obsessive Estiqua"},"content":{"rendered":"<p>Kas soovite erilistel \u00f5htutel ahvatleda ja v\u00f5luda \u00fclimalt naiseliku v\u00e4limusega ning muuta ennast t\u00e4iesti vastupandamatuks? Sel juhul pange selga \u00e4\u00e4rmiselt seksikas pikk hommikumantel Obsessive Estiqua ja vaadake kui kiiresti j\u00f5uate oma kallima s\u00fclle.<\/p>\n<p>Pikk ja elegantne l\u00f5ige lisab naiselikku stiili ja seksikust ning \u00f5rnalt l\u00e4bikumav kangas embab teie keha pisut v\u00fcrtsikalt ja v\u00f5imaldab veelgi rohkem naudingut. Hommikumantel on eest seotav satiinist paelaga.<\/p>\n<p><span style=\"color: #008000;\"><strong>KOMPLEKT SISALDAB:<\/strong><\/span><\/p>\n<ul>\n<li>hommikumantel<\/li>\n<\/ul>\n<p>Kombineerige hommikumantel imelise <a href=\"https:\/\/pesu24.ee\/en\/oosargid\/pikk-oosark-obsessive-estiqua\/\">Obsessive Estiqua pika \u00f6\u00f6s\u00e4rgiga<\/a>.<\/p>\n<p><span style=\"color: #008000;\"><strong>DETAILS:<\/strong><\/span><\/p>\n<ul>\n<li>pikk hommikumantel<\/li>\n<li>seksikas l\u00e4bikumav kangas<\/li>\n<li>kaunistatud sensuaalse geomeetrilise mustriga<\/li>\n<li>elegantne l\u00f5ige<\/li>\n<li>unikaalne pits viimistlus<\/li>\n<li>satiinist paelaga seotav<\/li>\n<li>mugav &amp; elastne kangas (85% pol\u00fcamiid, 15% elastaan)<\/li>\n<\/ul>\n<p><span style=\"color: #008000;\"><strong>VIDEO<\/strong><\/span><\/p>\n<div class=\"video-container\"><iframe loading=\"lazy\" title=\"SV\u016eDN\u00dd \u017dUPAN ESTIQUA PEIGNOIR - OBSESSIVE\" width=\"500\" height=\"281\" src=\"https:\/\/www.youtube.com\/embed\/9SQaaOAo0-0?feature=oembed&#038;wmode=opaque\" frameborder=\"0\" allow=\"accelerometer; autoplay; clipboard-write; encrypted-media; gyroscope; picture-in-picture; web-share\" referrerpolicy=\"strict-origin-when-cross-origin\" allowfullscreen><\/iframe><\/div>","protected":false},"excerpt":{"rendered":"<p>&#46;&#46;&#46;<\/p>","protected":false},"featured_media":15638,"comment_status":"open","ping_status":"closed","template":"","meta":{"_glsr_average":0,"_glsr_ranking":0,"_glsr_reviews":0},"product_brand":[500],"product_cat":[109],"product_tag":[160],"class_list":{"0":"post-15411","1":"product","2":"type-product","3":"status-publish","4":"has-post-thumbnail","6":"product_brand-obsessive","7":"product_cat-hommikumantlid","8":"product_tag-obsessive","9":"pa_suurus-m-l","10":"pa_suurus-xl-xxl","11":"pa_suurus-xs-s","12":"pa_varvus-must","14":"first","15":"instock","16":"sold-individually","17":"taxable","18":"shipping-taxable","19":"purchasable","20":"product-type-variable"},"_links":{"self":[{"href":"https:\/\/pesu24.ee\/en\/wp-json\/wp\/v2\/product\/15411","targetHints":{"allow":["GET"]}}],"collection":[{"href":"https:\/\/pesu24.ee\/en\/wp-json\/wp\/v2\/product"}],"about":[{"href":"https:\/\/pesu24.ee\/en\/wp-json\/wp\/v2\/types\/product"}],"replies":[{"embeddable":true,"href":"https:\/\/pesu24.ee\/en\/wp-json\/wp\/v2\/comments?post=15411"}],"wp:featuredmedia":[{"embeddable":true,"href":"https:\/\/pesu24.ee\/en\/wp-json\/wp\/v2\/media\/15638"}],"wp:attachment":[{"href":"https:\/\/pesu24.ee\/en\/wp-json\/wp\/v2\/media?parent=15411"}],"wp:term":[{"taxonomy":"product_brand","embeddable":true,"href":"https:\/\/pesu24.ee\/en\/wp-json\/wp\/v2\/product_brand?post=15411"},{"taxonomy":"product_cat","embeddable":true,"href":"https:\/\/pesu24.ee\/en\/wp-json\/wp\/v2\/product_cat?post=15411"},{"taxonomy":"product_tag","embeddable":true,"href":"https:\/\/pesu24.ee\/en\/wp-json\/wp\/v2\/product_tag?post=15411"}],"curies":[{"name":"wp","href":"https:\/\/api.w.org\/{rel}","templated":true}]}}