{"id":15412,"date":"2025-08-18T19:06:05","date_gmt":"2025-08-18T16:06:05","guid":{"rendered":"https:\/\/pesu24.ee\/?post_type=product&#038;p=15412"},"modified":"2026-03-23T12:15:10","modified_gmt":"2026-03-23T10:15:10","slug":"eksklusiivne-hommikumantel-obsessive-celenty","status":"publish","type":"product","link":"https:\/\/pesu24.ee\/en\/hommikumantlid\/eksklusiivne-hommikumantel-obsessive-celenty\/","title":{"rendered":"Eksklusiivne hommikumantel Obsessive Celenty"},"content":{"rendered":"<p>Obsessive Celenty on eksklusiivne hommikumantel, mida iseloomustab \u00fcliseksikas kimono l\u00f5ige. Hommikumantli mitmev\u00e4rviline kangas sobitub ideaalselt mugava l\u00f5ike, laiade varrukate ja elegantse v\u00f6\u00f6ga.<\/p>\n<p>Obsessive Celenty hommikumantel paneb teid tundma erilisena ning selle \u00fclimugava l\u00f5ike t\u00f5ttu ei soovigi te seda seljast v\u00f5tta. Tegemist on suurep\u00e4rase kingiideega, mis sobib kandmiseks igap\u00e4evaselt kui ka romantilistematel hetkedel.<\/p>\n<p><strong><span style=\"color: #008000;\">KOMPLEKT SISALDAB:<\/span><\/strong><\/p>\n<ul>\n<li>hommikumantel<\/li>\n<\/ul>\n<p><span style=\"color: #008000;\"><strong>DETAILS:<\/strong><\/span><\/p>\n<ul>\n<li>unikaalne kimono l\u00f5ige<\/li>\n<li>mitmev\u00e4rviline kangas<\/li>\n<li>laiad &amp; pikad varrukad<\/li>\n<li>paelaga seotav<\/li>\n<li>mugav &amp; elegantne kangas (100% pol\u00fcester)<\/li>\n<\/ul>","protected":false},"excerpt":{"rendered":"<p>&#46;&#46;&#46;<\/p>","protected":false},"featured_media":15647,"comment_status":"open","ping_status":"closed","template":"","meta":{"_glsr_average":0,"_glsr_ranking":0,"_glsr_reviews":0},"product_brand":[500],"product_cat":[109],"product_tag":[160],"class_list":{"0":"post-15412","1":"product","2":"type-product","3":"status-publish","4":"has-post-thumbnail","6":"product_brand-obsessive","7":"product_cat-hommikumantlid","8":"product_tag-obsessive","9":"pa_suurus-m-l","10":"pa_suurus-s-m","11":"pa_varvus-sinine","12":"pa_varvus-valge","14":"first","15":"instock","16":"sale","17":"sold-individually","18":"taxable","19":"shipping-taxable","20":"purchasable","21":"product-type-variable"},"_links":{"self":[{"href":"https:\/\/pesu24.ee\/en\/wp-json\/wp\/v2\/product\/15412","targetHints":{"allow":["GET"]}}],"collection":[{"href":"https:\/\/pesu24.ee\/en\/wp-json\/wp\/v2\/product"}],"about":[{"href":"https:\/\/pesu24.ee\/en\/wp-json\/wp\/v2\/types\/product"}],"replies":[{"embeddable":true,"href":"https:\/\/pesu24.ee\/en\/wp-json\/wp\/v2\/comments?post=15412"}],"wp:featuredmedia":[{"embeddable":true,"href":"https:\/\/pesu24.ee\/en\/wp-json\/wp\/v2\/media\/15647"}],"wp:attachment":[{"href":"https:\/\/pesu24.ee\/en\/wp-json\/wp\/v2\/media?parent=15412"}],"wp:term":[{"taxonomy":"product_brand","embeddable":true,"href":"https:\/\/pesu24.ee\/en\/wp-json\/wp\/v2\/product_brand?post=15412"},{"taxonomy":"product_cat","embeddable":true,"href":"https:\/\/pesu24.ee\/en\/wp-json\/wp\/v2\/product_cat?post=15412"},{"taxonomy":"product_tag","embeddable":true,"href":"https:\/\/pesu24.ee\/en\/wp-json\/wp\/v2\/product_tag?post=15412"}],"curies":[{"name":"wp","href":"https:\/\/api.w.org\/{rel}","templated":true}]}}