{"id":15427,"date":"2025-08-18T19:06:29","date_gmt":"2025-08-18T16:06:29","guid":{"rendered":"https:\/\/pesu24.ee\/?post_type=product&#038;p=15427"},"modified":"2025-08-21T14:36:12","modified_gmt":"2025-08-21T11:36:12","slug":"hommikumantel-obsessive-heavenlly","status":"publish","type":"product","link":"https:\/\/pesu24.ee\/en\/hommikumantlid\/hommikumantel-obsessive-heavenlly\/","title":{"rendered":"Hommikumantel Obsessive Heavenlly"},"content":{"rendered":"<p>Obsessive Heavenlly hommikumantel on elegantne ja luksuslik pesuvalik, mis lisab s\u00e4ra ja v\u00f5rgutavust teie hommikurutiini. See hommikumantel on valmistatud kvaliteetsest ja pehmest materjalist, mis tagab suurep\u00e4rase mugavuse ja kandmismugavuse.<\/p>\n<p>Heavenlly hommikumantlil on \u00f5rnalt l\u00e4bipaistev ja \u00f5huline kangas, mis libiseb teie keha \u00fcmber graatsiliselt. Hommikumantel on kaunistatud kaunite pitsdetailidega, mis annavad sellele luksusliku ja romantilise ilme.<\/p>\n<p>Obsessive Heavenlly hommikumantel on saadaval erinevates suurustes, v\u00f5imaldades teile leida t\u00e4pselt teie kehakujule ja stiilieelistustele sobiva valiku. See on t\u00e4iuslik kaaslane hommikul v\u00f5i \u00f5htul, andes teile v\u00f5imaluse tunda end luksuslikult ja enesekindlalt.<\/p>\n<p>Olles nii stiilne kui ka mugav, pakub Obsessive Heavenlly hommikumantel teile v\u00f5imalust luua luksuslikku ja v\u00f5rgutavat atmosf\u00e4\u00e4ri oma igap\u00e4evaelus. See hommikumantel t\u00e4iendab teie pesukollektsiooni, pakkudes teile v\u00f5imalust hellitada end ja lisada oma hommikurutiinile unikaalset v\u00f5lu. Heavenlly hommikumantel on loodud selleks, et tuua esile teie sisemine jumalanna ja luua unustamatuid hetki.<\/p>\n<p>Tutvuge ka teiste Obsessive Heavenlly pesukollektsiooni toodetega.<\/p>\n<p><span style=\"color: #008000;\"><strong>KOMPLEKT SISALDAB:<\/strong><\/span><\/p>\n<ul>\n<li>hommikumantel<\/li>\n<\/ul>\n<p><span style=\"color: #008000;\"><strong>DETAILS:<\/strong><\/span><\/p>\n<ul>\n<li>\u00f5huline disain<\/li>\n<li>ilma varrukateta hommikumantel<\/li>\n<li>pits\u00e4\u00e4red<\/li>\n<li>delikaatne &amp; sensuaalne v\u00f6\u00f6<\/li>\n<li>valmistatud mugavast &amp; elastsest kangast (94% pol\u00fcamiid &amp; 6% elastaan)<\/li>\n<\/ul>\n<p><span style=\"color: #008000;\"><strong>VIDEO<\/strong><\/span><\/p>\n<div class=\"video-container\"><iframe loading=\"lazy\" title=\"JEDINE\u010cN\u00dd \u017dUPAN HEAVENLLY PEIGNOIR - OBSESSIVE\" width=\"500\" height=\"281\" src=\"https:\/\/www.youtube.com\/embed\/eakdisshYTA?feature=oembed&#038;wmode=opaque\" frameborder=\"0\" allow=\"accelerometer; autoplay; clipboard-write; encrypted-media; gyroscope; picture-in-picture; web-share\" referrerpolicy=\"strict-origin-when-cross-origin\" allowfullscreen><\/iframe><\/div>","protected":false},"excerpt":{"rendered":"<p>&#46;&#46;&#46;<\/p>","protected":false},"featured_media":15652,"comment_status":"open","ping_status":"closed","template":"","meta":{"_glsr_average":0,"_glsr_ranking":0,"_glsr_reviews":0},"product_brand":[500],"product_cat":[109],"product_tag":[443,160],"class_list":{"0":"post-15427","1":"product","2":"type-product","3":"status-publish","4":"has-post-thumbnail","6":"product_brand-obsessive","7":"product_cat-hommikumantlid","8":"product_tag-heavenlly","9":"product_tag-obsessive","10":"pa_suurus-m-l","11":"pa_suurus-xl-xxl","12":"pa_suurus-xs-s","13":"pa_varvus-valge","15":"first","16":"instock","17":"sold-individually","18":"taxable","19":"shipping-taxable","20":"purchasable","21":"product-type-variable"},"_links":{"self":[{"href":"https:\/\/pesu24.ee\/en\/wp-json\/wp\/v2\/product\/15427","targetHints":{"allow":["GET"]}}],"collection":[{"href":"https:\/\/pesu24.ee\/en\/wp-json\/wp\/v2\/product"}],"about":[{"href":"https:\/\/pesu24.ee\/en\/wp-json\/wp\/v2\/types\/product"}],"replies":[{"embeddable":true,"href":"https:\/\/pesu24.ee\/en\/wp-json\/wp\/v2\/comments?post=15427"}],"wp:featuredmedia":[{"embeddable":true,"href":"https:\/\/pesu24.ee\/en\/wp-json\/wp\/v2\/media\/15652"}],"wp:attachment":[{"href":"https:\/\/pesu24.ee\/en\/wp-json\/wp\/v2\/media?parent=15427"}],"wp:term":[{"taxonomy":"product_brand","embeddable":true,"href":"https:\/\/pesu24.ee\/en\/wp-json\/wp\/v2\/product_brand?post=15427"},{"taxonomy":"product_cat","embeddable":true,"href":"https:\/\/pesu24.ee\/en\/wp-json\/wp\/v2\/product_cat?post=15427"},{"taxonomy":"product_tag","embeddable":true,"href":"https:\/\/pesu24.ee\/en\/wp-json\/wp\/v2\/product_tag?post=15427"}],"curies":[{"name":"wp","href":"https:\/\/api.w.org\/{rel}","templated":true}]}}