{"id":15837,"date":"2025-08-18T19:15:08","date_gmt":"2025-08-18T16:15:08","guid":{"rendered":"https:\/\/pesu24.ee\/?post_type=product&#038;p=15837"},"modified":"2025-12-18T01:10:25","modified_gmt":"2025-12-17T22:10:25","slug":"avatud-kehasukk-passion-bs081-saadaval-kolm-varvi","status":"publish","type":"product","link":"https:\/\/pesu24.ee\/en\/kehasukad\/avatud-kehasukk-passion-bs081-saadaval-kolm-varvi\/","title":{"rendered":"Avatud kehasukk Passion BS081 (saadaval kolm v\u00e4rvi)"},"content":{"rendered":"<p>Seksikas avatud jalgevahega kehasukk Passion BS081 sobib ideaalselt figuuriga, r\u00f5hutades ja tuues esile naiselikud vormid ja ilu. Universaalsuurus ja veniv materjal tagab ideaalse sobivuse. Materjal 80% pol\u00fcamiid ja 20% elastaan. Saadaval v\u00e4rvustes must, punane ja valge. Kui sobiv v\u00e4rvus valikust puudub, siis antud v\u00e4rv on hetkel laost otsas ja saabub peagi.<\/p>\n<p><span style=\"color: #008000;\"><strong>OMADUSED<\/strong><\/span><\/p>\n<ul>\n<li>venivus tagab ideaalse sobivuse<\/li>\n<li>universaalsuurus (S\/M\/L)<\/li>\n<li>v\u00e4rvused: must, punane ja valge<\/li>\n<li>materjal: 80% pol\u00fcamiid ja 20% elastaan<\/li>\n<\/ul>","protected":false},"excerpt":{"rendered":"<p>&#46;&#46;&#46;<\/p>","protected":false},"featured_media":16039,"comment_status":"open","ping_status":"closed","template":"","meta":{"_glsr_average":0,"_glsr_ranking":0,"_glsr_reviews":0},"product_brand":[504],"product_cat":[103],"product_tag":[387],"class_list":{"0":"post-15837","1":"product","2":"type-product","3":"status-publish","4":"has-post-thumbnail","6":"product_brand-passion","7":"product_cat-kehasukad","8":"product_tag-passion","9":"pa_suurus-universaalsuurus","10":"pa_varvus-must","11":"pa_varvus-punane","12":"pa_varvus-valge","14":"first","15":"instock","16":"sale","17":"sold-individually","18":"taxable","19":"shipping-taxable","20":"purchasable","21":"product-type-variable"},"_links":{"self":[{"href":"https:\/\/pesu24.ee\/en\/wp-json\/wp\/v2\/product\/15837","targetHints":{"allow":["GET"]}}],"collection":[{"href":"https:\/\/pesu24.ee\/en\/wp-json\/wp\/v2\/product"}],"about":[{"href":"https:\/\/pesu24.ee\/en\/wp-json\/wp\/v2\/types\/product"}],"replies":[{"embeddable":true,"href":"https:\/\/pesu24.ee\/en\/wp-json\/wp\/v2\/comments?post=15837"}],"wp:featuredmedia":[{"embeddable":true,"href":"https:\/\/pesu24.ee\/en\/wp-json\/wp\/v2\/media\/16039"}],"wp:attachment":[{"href":"https:\/\/pesu24.ee\/en\/wp-json\/wp\/v2\/media?parent=15837"}],"wp:term":[{"taxonomy":"product_brand","embeddable":true,"href":"https:\/\/pesu24.ee\/en\/wp-json\/wp\/v2\/product_brand?post=15837"},{"taxonomy":"product_cat","embeddable":true,"href":"https:\/\/pesu24.ee\/en\/wp-json\/wp\/v2\/product_cat?post=15837"},{"taxonomy":"product_tag","embeddable":true,"href":"https:\/\/pesu24.ee\/en\/wp-json\/wp\/v2\/product_tag?post=15837"}],"curies":[{"name":"wp","href":"https:\/\/api.w.org\/{rel}","templated":true}]}}