{"id":15872,"date":"2025-08-18T19:19:59","date_gmt":"2025-08-18T16:19:59","guid":{"rendered":"https:\/\/pesu24.ee\/?post_type=product&#038;p=15872"},"modified":"2025-08-18T19:20:00","modified_gmt":"2025-08-18T16:20:00","slug":"music-legs-kehasukk-2640-s-m-l","status":"publish","type":"product","link":"https:\/\/pesu24.ee\/en\/kehasukad\/music-legs-kehasukk-2640-s-m-l\/","title":{"rendered":"Music Legs kehasukk 2640 (S\/M\/L)"},"content":{"rendered":"<p>Music Legs 2640 kehasukk sobilik suurustele S &#8211; L. Valmistatud elastest ning mugavast materjalist. Antud kehasukk ei j\u00e4ta \u00fchtegi meesterahvast k\u00fclmaks.<\/p>\n<p><span style=\"color: #008000;\"><strong>DETAILS:<\/strong><\/span><\/p>\n<ul>\n<li>\u00fcks suurus sobib enamikule &#8211; S\/M\/L<\/li>\n<li>ahvatlev v\u00f5rkdisain<\/li>\n<\/ul>","protected":false},"excerpt":{"rendered":"<p>Komplekt sisaldab:<\/p>\n<ul>\n<li>v\u00f5rgust kleit koos sukatrippidega<\/li>\n<li>v\u00f5rksukad<\/li>\n<\/ul>","protected":false},"featured_media":12120,"comment_status":"open","ping_status":"closed","template":"","meta":{"_glsr_average":0,"_glsr_ranking":0,"_glsr_reviews":0},"product_brand":[],"product_cat":[103],"product_tag":[],"class_list":{"0":"post-15872","1":"product","2":"type-product","3":"status-publish","4":"has-post-thumbnail","6":"product_cat-kehasukad","7":"pa_suurus-l","8":"pa_suurus-m","9":"pa_suurus-s","10":"pa_varvus-must","12":"first","13":"instock","14":"sale","15":"sold-individually","16":"taxable","17":"shipping-taxable","18":"purchasable","19":"product-type-simple"},"_links":{"self":[{"href":"https:\/\/pesu24.ee\/en\/wp-json\/wp\/v2\/product\/15872","targetHints":{"allow":["GET"]}}],"collection":[{"href":"https:\/\/pesu24.ee\/en\/wp-json\/wp\/v2\/product"}],"about":[{"href":"https:\/\/pesu24.ee\/en\/wp-json\/wp\/v2\/types\/product"}],"replies":[{"embeddable":true,"href":"https:\/\/pesu24.ee\/en\/wp-json\/wp\/v2\/comments?post=15872"}],"wp:featuredmedia":[{"embeddable":true,"href":"https:\/\/pesu24.ee\/en\/wp-json\/wp\/v2\/media\/12120"}],"wp:attachment":[{"href":"https:\/\/pesu24.ee\/en\/wp-json\/wp\/v2\/media?parent=15872"}],"wp:term":[{"taxonomy":"product_brand","embeddable":true,"href":"https:\/\/pesu24.ee\/en\/wp-json\/wp\/v2\/product_brand?post=15872"},{"taxonomy":"product_cat","embeddable":true,"href":"https:\/\/pesu24.ee\/en\/wp-json\/wp\/v2\/product_cat?post=15872"},{"taxonomy":"product_tag","embeddable":true,"href":"https:\/\/pesu24.ee\/en\/wp-json\/wp\/v2\/product_tag?post=15872"}],"curies":[{"name":"wp","href":"https:\/\/api.w.org\/{rel}","templated":true}]}}