{"id":15884,"date":"2025-08-18T19:20:00","date_gmt":"2025-08-18T16:20:00","guid":{"rendered":"https:\/\/pesu24.ee\/?post_type=product&#038;p=15884"},"modified":"2026-01-05T15:30:38","modified_gmt":"2026-01-05T12:30:38","slug":"kehasukk-obsessive-g314","status":"publish","type":"product","link":"https:\/\/pesu24.ee\/en\/kehasukad\/kehasukk-obsessive-g314\/","title":{"rendered":"Kehasukk Obsessive G314"},"content":{"rendered":"<p style=\"text-align: justify\">Seksikas kehasukk Obsessive G314, mis ei j\u00e4ta fantaasiale eriti palju ruumi. See on saadaval koheselt ja valmis looma \u00fclikuuma atmosf\u00e4\u00e4ri. Sellel p\u00e4eval saab olema eriti kuum ja tuline l\u00f5pp. Kas olete selleks valmis?<\/p>\n<p style=\"text-align: justify\">Kehasukk on v\u00e4ga mugavast ja elastsest materjalist, mist\u00f5ttu universaalsuurus S\/M\/L on sobilik enamikele. Avatud jalgevahe ja l\u00e4bipaistev materjal rindadel ei j\u00e4ta fantaasiale eriti palju ruumi ning toob esile seksikuse. Lisaks k\u00fclgedel l\u00e4bipaistmatul riidel on optiline salendav efekt ning rinnahoidjate imitatsioon toob esile rinnad.\u00a0K\u00f5ik see toob esile naiseliku seksikuse ja ilu t\u00e4ies ulatuses.<\/p>\n<p style=\"text-align: justify\">Kehasukk Obsessive G314 on saadaval koheselt ning tellides t\u00f6\u00f6p\u00e4eviti enne kella 18:00, pannakse tellimus teele samal p\u00e4eval ning s\u00f5ltuvalt pakiautomaatide koormusest j\u00f5uab saajani juba alates j\u00e4rgmisest t\u00f6\u00f6p\u00e4evast.<\/p>\n<p style=\"text-align: justify\"><span style=\"color: #008000\"><strong>DETAILS:<\/strong><\/span><\/p>\n<ul>\n<li style=\"text-align: justify\">universaalne suurus (S\/M\/L), mis sobilik enamikele;<\/li>\n<li style=\"text-align: justify\">avatud jalgevahega;<\/li>\n<li style=\"text-align: justify\">rinnahoidjate imitatsioon toob esile rinnad;<\/li>\n<li style=\"text-align: justify\">k\u00fclgedel l\u00e4bipaistmatu disainil on optiline salendav efekt;<\/li>\n<li style=\"text-align: justify\">mugav ning veniv materjal (90% nailon, 10% elastaan)<\/li>\n<\/ul>","protected":false},"excerpt":{"rendered":"<ul>\n<li>\u00fcliseksikas must kehasukk<\/li>\n<li>avatud jalgevahe<\/li>\n<li>mugav ning veniv materjal (90% nailon, 10% elastaan)<\/li>\n<li>\u00fcks suurus sobib enamikule &#8211; S\/M\/L<\/li>\n<\/ul>","protected":false},"featured_media":15938,"comment_status":"open","ping_status":"closed","template":"","meta":{"_glsr_average":0,"_glsr_ranking":0,"_glsr_reviews":0},"product_brand":[500],"product_cat":[103],"product_tag":[160],"class_list":{"0":"post-15884","1":"product","2":"type-product","3":"status-publish","4":"has-post-thumbnail","6":"product_brand-obsessive","7":"product_cat-kehasukad","8":"product_tag-obsessive","9":"pa_suurus-universaalsuurus","10":"pa_varvus-must","12":"first","13":"instock","14":"sold-individually","15":"taxable","16":"shipping-taxable","17":"purchasable","18":"product-type-simple"},"_links":{"self":[{"href":"https:\/\/pesu24.ee\/en\/wp-json\/wp\/v2\/product\/15884","targetHints":{"allow":["GET"]}}],"collection":[{"href":"https:\/\/pesu24.ee\/en\/wp-json\/wp\/v2\/product"}],"about":[{"href":"https:\/\/pesu24.ee\/en\/wp-json\/wp\/v2\/types\/product"}],"replies":[{"embeddable":true,"href":"https:\/\/pesu24.ee\/en\/wp-json\/wp\/v2\/comments?post=15884"}],"wp:featuredmedia":[{"embeddable":true,"href":"https:\/\/pesu24.ee\/en\/wp-json\/wp\/v2\/media\/15938"}],"wp:attachment":[{"href":"https:\/\/pesu24.ee\/en\/wp-json\/wp\/v2\/media?parent=15884"}],"wp:term":[{"taxonomy":"product_brand","embeddable":true,"href":"https:\/\/pesu24.ee\/en\/wp-json\/wp\/v2\/product_brand?post=15884"},{"taxonomy":"product_cat","embeddable":true,"href":"https:\/\/pesu24.ee\/en\/wp-json\/wp\/v2\/product_cat?post=15884"},{"taxonomy":"product_tag","embeddable":true,"href":"https:\/\/pesu24.ee\/en\/wp-json\/wp\/v2\/product_tag?post=15884"}],"curies":[{"name":"wp","href":"https:\/\/api.w.org\/{rel}","templated":true}]}}