{"id":15899,"date":"2025-08-18T19:20:00","date_gmt":"2025-08-18T16:20:00","guid":{"rendered":"https:\/\/pesu24.ee\/?post_type=product&#038;p=15899"},"modified":"2026-03-23T12:18:51","modified_gmt":"2026-03-23T10:18:51","slug":"kehasukk-obsessive-n121","status":"publish","type":"product","link":"https:\/\/pesu24.ee\/en\/kehasukad\/kehasukk-obsessive-n121\/","title":{"rendered":"Kehasukk Obsessive N121"},"content":{"rendered":"<p>T\u00e4iuslikkus seksikas v\u00f5rgus. See on Obsessive kehasukk N121. Originaalne stiil, avatud l\u00f5ige ja l\u00e4bipaistev materjal ei j\u00e4ta eriti ruumi fantaasiale, kuid sulatab Su kallima, muutes Sind vastupandamatuks. Lisa juurde kontsakingad ja <a href=\"https:\/\/pesu24.ee\/en\/aksessuaarid\/\">kaks-\u00fches sulgpiits<\/a> ning haaradki t\u00e4nase \u00f5htu ohjad.<\/p>\n<p><span style=\"color: #008000;\"><strong>DETAILS:<\/strong><\/span><\/p>\n<ul>\n<li>avatud jalgevahe<\/li>\n<li>vastupidavast 3SKnit tehnoloogial kudumist<\/li>\n<li>elastne ja mugav materjal tagab ideaalse sobivuse<\/li>\n<li>saadaval kahes suuruses &#8211; S\/M\/L ja XL\/XXL<\/li>\n<li>k\u00f5rge elastsusega materjal (90% nailon, 10% elastaan)<\/li>\n<\/ul>\n<p><span style=\"color: #008000;\"><strong>VIDEO<\/strong><\/span><\/p>\n<div class=\"video-container\"><iframe loading=\"lazy\" title=\"DIVOK\u00c9 BODY N121 BODYSTOCKING - OBSESSIVE\" width=\"500\" height=\"281\" src=\"https:\/\/www.youtube.com\/embed\/HwtKIWdwtuk?feature=oembed&#038;wmode=opaque\" frameborder=\"0\" allow=\"accelerometer; autoplay; clipboard-write; encrypted-media; gyroscope; picture-in-picture; web-share\" referrerpolicy=\"strict-origin-when-cross-origin\" allowfullscreen><\/iframe><\/div>","protected":false},"excerpt":{"rendered":"<p>https:\/\/www.youtube.com\/watch?v=HwtKIWdwtuk<\/p>","protected":false},"featured_media":15830,"comment_status":"open","ping_status":"closed","template":"","meta":{"_glsr_average":0,"_glsr_ranking":0,"_glsr_reviews":0},"product_brand":[500],"product_cat":[103],"product_tag":[160],"class_list":{"0":"post-15899","1":"product","2":"type-product","3":"status-publish","4":"has-post-thumbnail","6":"product_brand-obsessive","7":"product_cat-kehasukad","8":"product_tag-obsessive","9":"pa_suurus-universaalsuurus","10":"pa_suurus-xxl","11":"pa_varvus-must","13":"first","14":"instock","15":"sale","16":"sold-individually","17":"taxable","18":"shipping-taxable","19":"purchasable","20":"product-type-variable"},"_links":{"self":[{"href":"https:\/\/pesu24.ee\/en\/wp-json\/wp\/v2\/product\/15899","targetHints":{"allow":["GET"]}}],"collection":[{"href":"https:\/\/pesu24.ee\/en\/wp-json\/wp\/v2\/product"}],"about":[{"href":"https:\/\/pesu24.ee\/en\/wp-json\/wp\/v2\/types\/product"}],"replies":[{"embeddable":true,"href":"https:\/\/pesu24.ee\/en\/wp-json\/wp\/v2\/comments?post=15899"}],"wp:featuredmedia":[{"embeddable":true,"href":"https:\/\/pesu24.ee\/en\/wp-json\/wp\/v2\/media\/15830"}],"wp:attachment":[{"href":"https:\/\/pesu24.ee\/en\/wp-json\/wp\/v2\/media?parent=15899"}],"wp:term":[{"taxonomy":"product_brand","embeddable":true,"href":"https:\/\/pesu24.ee\/en\/wp-json\/wp\/v2\/product_brand?post=15899"},{"taxonomy":"product_cat","embeddable":true,"href":"https:\/\/pesu24.ee\/en\/wp-json\/wp\/v2\/product_cat?post=15899"},{"taxonomy":"product_tag","embeddable":true,"href":"https:\/\/pesu24.ee\/en\/wp-json\/wp\/v2\/product_tag?post=15899"}],"curies":[{"name":"wp","href":"https:\/\/api.w.org\/{rel}","templated":true}]}}