{"id":16142,"date":"2025-08-18T19:24:39","date_gmt":"2025-08-18T16:24:39","guid":{"rendered":"https:\/\/pesu24.ee\/?post_type=product&#038;p=16142"},"modified":"2025-08-28T10:32:23","modified_gmt":"2025-08-28T07:32:23","slug":"kehasukk-obsessive-g313-must","status":"publish","type":"product","link":"https:\/\/pesu24.ee\/en\/kehasukad\/kehasukk-obsessive-g313-must\/","title":{"rendered":"Kehasukk Obsessive G313"},"content":{"rendered":"<p><strong>Obsessive G313 must kehasukk on valmistatud venivast kangast ning kaunistatud geomeetrilise mustriga, mida on v\u00e4ga mugav kanda, meeldiv puudutada ja m\u00f5nus keha vastas tunda.\u00a0<\/strong><\/p>\n<p>V\u00e4rvus must, aga sama toode on saadaval ka <a href=\"https:\/\/pesu24.ee\/en\/kehasukad\/kehasukk-obsessive-g313-punane\/\">punast v\u00e4rvi<\/a>. Toode on v\u00e4ga venivast, aga elastsest materjalist ja seega saadava universaalsuuruses, mis sobilik k\u00f5igile.<\/p>\n<p><span style=\"color: #008000;\"><strong>DETAILS:<\/strong><\/span><\/p>\n<ul>\n<li>sobilik suurustele S\/M\/L<\/li>\n<li>v\u00e4rvus must (saadaval ka <a href=\"https:\/\/pesu24.ee\/en\/kehasukad\/kehasukk-obsessive-g313-punane\/\">punast v\u00e4rvi<\/a>)<\/li>\n<li>kaunistatud geomeetrilise mustriga<\/li>\n<li>valmistatud venivast kangast<\/li>\n<li>avatud jalgevahe<\/li>\n<li>reitel \u00fcmarad v\u00e4ljal\u00f5iked<\/li>\n<li>mugav ning elastne materjal (90% nailon, 10% elastaan)<\/li>\n<\/ul>","protected":false},"excerpt":{"rendered":"<p>&#46;&#46;&#46;<\/p>","protected":false},"featured_media":16264,"comment_status":"open","ping_status":"closed","template":"","meta":{"_glsr_average":0,"_glsr_ranking":0,"_glsr_reviews":0},"product_brand":[500],"product_cat":[103],"product_tag":[160],"class_list":{"0":"post-16142","1":"product","2":"type-product","3":"status-publish","4":"has-post-thumbnail","6":"product_brand-obsessive","7":"product_cat-kehasukad","8":"product_tag-obsessive","9":"pa_suurus-universaalsuurus","10":"pa_varvus-must","12":"first","13":"instock","14":"sold-individually","15":"taxable","16":"shipping-taxable","17":"purchasable","18":"product-type-simple"},"_links":{"self":[{"href":"https:\/\/pesu24.ee\/en\/wp-json\/wp\/v2\/product\/16142","targetHints":{"allow":["GET"]}}],"collection":[{"href":"https:\/\/pesu24.ee\/en\/wp-json\/wp\/v2\/product"}],"about":[{"href":"https:\/\/pesu24.ee\/en\/wp-json\/wp\/v2\/types\/product"}],"replies":[{"embeddable":true,"href":"https:\/\/pesu24.ee\/en\/wp-json\/wp\/v2\/comments?post=16142"}],"wp:featuredmedia":[{"embeddable":true,"href":"https:\/\/pesu24.ee\/en\/wp-json\/wp\/v2\/media\/16264"}],"wp:attachment":[{"href":"https:\/\/pesu24.ee\/en\/wp-json\/wp\/v2\/media?parent=16142"}],"wp:term":[{"taxonomy":"product_brand","embeddable":true,"href":"https:\/\/pesu24.ee\/en\/wp-json\/wp\/v2\/product_brand?post=16142"},{"taxonomy":"product_cat","embeddable":true,"href":"https:\/\/pesu24.ee\/en\/wp-json\/wp\/v2\/product_cat?post=16142"},{"taxonomy":"product_tag","embeddable":true,"href":"https:\/\/pesu24.ee\/en\/wp-json\/wp\/v2\/product_tag?post=16142"}],"curies":[{"name":"wp","href":"https:\/\/api.w.org\/{rel}","templated":true}]}}