{"id":16151,"date":"2025-08-18T19:24:39","date_gmt":"2025-08-18T16:24:39","guid":{"rendered":"https:\/\/pesu24.ee\/?post_type=product&#038;p=16151"},"modified":"2025-08-21T16:39:40","modified_gmt":"2025-08-21T13:39:40","slug":"kehasukk-obsessive-g324","status":"publish","type":"product","link":"https:\/\/pesu24.ee\/en\/kehasukad\/kehasukk-obsessive-g324\/","title":{"rendered":"Kehasukk Obsessive G324"},"content":{"rendered":"<p>Kas otsite pesu, mis r\u00f5hutaks teie naiselikke kurve sensuaalselt ja naiselikult? Sel juhul sobib teile ideaalselt ainulaadne Obsessive G324 kehasukk. Toote \u00f5rn kudum \u00fcmbritseb teie keha kaunilt ja ahvatlev l\u00f5ige annab teile ahvatleva v\u00e4limuse.<\/p>\n<p><strong><span style=\"color: #008000;\">KOMPLEKT SISALDAB:<\/span><br \/>\n<\/strong><\/p>\n<ul>\n<li>kehasukk<\/li>\n<\/ul>\n<p><span style=\"color: #008000;\"><strong>DETAILS:<\/strong><\/span><\/p>\n<ul>\n<li>m\u00f5nus materjal<\/li>\n<li>avatud seljaosa<\/li>\n<li>paelad reitel ja tuharatel<\/li>\n<li>avatud jalgevahe<\/li>\n<li>\u00e4\u00e4rmiselt elastne ja mugav kangas (90% nailon, 10% elastaan)<\/li>\n<\/ul>\n<p><span style=\"color: #008000;\"><strong>VIDEO<\/strong><\/span><\/p>\n<div class=\"video-container\"><iframe loading=\"lazy\" title=\"\u0411\u043e\u0434\u0456\u0441\u0442\u043e\u043a\u0456\u043d\u0433 \u0437 \u043c\u0435\u0440\u0435\u0436\u0438\u0432\u0430 G324 Obsessive \u2022 VCORSETTE.IN.UA\" width=\"500\" height=\"281\" src=\"https:\/\/www.youtube.com\/embed\/vO6Hl-i6R7M?feature=oembed&#038;wmode=opaque\" frameborder=\"0\" allow=\"accelerometer; autoplay; clipboard-write; encrypted-media; gyroscope; picture-in-picture; web-share\" referrerpolicy=\"strict-origin-when-cross-origin\" allowfullscreen><\/iframe><\/div>","protected":false},"excerpt":{"rendered":"<p>&#46;&#46;&#46;<\/p>","protected":false},"featured_media":16323,"comment_status":"open","ping_status":"closed","template":"","meta":{"_glsr_average":0,"_glsr_ranking":0,"_glsr_reviews":0},"product_brand":[500],"product_cat":[103],"product_tag":[160],"class_list":{"0":"post-16151","1":"product","2":"type-product","3":"status-publish","4":"has-post-thumbnail","6":"product_brand-obsessive","7":"product_cat-kehasukad","8":"product_tag-obsessive","9":"pa_suurus-universaalsuurus","10":"pa_suurus-xl-xxl","11":"pa_varvus-must","13":"first","14":"instock","15":"sold-individually","16":"taxable","17":"shipping-taxable","18":"purchasable","19":"product-type-variable"},"_links":{"self":[{"href":"https:\/\/pesu24.ee\/en\/wp-json\/wp\/v2\/product\/16151","targetHints":{"allow":["GET"]}}],"collection":[{"href":"https:\/\/pesu24.ee\/en\/wp-json\/wp\/v2\/product"}],"about":[{"href":"https:\/\/pesu24.ee\/en\/wp-json\/wp\/v2\/types\/product"}],"replies":[{"embeddable":true,"href":"https:\/\/pesu24.ee\/en\/wp-json\/wp\/v2\/comments?post=16151"}],"wp:featuredmedia":[{"embeddable":true,"href":"https:\/\/pesu24.ee\/en\/wp-json\/wp\/v2\/media\/16323"}],"wp:attachment":[{"href":"https:\/\/pesu24.ee\/en\/wp-json\/wp\/v2\/media?parent=16151"}],"wp:term":[{"taxonomy":"product_brand","embeddable":true,"href":"https:\/\/pesu24.ee\/en\/wp-json\/wp\/v2\/product_brand?post=16151"},{"taxonomy":"product_cat","embeddable":true,"href":"https:\/\/pesu24.ee\/en\/wp-json\/wp\/v2\/product_cat?post=16151"},{"taxonomy":"product_tag","embeddable":true,"href":"https:\/\/pesu24.ee\/en\/wp-json\/wp\/v2\/product_tag?post=16151"}],"curies":[{"name":"wp","href":"https:\/\/api.w.org\/{rel}","templated":true}]}}