{"id":16168,"date":"2025-08-18T19:25:04","date_gmt":"2025-08-18T16:25:04","guid":{"rendered":"https:\/\/pesu24.ee\/?post_type=product&#038;p=16168"},"modified":"2025-08-20T14:54:47","modified_gmt":"2025-08-20T11:54:47","slug":"kehasukk-obsessive-g325","status":"publish","type":"product","link":"https:\/\/pesu24.ee\/en\/kehasukad\/kehasukk-obsessive-g325\/","title":{"rendered":"Kehasukk Obsessive G325"},"content":{"rendered":"<p>R\u00f5\u00f5mustage oma partnerit Obsessive G325 kehasukaga, mis on loodud naudingute jaoks. Tootel on \u00f5rn ja sensuaalne l\u00f5ige, mis sobib ideaalselt omavaheliseks kuumaks \u00f5htuks. Seksikas dekoltee ees ja taga on suurep\u00e4rane stiimul ulakate m\u00e4ngude jaoks magamistoas ning avatud l\u00f5ige v\u00f5imaldab veelgi rohkem katsetusi.<\/p>\n<p><strong><span style=\"color: #008000;\">KOMPLEKT SISALDAB:<\/span><\/strong><\/p>\n<ul>\n<li>kehasukk<\/li>\n<\/ul>\n<p><span style=\"color: #008000;\"><strong>OMADUSED<\/strong><\/span><\/p>\n<ul>\n<li>v\u00f5rgutav kehasukk<\/li>\n<li>s\u00fcgav dekoltee ees &amp; taga<\/li>\n<li>seksikas paelad<\/li>\n<li>geomeeetrilised kaunistused taljel ja reitel<\/li>\n<li>avatud jalgevahe<\/li>\n<li>mugav &amp; elastne kangas (90% nailon, 10% elastaan)<\/li>\n<\/ul>","protected":false},"excerpt":{"rendered":"<p>&#46;&#46;&#46;<\/p>","protected":false},"featured_media":16338,"comment_status":"open","ping_status":"closed","template":"","meta":{"_glsr_average":0,"_glsr_ranking":0,"_glsr_reviews":0},"product_brand":[500],"product_cat":[103],"product_tag":[160],"class_list":{"0":"post-16168","1":"product","2":"type-product","3":"status-publish","4":"has-post-thumbnail","6":"product_brand-obsessive","7":"product_cat-kehasukad","8":"product_tag-obsessive","9":"pa_suurus-universaalsuurus","10":"pa_varvus-must","12":"first","13":"instock","14":"sold-individually","15":"taxable","16":"shipping-taxable","17":"purchasable","18":"product-type-simple"},"_links":{"self":[{"href":"https:\/\/pesu24.ee\/en\/wp-json\/wp\/v2\/product\/16168","targetHints":{"allow":["GET"]}}],"collection":[{"href":"https:\/\/pesu24.ee\/en\/wp-json\/wp\/v2\/product"}],"about":[{"href":"https:\/\/pesu24.ee\/en\/wp-json\/wp\/v2\/types\/product"}],"replies":[{"embeddable":true,"href":"https:\/\/pesu24.ee\/en\/wp-json\/wp\/v2\/comments?post=16168"}],"wp:featuredmedia":[{"embeddable":true,"href":"https:\/\/pesu24.ee\/en\/wp-json\/wp\/v2\/media\/16338"}],"wp:attachment":[{"href":"https:\/\/pesu24.ee\/en\/wp-json\/wp\/v2\/media?parent=16168"}],"wp:term":[{"taxonomy":"product_brand","embeddable":true,"href":"https:\/\/pesu24.ee\/en\/wp-json\/wp\/v2\/product_brand?post=16168"},{"taxonomy":"product_cat","embeddable":true,"href":"https:\/\/pesu24.ee\/en\/wp-json\/wp\/v2\/product_cat?post=16168"},{"taxonomy":"product_tag","embeddable":true,"href":"https:\/\/pesu24.ee\/en\/wp-json\/wp\/v2\/product_tag?post=16168"}],"curies":[{"name":"wp","href":"https:\/\/api.w.org\/{rel}","templated":true}]}}