{"id":16170,"date":"2025-08-18T19:25:04","date_gmt":"2025-08-18T16:25:04","guid":{"rendered":"https:\/\/pesu24.ee\/?post_type=product&#038;p=16170"},"modified":"2025-08-21T16:39:51","modified_gmt":"2025-08-21T13:39:51","slug":"kehasukk-obsessive-g328","status":"publish","type":"product","link":"https:\/\/pesu24.ee\/en\/kehasukad\/kehasukk-obsessive-g328\/","title":{"rendered":"Kehasukk Obsessive G328"},"content":{"rendered":"<p>Kas teil on tuju ulakate naudingute jaoks kahele? Kauni Obsessiva G328 kehasukaga muutuvad kuumad \u00f5htud v\u00fcrtsikateks hetkedeks koos imelise finaaliga koidikul.<\/p>\n<p>Meeldiv kudum m\u00e4hib teie keha endasse, andes teile uskumatult sensuaalse ja naiseliku v\u00e4limuse ning ahvatlev l\u00f5ige julgustab magamistoas l\u00f5busalt aega veetma.<\/p>\n<p><strong><span style=\"color: #008000;\">KOMPLEKT SISALDAB:<\/span><\/strong><\/p>\n<ul>\n<li>kehasukk<\/li>\n<\/ul>\n<p><span style=\"color: #008000;\"><strong>OMADUSED<\/strong><\/span><\/p>\n<ul>\n<li>must kehasukk<\/li>\n<li>V-kujuga kaelus<\/li>\n<li>v\u00e4ljal\u00f5iked<\/li>\n<li>avatud jalgevahe<\/li>\n<li>universaal suurus &#8211; S\/M\/L<\/li>\n<li>mugav &amp; elastne kangas (90% nailon, 10% elastaan)<\/li>\n<\/ul>","protected":false},"excerpt":{"rendered":"<p>&#46;&#46;&#46;<\/p>","protected":false},"featured_media":16353,"comment_status":"open","ping_status":"closed","template":"","meta":{"_glsr_average":0,"_glsr_ranking":0,"_glsr_reviews":0},"product_brand":[500],"product_cat":[103],"product_tag":[160],"class_list":{"0":"post-16170","1":"product","2":"type-product","3":"status-publish","4":"has-post-thumbnail","6":"product_brand-obsessive","7":"product_cat-kehasukad","8":"product_tag-obsessive","9":"pa_suurus-universaalsuurus","10":"pa_varvus-must","12":"first","13":"instock","14":"sold-individually","15":"taxable","16":"shipping-taxable","17":"purchasable","18":"product-type-simple"},"_links":{"self":[{"href":"https:\/\/pesu24.ee\/en\/wp-json\/wp\/v2\/product\/16170","targetHints":{"allow":["GET"]}}],"collection":[{"href":"https:\/\/pesu24.ee\/en\/wp-json\/wp\/v2\/product"}],"about":[{"href":"https:\/\/pesu24.ee\/en\/wp-json\/wp\/v2\/types\/product"}],"replies":[{"embeddable":true,"href":"https:\/\/pesu24.ee\/en\/wp-json\/wp\/v2\/comments?post=16170"}],"wp:featuredmedia":[{"embeddable":true,"href":"https:\/\/pesu24.ee\/en\/wp-json\/wp\/v2\/media\/16353"}],"wp:attachment":[{"href":"https:\/\/pesu24.ee\/en\/wp-json\/wp\/v2\/media?parent=16170"}],"wp:term":[{"taxonomy":"product_brand","embeddable":true,"href":"https:\/\/pesu24.ee\/en\/wp-json\/wp\/v2\/product_brand?post=16170"},{"taxonomy":"product_cat","embeddable":true,"href":"https:\/\/pesu24.ee\/en\/wp-json\/wp\/v2\/product_cat?post=16170"},{"taxonomy":"product_tag","embeddable":true,"href":"https:\/\/pesu24.ee\/en\/wp-json\/wp\/v2\/product_tag?post=16170"}],"curies":[{"name":"wp","href":"https:\/\/api.w.org\/{rel}","templated":true}]}}